{"id":697685,"date":"2025-08-27T14:41:20","date_gmt":"2025-08-27T11:41:20","guid":{"rendered":"https:\/\/roveyayinevi.com.tr\/index.php\/urun\/anne-dersim-bitmedi-ben-cocukken-3\/"},"modified":"2026-04-16T02:07:19","modified_gmt":"2026-04-15T23:07:19","slug":"anne-dersim-bitmedi-ben-cocukken-3","status":"publish","type":"product","link":"https:\/\/roveyayinevi.com.tr\/index.php\/urun\/anne-dersim-bitmedi-ben-cocukken-3\/","title":{"rendered":"Anne Dersim Bitmedi Ben \u00c7ocukken 3"},"content":{"rendered":"<p>Okulda faaliyet kollar\u0131n\u0131n se\u00e7imleri ne e\u011flencelidir de\u011fil mi&#8230; Kitapl\u0131k kolunda g\u00f6rev almak isteyen \u00e7ocu\u011fun heyecan\u0131n\u0131 pek \u00e7o\u011funuz ya\u015fam\u0131\u015fs\u0131n\u0131zd\u0131r. Peki, bir at\u0131n dostlu\u011funu, sava\u015f y\u0131llar\u0131n\u0131n yoklu\u011funa ra\u011fmen b\u00fcy\u00fcyen ya\u015fam sevincini ya da karde\u015finizle ayn\u0131 okula gitme co\u015fkusunu ya\u015fad\u0131n\u0131z m\u0131?  Muzaffer \u0130zg\u00fc&#8217;n\u00fcn kendi an\u0131lar\u0131ndan olu\u015fturdu\u011fu Ben \u00c7ocukken dizisinin \u00fc\u00e7\u00fcnc\u00fc kitab\u0131: Anne Dersim Bitmedi.<\/p>\n","protected":false},"excerpt":{"rendered":"<p>Okulda faaliyet kollar\u0131n\u0131n se\u00e7imleri ne e\u011flencelidir de\u011fil mi&#8230; Kitapl\u0131k kolunda g\u00f6rev almak isteyen \u00e7ocu\u011fun heyecan\u0131n\u0131 pek \u00e7o\u011funuz ya\u015fam\u0131\u015fs\u0131n\u0131zd\u0131r. Peki, bir at\u0131n dostlu\u011funu, sava\u015f y\u0131llar\u0131n\u0131n yoklu\u011funa ra\u011fmen<span class=\"excerpt-hellip\"> [\u2026]<\/span><\/p>\n","protected":false},"featured_media":0,"template":"","meta":{"_monsterinsights_skip_tracking":false,"_monsterinsights_sitenote_active":false,"_monsterinsights_sitenote_note":"","_monsterinsights_sitenote_category":0},"product_brand":[],"product_cat":[12275,12274],"product_tag":[],"class_list":{"0":"post-697685","1":"product","2":"type-product","3":"status-publish","5":"product_cat-6-12-yas-kitaplari","6":"product_cat-cocuk-ve-genclik-kitaplari","7":"pa_cilt-ciltsiz","8":"pa_tur-kitap","9":"pa_yayinevi-bilgi-yayinevi-cocuk","10":"pa_yazar-muzaffer-izgu","12":"first","13":"instock","14":"sale","15":"shipping-taxable","16":"purchasable","17":"product-type-simple"},"_links":{"self":[{"href":"https:\/\/roveyayinevi.com.tr\/index.php\/wp-json\/wp\/v2\/product\/697685","targetHints":{"allow":["GET"]}}],"collection":[{"href":"https:\/\/roveyayinevi.com.tr\/index.php\/wp-json\/wp\/v2\/product"}],"about":[{"href":"https:\/\/roveyayinevi.com.tr\/index.php\/wp-json\/wp\/v2\/types\/product"}],"wp:attachment":[{"href":"https:\/\/roveyayinevi.com.tr\/index.php\/wp-json\/wp\/v2\/media?parent=697685"}],"wp:term":[{"taxonomy":"product_brand","embeddable":true,"href":"https:\/\/roveyayinevi.com.tr\/index.php\/wp-json\/wp\/v2\/product_brand?post=697685"},{"taxonomy":"product_cat","embeddable":true,"href":"https:\/\/roveyayinevi.com.tr\/index.php\/wp-json\/wp\/v2\/product_cat?post=697685"},{"taxonomy":"product_tag","embeddable":true,"href":"https:\/\/roveyayinevi.com.tr\/index.php\/wp-json\/wp\/v2\/product_tag?post=697685"}],"curies":[{"name":"wp","href":"https:\/\/api.w.org\/{rel}","templated":true}]}}