{"id":697684,"date":"2025-08-27T14:41:20","date_gmt":"2025-08-27T11:41:20","guid":{"rendered":"https:\/\/roveyayinevi.com.tr\/index.php\/urun\/kirik-ayna\/"},"modified":"2026-02-23T10:48:08","modified_gmt":"2026-02-23T07:48:08","slug":"kirik-ayna","status":"publish","type":"product","link":"https:\/\/roveyayinevi.com.tr\/index.php\/urun\/kirik-ayna\/","title":{"rendered":"K\u0131r\u0131k Ayna"},"content":{"rendered":"<p>A\u015f\u0131\u011f\u0131n d\u00fcnyas\u0131, tufan d\u00fcnyas\u0131  Gerek bu tufandan ge\u00e7ebilesin \u0130lk a\u015fk\u0131n kadehi-zehir kasesi, Gerek of demeden i\u00e7e bilesin. &#8230;Diyen Hamid Arzulu; duygu y\u00fckl\u00fc d\u00fcnyas\u0131n\u0131 yans\u0131tmaktad\u0131r. Bu eser hazin bir a\u015fk hikayesidir, sevmek hem de her \u015feyini feda edercesine sevmek&#8230; kavu\u015fman\u0131n imkans\u0131z oldu\u011fu bu a\u015fkta, Nurid \u00f6\u011fretmen, sabr\u0131 ve sevgisinin g\u00fcc\u00fcyle Nergiz&#8217;in m\u00fch\u00fcrl\u00fc kalbini yum\u015fat\u0131yor, nihayetinde Nergiz&#8217;in amans\u0131z hastal\u0131\u011f\u0131na ra\u011fmen sevdal\u0131lar kavu\u015fuyor \u00fcstelik her \u015feye herkese ra\u011fmen, \u00f6l\u00fcm onlar\u0131 ay\u0131rana dek&#8230; Ve ayn\u0131 kavu\u015fman\u0131n heyecan\u0131n\u0131 ya\u015famay\u0131 bekleyen biri daha vard\u0131r; Jale, o fedakar o g\u00fczeller g\u00fczeli a\u015f\u0131k&#8230; \u0130\u015fte elinizdeki eser Nurid&#8217;in Nergiz&#8217;e Jale&#8217;nin Nurid&#8217;e olan a\u015fk\u0131n\u0131, kavu\u015fmalar\u0131, \u00f6l\u00fcmle gelen y\u0131k\u0131c\u0131 ayr\u0131l\u0131\u011f\u0131, umutlar\u0131, k\u0131sacas\u0131; bu a\u015fk \u00fc\u00e7geninde ki tufanlar\u0131 anlatmaktad\u0131r. Bu eser ile Hamid Arzulu&#8217;nun dil kullan\u0131m\u0131, canl\u0131 betimlemeleri ve yans\u0131tt\u0131\u011f\u0131 duygular\u0131n derinli\u011fiyle dayan\u0131lmaz bir \u015fekilde a\u015fk\u0131n doruklar\u0131nda dola\u015facaks\u0131n\u0131z. <\/p>\n","protected":false},"excerpt":{"rendered":"<p>A\u015f\u0131\u011f\u0131n d\u00fcnyas\u0131, tufan d\u00fcnyas\u0131 Gerek bu tufandan ge\u00e7ebilesin \u0130lk a\u015fk\u0131n kadehi-zehir kasesi, Gerek of demeden i\u00e7e bilesin. &#8230;Diyen Hamid Arzulu; duygu y\u00fckl\u00fc d\u00fcnyas\u0131n\u0131 yans\u0131tmaktad\u0131r. Bu eser<span class=\"excerpt-hellip\"> [\u2026]<\/span><\/p>\n","protected":false},"featured_media":0,"template":"","meta":{"_monsterinsights_skip_tracking":false,"_monsterinsights_sitenote_active":false,"_monsterinsights_sitenote_note":"","_monsterinsights_sitenote_category":0},"product_brand":[],"product_cat":[12291,12711],"product_tag":[],"class_list":{"0":"post-697684","1":"product","2":"type-product","3":"status-publish","5":"product_cat-edebiyat","6":"product_cat-roman-oyku","7":"pa_cilt-ciltsiz","8":"pa_tur-kitap","9":"pa_yayinevi-edge-akademi","10":"pa_yazar-hamid-arzulu","12":"first","13":"instock","14":"sale","15":"shipping-taxable","16":"purchasable","17":"product-type-simple"},"_links":{"self":[{"href":"https:\/\/roveyayinevi.com.tr\/index.php\/wp-json\/wp\/v2\/product\/697684","targetHints":{"allow":["GET"]}}],"collection":[{"href":"https:\/\/roveyayinevi.com.tr\/index.php\/wp-json\/wp\/v2\/product"}],"about":[{"href":"https:\/\/roveyayinevi.com.tr\/index.php\/wp-json\/wp\/v2\/types\/product"}],"wp:attachment":[{"href":"https:\/\/roveyayinevi.com.tr\/index.php\/wp-json\/wp\/v2\/media?parent=697684"}],"wp:term":[{"taxonomy":"product_brand","embeddable":true,"href":"https:\/\/roveyayinevi.com.tr\/index.php\/wp-json\/wp\/v2\/product_brand?post=697684"},{"taxonomy":"product_cat","embeddable":true,"href":"https:\/\/roveyayinevi.com.tr\/index.php\/wp-json\/wp\/v2\/product_cat?post=697684"},{"taxonomy":"product_tag","embeddable":true,"href":"https:\/\/roveyayinevi.com.tr\/index.php\/wp-json\/wp\/v2\/product_tag?post=697684"}],"curies":[{"name":"wp","href":"https:\/\/api.w.org\/{rel}","templated":true}]}}