{"id":697680,"date":"2025-08-27T14:41:19","date_gmt":"2025-08-27T11:41:19","guid":{"rendered":"https:\/\/roveyayinevi.com.tr\/index.php\/urun\/kizgin-yanardaglar\/"},"modified":"2026-04-16T02:07:19","modified_gmt":"2026-04-15T23:07:19","slug":"kizgin-yanardaglar","status":"publish","type":"product","link":"https:\/\/roveyayinevi.com.tr\/index.php\/urun\/kizgin-yanardaglar\/","title":{"rendered":"K\u0131zg\u0131n Yanarda\u011flar"},"content":{"rendered":"<p>Co\u011frafya can\u0131n\u0131 m\u0131 s\u0131k\u0131yor? Berbat haritalardan, koku\u015fmu\u015f ta\u015f y\u0131\u011f\u0131nlar\u0131ndan, i\u015fe yaramaz grafiklerden b\u0131k\u0131p usand\u0131n m\u0131? \u00d6yleyse bu kitap tam sana g\u00f6re! \ufffcTan\u0131t\u0131m Metni<\/p>\n","protected":false},"excerpt":{"rendered":"<p>Co\u011frafya can\u0131n\u0131 m\u0131 s\u0131k\u0131yor? Berbat haritalardan, koku\u015fmu\u015f ta\u015f y\u0131\u011f\u0131nlar\u0131ndan, i\u015fe yaramaz grafiklerden b\u0131k\u0131p usand\u0131n m\u0131? \u00d6yleyse bu kitap tam sana g\u00f6re! \ufffcTan\u0131t\u0131m Metni<\/p>\n","protected":false},"featured_media":0,"template":"","meta":{"_monsterinsights_skip_tracking":false,"_monsterinsights_sitenote_active":false,"_monsterinsights_sitenote_note":"","_monsterinsights_sitenote_category":0},"product_brand":[],"product_cat":[12492,12274],"product_tag":[],"class_list":{"0":"post-697680","1":"product","2":"type-product","3":"status-publish","5":"product_cat-bilmece-bulmaca","6":"product_cat-cocuk-ve-genclik-kitaplari","7":"pa_cilt-ciltsiz","8":"pa_tur-kitap","9":"pa_yayinevi-eglenceli-bilgi-yayinlari","10":"pa_yazar-anita-ganeri","12":"first","13":"instock","14":"sale","15":"shipping-taxable","16":"purchasable","17":"product-type-simple"},"_links":{"self":[{"href":"https:\/\/roveyayinevi.com.tr\/index.php\/wp-json\/wp\/v2\/product\/697680","targetHints":{"allow":["GET"]}}],"collection":[{"href":"https:\/\/roveyayinevi.com.tr\/index.php\/wp-json\/wp\/v2\/product"}],"about":[{"href":"https:\/\/roveyayinevi.com.tr\/index.php\/wp-json\/wp\/v2\/types\/product"}],"wp:attachment":[{"href":"https:\/\/roveyayinevi.com.tr\/index.php\/wp-json\/wp\/v2\/media?parent=697680"}],"wp:term":[{"taxonomy":"product_brand","embeddable":true,"href":"https:\/\/roveyayinevi.com.tr\/index.php\/wp-json\/wp\/v2\/product_brand?post=697680"},{"taxonomy":"product_cat","embeddable":true,"href":"https:\/\/roveyayinevi.com.tr\/index.php\/wp-json\/wp\/v2\/product_cat?post=697680"},{"taxonomy":"product_tag","embeddable":true,"href":"https:\/\/roveyayinevi.com.tr\/index.php\/wp-json\/wp\/v2\/product_tag?post=697680"}],"curies":[{"name":"wp","href":"https:\/\/api.w.org\/{rel}","templated":true}]}}