{"id":697678,"date":"2025-08-27T14:41:18","date_gmt":"2025-08-27T11:41:18","guid":{"rendered":"https:\/\/roveyayinevi.com.tr\/index.php\/urun\/2-mesrutiyet-donemi-tarih-ogretimi\/"},"modified":"2026-04-16T02:07:19","modified_gmt":"2026-04-15T23:07:19","slug":"2-mesrutiyet-donemi-tarih-ogretimi","status":"publish","type":"product","link":"https:\/\/roveyayinevi.com.tr\/index.php\/urun\/2-mesrutiyet-donemi-tarih-ogretimi\/","title":{"rendered":"2. Me\u015frutiyet D\u00f6nemi Tarih \u00d6\u011fretimi"},"content":{"rendered":"<p>\u00c7ok \u00f6nemli geli\u015fmelerin ya\u015fad\u0131\u011f\u0131 bir d\u00f6nemdir. \u00d6zellikle e\u011fitim ve fikir tart\u0131\u015fmalar\u0131 alan\u0131nda ileri ad\u0131mlar at\u0131lm\u0131\u015ft\u0131r. Bu d\u00f6nem T\u00fcrk ayd\u0131n\u0131 hemen hemen her konuda fikri tart\u0131\u015fmalaryapm\u0131\u015ft\u0131r. \ufffcTan\u0131t\u0131m Metni<\/p>\n","protected":false},"excerpt":{"rendered":"<p>\u00c7ok \u00f6nemli geli\u015fmelerin ya\u015fad\u0131\u011f\u0131 bir d\u00f6nemdir. \u00d6zellikle e\u011fitim ve fikir tart\u0131\u015fmalar\u0131 alan\u0131nda ileri ad\u0131mlar at\u0131lm\u0131\u015ft\u0131r. Bu d\u00f6nem T\u00fcrk ayd\u0131n\u0131 hemen hemen her konuda fikri tart\u0131\u015fmalaryapm\u0131\u015ft\u0131r. \ufffcTan\u0131t\u0131m<span class=\"excerpt-hellip\"> [\u2026]<\/span><\/p>\n","protected":false},"featured_media":0,"template":"","meta":{"_monsterinsights_skip_tracking":false,"_monsterinsights_sitenote_active":false,"_monsterinsights_sitenote_note":"","_monsterinsights_sitenote_category":0},"product_brand":[],"product_cat":[12573,12566],"product_tag":[],"class_list":{"0":"post-697678","1":"product","2":"type-product","3":"status-publish","5":"product_cat-akademik-kitaplar","6":"product_cat-egitim","7":"pa_cilt-ciltsiz","8":"pa_tur-kitap","9":"pa_yayinevi-gazi-kitabevi","10":"pa_yazar-sahin-oruc","12":"first","13":"instock","14":"sale","15":"shipping-taxable","16":"purchasable","17":"product-type-simple"},"_links":{"self":[{"href":"https:\/\/roveyayinevi.com.tr\/index.php\/wp-json\/wp\/v2\/product\/697678","targetHints":{"allow":["GET"]}}],"collection":[{"href":"https:\/\/roveyayinevi.com.tr\/index.php\/wp-json\/wp\/v2\/product"}],"about":[{"href":"https:\/\/roveyayinevi.com.tr\/index.php\/wp-json\/wp\/v2\/types\/product"}],"wp:attachment":[{"href":"https:\/\/roveyayinevi.com.tr\/index.php\/wp-json\/wp\/v2\/media?parent=697678"}],"wp:term":[{"taxonomy":"product_brand","embeddable":true,"href":"https:\/\/roveyayinevi.com.tr\/index.php\/wp-json\/wp\/v2\/product_brand?post=697678"},{"taxonomy":"product_cat","embeddable":true,"href":"https:\/\/roveyayinevi.com.tr\/index.php\/wp-json\/wp\/v2\/product_cat?post=697678"},{"taxonomy":"product_tag","embeddable":true,"href":"https:\/\/roveyayinevi.com.tr\/index.php\/wp-json\/wp\/v2\/product_tag?post=697678"}],"curies":[{"name":"wp","href":"https:\/\/api.w.org\/{rel}","templated":true}]}}