{"id":697675,"date":"2025-08-27T14:41:18","date_gmt":"2025-08-27T11:41:18","guid":{"rendered":"https:\/\/roveyayinevi.com.tr\/index.php\/urun\/kavusma-piruze-ve-ogullari\/"},"modified":"2026-03-09T02:09:17","modified_gmt":"2026-03-08T23:09:17","slug":"kavusma-piruze-ve-ogullari","status":"publish","type":"product","link":"https:\/\/roveyayinevi.com.tr\/index.php\/urun\/kavusma-piruze-ve-ogullari\/","title":{"rendered":"Kavu\u015fma &#8211; Piruze ve O\u011fullar\u0131"},"content":{"rendered":"<p>Ayr\u0131l\u0131\u011fa direnen bir annenin ba\u011fr\u0131ndan kopup \u00e7a\u011flara meydan okuyan bir hasret t\u00fcrk\u00fcs\u00fc\u2026Piruze, masal gibi ba\u015flayan bir a\u015fk\u0131n ard\u0131ndan cehenneme d\u00f6nm\u00fc\u015f bir evlilikten geriye yaln\u0131zca k\u0131r\u0131k d\u00f6k\u00fck bir kalple ka\u00e7ar. Arkas\u0131nda \u00fc\u00e7 o\u011flu ve bir annenin parampar\u00e7a y\u00fcre\u011fi kal\u0131r. Y\u0131llarca s\u00fcren ayr\u0131l\u0131k hem bir \u00f6mr\u00fc hem de kalpleri yak\u0131p kavurur. Ama bir annenin dualar\u0131 g\u00f6klerin kap\u0131s\u0131n\u0131 \u00e7alar, bazen zaman\u0131n bile \u00e7\u00f6zemedi\u011fi d\u00fc\u011f\u00fcmleri \u00e7\u00f6zer. Kavu\u015fma, g\u00f6rkemli Do\u011fu saraylar\u0131ndan buz gibi yaln\u0131zl\u0131\u011fa, bir kad\u0131n\u0131n k\u00fcllerinden yeniden do\u011fu\u015funa ve y\u0131llar sonra evlatlar\u0131na kavu\u015fmas\u0131na uzanan ger\u00e7ek bir ya\u015fam hik\u00e2yesi\u2026 Bu eseri okurken g\u00f6zya\u015flar\u0131na, pi\u015fmanl\u0131klara ve yaral\u0131 kalplerin nas\u0131l yeniden ye\u015ferdi\u011fine tan\u0131k olmaya haz\u0131r olun. \u00c7\u00fcnk\u00fc baz\u0131 kavu\u015fmalar ayr\u0131l\u0131klardan bile uzun, ayr\u0131l\u0131klardan bile derindir\u2026 Ve her yar\u0131m kalp, bir g\u00fcn bir kavu\u015fmada tamamlan\u0131r\u2026 <\/p>\n","protected":false},"excerpt":{"rendered":"<p>Ayr\u0131l\u0131\u011fa direnen bir annenin ba\u011fr\u0131ndan kopup \u00e7a\u011flara meydan okuyan bir hasret t\u00fcrk\u00fcs\u00fc\u2026Piruze, masal gibi ba\u015flayan bir a\u015fk\u0131n ard\u0131ndan cehenneme d\u00f6nm\u00fc\u015f bir evlilikten geriye yaln\u0131zca k\u0131r\u0131k d\u00f6k\u00fck<span class=\"excerpt-hellip\"> [\u2026]<\/span><\/p>\n","protected":false},"featured_media":0,"template":"","meta":{"_monsterinsights_skip_tracking":false,"_monsterinsights_sitenote_active":false,"_monsterinsights_sitenote_note":"","_monsterinsights_sitenote_category":0},"product_brand":[],"product_cat":[12291,12711],"product_tag":[],"class_list":{"0":"post-697675","1":"product","2":"type-product","3":"status-publish","5":"product_cat-edebiyat","6":"product_cat-roman-oyku","7":"pa_cilt-ciltsiz","8":"pa_tur-kitap","9":"pa_yayinevi-alfa-yayinlari","10":"pa_yazar-sinan-akyuz","12":"first","13":"instock","14":"sale","15":"shipping-taxable","16":"purchasable","17":"product-type-simple"},"_links":{"self":[{"href":"https:\/\/roveyayinevi.com.tr\/index.php\/wp-json\/wp\/v2\/product\/697675","targetHints":{"allow":["GET"]}}],"collection":[{"href":"https:\/\/roveyayinevi.com.tr\/index.php\/wp-json\/wp\/v2\/product"}],"about":[{"href":"https:\/\/roveyayinevi.com.tr\/index.php\/wp-json\/wp\/v2\/types\/product"}],"wp:attachment":[{"href":"https:\/\/roveyayinevi.com.tr\/index.php\/wp-json\/wp\/v2\/media?parent=697675"}],"wp:term":[{"taxonomy":"product_brand","embeddable":true,"href":"https:\/\/roveyayinevi.com.tr\/index.php\/wp-json\/wp\/v2\/product_brand?post=697675"},{"taxonomy":"product_cat","embeddable":true,"href":"https:\/\/roveyayinevi.com.tr\/index.php\/wp-json\/wp\/v2\/product_cat?post=697675"},{"taxonomy":"product_tag","embeddable":true,"href":"https:\/\/roveyayinevi.com.tr\/index.php\/wp-json\/wp\/v2\/product_tag?post=697675"}],"curies":[{"name":"wp","href":"https:\/\/api.w.org\/{rel}","templated":true}]}}