{"id":697674,"date":"2025-08-27T14:41:17","date_gmt":"2025-08-27T11:41:17","guid":{"rendered":"https:\/\/roveyayinevi.com.tr\/index.php\/urun\/bandocu-cocuk-ben-cocukken-2\/"},"modified":"2026-04-16T02:07:19","modified_gmt":"2026-04-15T23:07:19","slug":"bandocu-cocuk-ben-cocukken-2","status":"publish","type":"product","link":"https:\/\/roveyayinevi.com.tr\/index.php\/urun\/bandocu-cocuk-ben-cocukken-2\/","title":{"rendered":"Bandocu \u00c7ocuk Ben \u00c7ocukken 2"},"content":{"rendered":"<p>Ben \u00e7ocukken dizisinin ikinci kitab\u0131 Bandocu \u00e7ocuk, muzaffer izg\u00fc\u2019n\u00fcn \u00e7ocukluk an\u0131lar\u0131ndan derledi\u011fi, birbirinden e\u011flenceli alt\u0131 \u00f6yk\u00fcden olu\u015fuyor. A\u00e7\u0131khava sinemas\u0131n\u0131n g\u00fczelli\u011fini bilen \u00e7ocuk var m\u0131 ya da bir bando tak\u0131m\u0131n\u0131 y\u00f6netmenin heyecan\u0131n\u0131?<\/p>\n","protected":false},"excerpt":{"rendered":"<p>Ben \u00e7ocukken dizisinin ikinci kitab\u0131 Bandocu \u00e7ocuk, muzaffer izg\u00fc\u2019n\u00fcn \u00e7ocukluk an\u0131lar\u0131ndan derledi\u011fi, birbirinden e\u011flenceli alt\u0131 \u00f6yk\u00fcden olu\u015fuyor. A\u00e7\u0131khava sinemas\u0131n\u0131n g\u00fczelli\u011fini bilen \u00e7ocuk var m\u0131 ya da<span class=\"excerpt-hellip\"> [\u2026]<\/span><\/p>\n","protected":false},"featured_media":0,"template":"","meta":{"_monsterinsights_skip_tracking":false,"_monsterinsights_sitenote_active":false,"_monsterinsights_sitenote_note":"","_monsterinsights_sitenote_category":0},"product_brand":[],"product_cat":[12274,12284],"product_tag":[],"class_list":{"0":"post-697674","1":"product","2":"type-product","3":"status-publish","5":"product_cat-cocuk-ve-genclik-kitaplari","6":"product_cat-hikayeler","7":"pa_cilt-ciltsiz","8":"pa_tur-kitap","9":"pa_yayinevi-bilgi-yayinevi-cocuk","10":"pa_yazar-muzaffer-izgu","12":"first","13":"instock","14":"sale","15":"shipping-taxable","16":"purchasable","17":"product-type-simple"},"_links":{"self":[{"href":"https:\/\/roveyayinevi.com.tr\/index.php\/wp-json\/wp\/v2\/product\/697674","targetHints":{"allow":["GET"]}}],"collection":[{"href":"https:\/\/roveyayinevi.com.tr\/index.php\/wp-json\/wp\/v2\/product"}],"about":[{"href":"https:\/\/roveyayinevi.com.tr\/index.php\/wp-json\/wp\/v2\/types\/product"}],"wp:attachment":[{"href":"https:\/\/roveyayinevi.com.tr\/index.php\/wp-json\/wp\/v2\/media?parent=697674"}],"wp:term":[{"taxonomy":"product_brand","embeddable":true,"href":"https:\/\/roveyayinevi.com.tr\/index.php\/wp-json\/wp\/v2\/product_brand?post=697674"},{"taxonomy":"product_cat","embeddable":true,"href":"https:\/\/roveyayinevi.com.tr\/index.php\/wp-json\/wp\/v2\/product_cat?post=697674"},{"taxonomy":"product_tag","embeddable":true,"href":"https:\/\/roveyayinevi.com.tr\/index.php\/wp-json\/wp\/v2\/product_tag?post=697674"}],"curies":[{"name":"wp","href":"https:\/\/api.w.org\/{rel}","templated":true}]}}