{"id":697665,"date":"2025-08-27T14:41:14","date_gmt":"2025-08-27T11:41:14","guid":{"rendered":"https:\/\/roveyayinevi.com.tr\/index.php\/urun\/huzunlu-sarkilar-sokagi\/"},"modified":"2026-01-29T02:12:52","modified_gmt":"2026-01-28T23:12:52","slug":"huzunlu-sarkilar-sokagi","status":"publish","type":"product","link":"https:\/\/roveyayinevi.com.tr\/index.php\/urun\/huzunlu-sarkilar-sokagi\/","title":{"rendered":"H\u00fcz\u00fcnl\u00fc \u015eark\u0131lar Soka\u011f\u0131"},"content":{"rendered":"<p>pazar g\u00fcn\u00fcnde bir sobahar\u0131n vurmu\u015fum kendimi serin s\u0131rt\u0131mda palto ba\u015f\u0131mda kasketim g\u00f6zlerimde \u0131\u015f\u0131klarla oyna\u015fan zarif dans\u0131 g\u00f6lgelerin kulaklar\u0131mda kederli na\u011fmeleri ayr\u0131l\u0131k \u015fark\u0131lar\u0131n\u0131n d\u00f6k\u00fclen yapraklarla savrulan \u00e7\u0131rp\u0131n\u0131\u015flar\u0131 gibi g\u00f6mle\u011fimin sessiz salm\u0131\u015f\u0131m r\u00fczg\u00e2r\u0131n asaletine yaln\u0131zl\u0131\u011f\u0131m\u0131 \u00e7aresiz koymu\u015fum cebime d\u00fc\u015flerini \u015fehrimin y\u00fcr\u00fcyorum ya\u015fam boyu bir ak\u015fam \u00fcst\u00fc h\u00fcz\u00fcnl\u00fc \u015fark\u0131lar soka\u011f\u0131nda her yan\u0131mdan t\u00fcten hasretiyle gen\u00e7li\u011fimin ve nereye gitti\u011fini hala bilmeden \u00f6mr\u00fcm\u00fcn <\/p>\n","protected":false},"excerpt":{"rendered":"<p>pazar g\u00fcn\u00fcnde bir sobahar\u0131n vurmu\u015fum kendimi serin s\u0131rt\u0131mda palto ba\u015f\u0131mda kasketim g\u00f6zlerimde \u0131\u015f\u0131klarla oyna\u015fan zarif dans\u0131 g\u00f6lgelerin kulaklar\u0131mda kederli na\u011fmeleri ayr\u0131l\u0131k \u015fark\u0131lar\u0131n\u0131n d\u00f6k\u00fclen yapraklarla savrulan \u00e7\u0131rp\u0131n\u0131\u015flar\u0131<span class=\"excerpt-hellip\"> [\u2026]<\/span><\/p>\n","protected":false},"featured_media":0,"template":"","meta":{"_monsterinsights_skip_tracking":false,"_monsterinsights_sitenote_active":false,"_monsterinsights_sitenote_note":"","_monsterinsights_sitenote_category":0},"product_brand":[],"product_cat":[12291,12711],"product_tag":[],"class_list":{"0":"post-697665","1":"product","2":"type-product","3":"status-publish","5":"product_cat-edebiyat","6":"product_cat-roman-oyku","7":"pa_cilt-ciltsiz","8":"pa_tur-kitap","9":"pa_yayinevi-utopya-yayinevi","10":"pa_yazar-alper-yalman","12":"first","13":"instock","14":"sale","15":"shipping-taxable","16":"purchasable","17":"product-type-simple"},"_links":{"self":[{"href":"https:\/\/roveyayinevi.com.tr\/index.php\/wp-json\/wp\/v2\/product\/697665","targetHints":{"allow":["GET"]}}],"collection":[{"href":"https:\/\/roveyayinevi.com.tr\/index.php\/wp-json\/wp\/v2\/product"}],"about":[{"href":"https:\/\/roveyayinevi.com.tr\/index.php\/wp-json\/wp\/v2\/types\/product"}],"wp:attachment":[{"href":"https:\/\/roveyayinevi.com.tr\/index.php\/wp-json\/wp\/v2\/media?parent=697665"}],"wp:term":[{"taxonomy":"product_brand","embeddable":true,"href":"https:\/\/roveyayinevi.com.tr\/index.php\/wp-json\/wp\/v2\/product_brand?post=697665"},{"taxonomy":"product_cat","embeddable":true,"href":"https:\/\/roveyayinevi.com.tr\/index.php\/wp-json\/wp\/v2\/product_cat?post=697665"},{"taxonomy":"product_tag","embeddable":true,"href":"https:\/\/roveyayinevi.com.tr\/index.php\/wp-json\/wp\/v2\/product_tag?post=697665"}],"curies":[{"name":"wp","href":"https:\/\/api.w.org\/{rel}","templated":true}]}}