{"id":697663,"date":"2025-08-27T14:41:14","date_gmt":"2025-08-27T11:41:14","guid":{"rendered":"https:\/\/roveyayinevi.com.tr\/index.php\/urun\/bati-poley-seruvenimiz\/"},"modified":"2026-01-29T02:12:52","modified_gmt":"2026-01-28T23:12:52","slug":"bati-poley-seruvenimiz","status":"publish","type":"product","link":"https:\/\/roveyayinevi.com.tr\/index.php\/urun\/bati-poley-seruvenimiz\/","title":{"rendered":"Bat\u0131 Poley Ser\u00fcvenimiz"},"content":{"rendered":"<p>Bat\u0131 Poley Ser\u00fcvenimiz, roman ve \u015fiirleriyle \u0130ngiliz edebiyat\u0131na damgas\u0131n\u0131 vurmu\u015f isimlerden biri olan Thomas Hardy\u2019nin k\u00fc\u00e7\u00fck ya\u015ftaki okurlara y\u00f6nelik olarak kaleme ald\u0131\u011f\u0131 tek yap\u0131t\u0131d\u0131r. Hardy, bu kitab\u0131nda, ele avuca s\u0131\u011fmayan iki \u00e7ocu\u011fun bir k\u0131r ortam\u0131nda ya\u015fad\u0131\u011f\u0131 ola\u011fan\u00fcst\u00fc ser\u00fcveni analitik bir kurguya dayand\u0131rarak anlat\u0131r. \u00c7ocuk edebiyat\u0131n\u0131n en g\u00fczel \u00f6rneklerinden biri olan Bat\u0131 Poley Ser\u00fcvenimiz asl\u0131nda her ya\u015ftan okurun ilgisini \u00e7ekecek \u00f6zellikler ta\u015f\u0131maktad\u0131r. <\/p>\n","protected":false},"excerpt":{"rendered":"<p>Bat\u0131 Poley Ser\u00fcvenimiz, roman ve \u015fiirleriyle \u0130ngiliz edebiyat\u0131na damgas\u0131n\u0131 vurmu\u015f isimlerden biri olan Thomas Hardy\u2019nin k\u00fc\u00e7\u00fck ya\u015ftaki okurlara y\u00f6nelik olarak kaleme ald\u0131\u011f\u0131 tek yap\u0131t\u0131d\u0131r. Hardy, bu<span class=\"excerpt-hellip\"> [\u2026]<\/span><\/p>\n","protected":false},"featured_media":0,"template":"","meta":{"_monsterinsights_skip_tracking":false,"_monsterinsights_sitenote_active":false,"_monsterinsights_sitenote_note":"","_monsterinsights_sitenote_category":0},"product_brand":[],"product_cat":[12275,12274],"product_tag":[],"class_list":{"0":"post-697663","1":"product","2":"type-product","3":"status-publish","5":"product_cat-6-12-yas-kitaplari","6":"product_cat-cocuk-ve-genclik-kitaplari","7":"pa_cilt-ciltsiz","8":"pa_tur-kitap","9":"pa_yayinevi-utopya-yayinevi","10":"pa_yazar-thomas-hardy","12":"first","13":"instock","14":"sale","15":"shipping-taxable","16":"purchasable","17":"product-type-simple"},"_links":{"self":[{"href":"https:\/\/roveyayinevi.com.tr\/index.php\/wp-json\/wp\/v2\/product\/697663","targetHints":{"allow":["GET"]}}],"collection":[{"href":"https:\/\/roveyayinevi.com.tr\/index.php\/wp-json\/wp\/v2\/product"}],"about":[{"href":"https:\/\/roveyayinevi.com.tr\/index.php\/wp-json\/wp\/v2\/types\/product"}],"wp:attachment":[{"href":"https:\/\/roveyayinevi.com.tr\/index.php\/wp-json\/wp\/v2\/media?parent=697663"}],"wp:term":[{"taxonomy":"product_brand","embeddable":true,"href":"https:\/\/roveyayinevi.com.tr\/index.php\/wp-json\/wp\/v2\/product_brand?post=697663"},{"taxonomy":"product_cat","embeddable":true,"href":"https:\/\/roveyayinevi.com.tr\/index.php\/wp-json\/wp\/v2\/product_cat?post=697663"},{"taxonomy":"product_tag","embeddable":true,"href":"https:\/\/roveyayinevi.com.tr\/index.php\/wp-json\/wp\/v2\/product_tag?post=697663"}],"curies":[{"name":"wp","href":"https:\/\/api.w.org\/{rel}","templated":true}]}}