{"id":697662,"date":"2025-08-27T14:41:13","date_gmt":"2025-08-27T11:41:13","guid":{"rendered":"https:\/\/roveyayinevi.com.tr\/index.php\/urun\/utopik-sosyalizmi-asmis-marksizm\/"},"modified":"2026-01-29T02:12:52","modified_gmt":"2026-01-28T23:12:52","slug":"utopik-sosyalizmi-asmis-marksizm","status":"publish","type":"product","link":"https:\/\/roveyayinevi.com.tr\/index.php\/urun\/utopik-sosyalizmi-asmis-marksizm\/","title":{"rendered":"\u00dctopik Sosyalizmi A\u015fm\u0131\u015f Marksizm"},"content":{"rendered":"<p>Sovyetler Birli\u011fi ve benzeri \u00fclkelerin tarih sahnesinden silinmesinden sonra, Marx&#8217;\u0131n sosyalizm anlay\u0131\u015f\u0131n\u0131 daha fazla \u00fctopik bulanlar\u0131n say\u0131s\u0131n\u0131n y\u00fckseldi\u011fini s\u00f6yleyebiliriz.Marx&#8217;\u0131n sosyalizm anlay\u0131\u015f\u0131 \u00fctopik de\u011fildir; \u00fctopik sosyalizmin ele\u015ftirisi \u00fczerine kurulmu\u015ftur. \u00dctopik olmayan Marx\u00e7\u0131 sosyalizmin \u00f6zelli\u011fi, materyalist ve ele\u015ftirel olmas\u0131d\u0131r. Gelecek toplum yap\u0131s\u0131n\u0131 d\u00fc\u015fsel resimlerle yaratmam\u0131\u015f olmas\u0131d\u0131r. \u00dctopik olmayan sosyalizm, maddi-ekonomik d\u00fcnyadan yola \u00e7\u0131karken; \u00fctopik sosyalizm hayal d\u00fcnyas\u0131ndan yola \u00e7\u0131kar.Bu \u00e7al\u0131\u015fma iki amaca hizmet etmek istiyor; iki ama\u00e7 birbiriyle ba\u011flant\u0131l\u0131d\u0131r.Birincisi, Marx-Engels&#8217;in \u00fctopik olmayan sosyalizmi hangi s\u00fcre\u00e7ten ge\u00e7erek ortaya \u00e7\u0131kard\u0131\u011f\u0131n\u0131 g\u00f6stermek. Dolay\u0131s\u0131yla Marx-Engels&#8217;in orijinal sosyalizm anlay\u0131\u015f\u0131n\u0131, bozulmu\u015f bi\u00e7imlerinden ay\u0131rmak.\u0130kincisi, Sovyet Marksizminin y\u0131k\u0131l\u0131\u015f\u0131n\u0131n daha fazla g\u00fcncelle\u015ftirdi\u011fi, &#8220;sosyalizmin bo\u015f bir \u00fctopya oldu\u011fu&#8221; d\u00fc\u015f\u00fcncesinin do\u011fru olmad\u0131\u011f\u0131na i\u015faret etmek. <\/p>\n","protected":false},"excerpt":{"rendered":"<p>Sovyetler Birli\u011fi ve benzeri \u00fclkelerin tarih sahnesinden silinmesinden sonra, Marx&#8217;\u0131n sosyalizm anlay\u0131\u015f\u0131n\u0131 daha fazla \u00fctopik bulanlar\u0131n say\u0131s\u0131n\u0131n y\u00fckseldi\u011fini s\u00f6yleyebiliriz.Marx&#8217;\u0131n sosyalizm anlay\u0131\u015f\u0131 \u00fctopik de\u011fildir; \u00fctopik sosyalizmin ele\u015ftirisi<span class=\"excerpt-hellip\"> [\u2026]<\/span><\/p>\n","protected":false},"featured_media":0,"template":"","meta":{"_monsterinsights_skip_tracking":false,"_monsterinsights_sitenote_active":false,"_monsterinsights_sitenote_note":"","_monsterinsights_sitenote_category":0},"product_brand":[],"product_cat":[12337,14543],"product_tag":[],"class_list":{"0":"post-697662","1":"product","2":"type-product","3":"status-publish","5":"product_cat-politika-siyaset","6":"product_cat-turkiye-siyaseti-ve-politikasi","7":"pa_cilt-ciltsiz","8":"pa_tur-kitap","9":"pa_yayinevi-utopya-yayinevi","10":"pa_yazar-mehmet-inanc-turan","12":"first","13":"instock","14":"sale","15":"shipping-taxable","16":"purchasable","17":"product-type-simple"},"_links":{"self":[{"href":"https:\/\/roveyayinevi.com.tr\/index.php\/wp-json\/wp\/v2\/product\/697662","targetHints":{"allow":["GET"]}}],"collection":[{"href":"https:\/\/roveyayinevi.com.tr\/index.php\/wp-json\/wp\/v2\/product"}],"about":[{"href":"https:\/\/roveyayinevi.com.tr\/index.php\/wp-json\/wp\/v2\/types\/product"}],"wp:attachment":[{"href":"https:\/\/roveyayinevi.com.tr\/index.php\/wp-json\/wp\/v2\/media?parent=697662"}],"wp:term":[{"taxonomy":"product_brand","embeddable":true,"href":"https:\/\/roveyayinevi.com.tr\/index.php\/wp-json\/wp\/v2\/product_brand?post=697662"},{"taxonomy":"product_cat","embeddable":true,"href":"https:\/\/roveyayinevi.com.tr\/index.php\/wp-json\/wp\/v2\/product_cat?post=697662"},{"taxonomy":"product_tag","embeddable":true,"href":"https:\/\/roveyayinevi.com.tr\/index.php\/wp-json\/wp\/v2\/product_tag?post=697662"}],"curies":[{"name":"wp","href":"https:\/\/api.w.org\/{rel}","templated":true}]}}