{"id":697659,"date":"2025-08-27T14:41:13","date_gmt":"2025-08-27T11:41:13","guid":{"rendered":"https:\/\/roveyayinevi.com.tr\/index.php\/urun\/simgeler-ve-akdenizin-kavramsal-dunyasi\/"},"modified":"2026-01-29T02:12:52","modified_gmt":"2026-01-28T23:12:52","slug":"simgeler-ve-akdenizin-kavramsal-dunyasi","status":"publish","type":"product","link":"https:\/\/roveyayinevi.com.tr\/index.php\/urun\/simgeler-ve-akdenizin-kavramsal-dunyasi\/","title":{"rendered":"Simgeler ve Akdeniz\u2019in Kavramsal D\u00fcnyas\u0131"},"content":{"rendered":"<p>Halil Akdeniz, \u00e7a\u011fda\u015f T\u00fcrk Sanat\u0131 alan\u0131nda eserleri ve ara\u015ft\u0131rma yaz\u0131lar\u0131yla tan\u0131n\u0131r. Bu kitap, Akdeniz&#8217;in bug\u00fcne kadarki sanatsal ser\u00fcveninin bir \u00f6zetini ve eserlerinin entelekt\u00fcel d\u00fczeyde olu\u015fum mant\u0131\u011f\u0131n\u0131 i\u00e7eren bir g\u00f6r\u00fc\u015fmeyi ve ard\u0131ndan felsefi a\u00e7\u0131dan bir de\u011ferlendirmeyi sanatseverlere sunmakta. \u00e7a\u011fda\u015f yorum ve kendi sanatsal \u00e7\u00f6z\u00fcmlerini \u00fcreten eserleriyle, ulusal ve uluslararas\u0131 sergi, bienal, trienal, sanat fuarlar\u0131, m\u00fcze sergilerinde ve koleksiyonlarda yer alan Akdeniz&#8217;in, T\u00fcrk sanat\u0131 ve sanat\u00e7\u0131lar\u0131 \u00fczerine yay\u0131nlanm\u0131\u015f kitaplar\u0131 ve katalog yaz\u0131lar\u0131yla birlikte bilimsel yay\u0131n, ara\u015ft\u0131rma, bildiri ve makaleleri bulunmaktad\u0131r. <\/p>\n","protected":false},"excerpt":{"rendered":"<p>Halil Akdeniz, \u00e7a\u011fda\u015f T\u00fcrk Sanat\u0131 alan\u0131nda eserleri ve ara\u015ft\u0131rma yaz\u0131lar\u0131yla tan\u0131n\u0131r. Bu kitap, Akdeniz&#8217;in bug\u00fcne kadarki sanatsal ser\u00fcveninin bir \u00f6zetini ve eserlerinin entelekt\u00fcel d\u00fczeyde olu\u015fum mant\u0131\u011f\u0131n\u0131<span class=\"excerpt-hellip\"> [\u2026]<\/span><\/p>\n","protected":false},"featured_media":0,"template":"","meta":{"_monsterinsights_skip_tracking":false,"_monsterinsights_sitenote_active":false,"_monsterinsights_sitenote_note":"","_monsterinsights_sitenote_category":0},"product_brand":[],"product_cat":[16169,12408],"product_tag":[],"class_list":{"0":"post-697659","1":"product","2":"type-product","3":"status-publish","5":"product_cat-geleneksel-sanatlar","6":"product_cat-sanat","7":"pa_cilt-ciltsiz","8":"pa_tur-kitap","9":"pa_yayinevi-utopya-yayinevi","10":"pa_yazar-halil-akdeniz","12":"first","13":"instock","14":"sale","15":"shipping-taxable","16":"purchasable","17":"product-type-simple"},"_links":{"self":[{"href":"https:\/\/roveyayinevi.com.tr\/index.php\/wp-json\/wp\/v2\/product\/697659","targetHints":{"allow":["GET"]}}],"collection":[{"href":"https:\/\/roveyayinevi.com.tr\/index.php\/wp-json\/wp\/v2\/product"}],"about":[{"href":"https:\/\/roveyayinevi.com.tr\/index.php\/wp-json\/wp\/v2\/types\/product"}],"wp:attachment":[{"href":"https:\/\/roveyayinevi.com.tr\/index.php\/wp-json\/wp\/v2\/media?parent=697659"}],"wp:term":[{"taxonomy":"product_brand","embeddable":true,"href":"https:\/\/roveyayinevi.com.tr\/index.php\/wp-json\/wp\/v2\/product_brand?post=697659"},{"taxonomy":"product_cat","embeddable":true,"href":"https:\/\/roveyayinevi.com.tr\/index.php\/wp-json\/wp\/v2\/product_cat?post=697659"},{"taxonomy":"product_tag","embeddable":true,"href":"https:\/\/roveyayinevi.com.tr\/index.php\/wp-json\/wp\/v2\/product_tag?post=697659"}],"curies":[{"name":"wp","href":"https:\/\/api.w.org\/{rel}","templated":true}]}}