{"id":697656,"date":"2025-08-27T14:41:12","date_gmt":"2025-08-27T11:41:12","guid":{"rendered":"https:\/\/roveyayinevi.com.tr\/index.php\/urun\/yabancilasma-ve\/"},"modified":"2026-01-29T02:12:52","modified_gmt":"2026-01-28T23:12:52","slug":"yabancilasma-ve","status":"publish","type":"product","link":"https:\/\/roveyayinevi.com.tr\/index.php\/urun\/yabancilasma-ve\/","title":{"rendered":"Yabanc\u0131la\u015fma ve&#8230;"},"content":{"rendered":"<p>Bu kitap, 1970\u2019li y\u0131llar\u0131n \u00e7ok tart\u0131\u015f\u0131lan konusu \u2018yabanc\u0131la\u015fma\u2019y\u0131, ve onun \u00fcstesinden gelme ko\u015fullar\u0131n\u0131, fazlas\u0131yla ihtiya\u00e7 duydu\u011fumuz \u015fu g\u00fcnlerde, k\u00fcreselle\u015fme ve  Yeni D\u00fcnya D\u00fczen(sizli\u011f)i  ko\u015fullar\u0131nda tart\u0131\u015fma alan\u0131na sokmay\u0131 hedefliyor. Bunun i\u00e7in ise \u00f6ncelikle soruna kuramsal bir yakla\u015f\u0131m sergilenmekte. \u0130lk bask\u0131s\u0131 1999\u2019da yap\u0131lan, yazarlar\u0131 oldu\u011fumuz \u2018Yabanc\u0131la\u015fma\u2019 adl\u0131 yap\u0131t\u0131n yan\u0131 s\u0131ra, George M\u00e1rkus\u2019un daha \u00f6nce T\u00fcrk\u00e7e\u2019de yay\u0131nlanmam\u0131\u015f \u00f6nemli bir yap\u0131t\u0131,  Marx\u2019\u0131n Felsefesinde \u2018\u0130nsan\u0131n \u00d6z\u00fc\u2019 Kavram\u0131: Marksizm ve Antropoloji  bu kuramsal \u00e7er\u00e7eveyi olu\u015fturuyor. \u0130kinci b\u00f6l\u00fcmde, yabanc\u0131la\u015fman\u0131n, kapitalizme ili\u015fkin olan iktisad\u00ee-siyasal \u00e7er\u00e7evesi, T\u00fcrkiye ba\u011flam\u0131nda ele al\u0131n\u0131yor. Bu b\u00f6l\u00fcmde  ayd\u0131n  tart\u0131\u015fmalar\u0131 a\u011f\u0131rl\u0131kl\u0131 bir yer tutmakta. \u00dc\u00e7\u00fcnc\u00fc b\u00f6l\u00fcmdeyse, y\u00fckselen milliyet\u00e7i hezeyan ortam\u0131nda futboldan  Pops(a)tar  furyas\u0131na, T\u00fcrkiye\u2019den  \u00e7\u00fcr\u00fcme ve cinnet kareleri  sunuluyor. Ya\u015fananlara, ya\u015fad\u0131klar\u0131m\u0131za ele\u015ftirelli\u011fi giderek yitirirken, k\u00fcresel \u00f6l\u00e7ekte iktisad\u00ee, siyasal, insan\u00ee ve \u00e7evresel a\u00e7mazlara s\u00fcr\u00fcklendi\u011fimiz  YDD  ko\u015fullar\u0131nda g\u00fcndelik hayat\u0131n ele\u015ftirisi, bu a\u00e7mazlara kar\u015f\u0131 duracak insan\u00ee kararl\u0131l\u0131\u011f\u0131 bi\u00e7imlendirmede b\u00fcy\u00fck \u00f6nem ta\u015f\u0131yor. <\/p>\n","protected":false},"excerpt":{"rendered":"<p>Bu kitap, 1970\u2019li y\u0131llar\u0131n \u00e7ok tart\u0131\u015f\u0131lan konusu \u2018yabanc\u0131la\u015fma\u2019y\u0131, ve onun \u00fcstesinden gelme ko\u015fullar\u0131n\u0131, fazlas\u0131yla ihtiya\u00e7 duydu\u011fumuz \u015fu g\u00fcnlerde, k\u00fcreselle\u015fme ve Yeni D\u00fcnya D\u00fczen(sizli\u011f)i ko\u015fullar\u0131nda tart\u0131\u015fma alan\u0131na<span class=\"excerpt-hellip\"> [\u2026]<\/span><\/p>\n","protected":false},"featured_media":0,"template":"","meta":{"_monsterinsights_skip_tracking":false,"_monsterinsights_sitenote_active":false,"_monsterinsights_sitenote_note":"","_monsterinsights_sitenote_category":0},"product_brand":[],"product_cat":[12835,12324],"product_tag":[],"class_list":{"0":"post-697656","1":"product","2":"type-product","3":"status-publish","5":"product_cat-genel-sosyoloji","6":"product_cat-sosyoloji","7":"pa_cilt-ciltsiz","8":"pa_tur-kitap","9":"pa_yayinevi-utopya-yayinevi","10":"pa_yazar-temel-demirer","12":"first","13":"instock","14":"sale","15":"shipping-taxable","16":"purchasable","17":"product-type-simple"},"_links":{"self":[{"href":"https:\/\/roveyayinevi.com.tr\/index.php\/wp-json\/wp\/v2\/product\/697656","targetHints":{"allow":["GET"]}}],"collection":[{"href":"https:\/\/roveyayinevi.com.tr\/index.php\/wp-json\/wp\/v2\/product"}],"about":[{"href":"https:\/\/roveyayinevi.com.tr\/index.php\/wp-json\/wp\/v2\/types\/product"}],"wp:attachment":[{"href":"https:\/\/roveyayinevi.com.tr\/index.php\/wp-json\/wp\/v2\/media?parent=697656"}],"wp:term":[{"taxonomy":"product_brand","embeddable":true,"href":"https:\/\/roveyayinevi.com.tr\/index.php\/wp-json\/wp\/v2\/product_brand?post=697656"},{"taxonomy":"product_cat","embeddable":true,"href":"https:\/\/roveyayinevi.com.tr\/index.php\/wp-json\/wp\/v2\/product_cat?post=697656"},{"taxonomy":"product_tag","embeddable":true,"href":"https:\/\/roveyayinevi.com.tr\/index.php\/wp-json\/wp\/v2\/product_tag?post=697656"}],"curies":[{"name":"wp","href":"https:\/\/api.w.org\/{rel}","templated":true}]}}