{"id":697654,"date":"2025-08-27T14:41:11","date_gmt":"2025-08-27T11:41:11","guid":{"rendered":"https:\/\/roveyayinevi.com.tr\/index.php\/urun\/sanatin-gunceli-guncelin-sanati\/"},"modified":"2026-01-29T02:12:52","modified_gmt":"2026-01-28T23:12:52","slug":"sanatin-gunceli-guncelin-sanati","status":"publish","type":"product","link":"https:\/\/roveyayinevi.com.tr\/index.php\/urun\/sanatin-gunceli-guncelin-sanati\/","title":{"rendered":"Sanat\u0131n G\u00fcnceli G\u00fcncelin Sanat\u0131"},"content":{"rendered":"<p>Sanat\u0131n G\u00fcnceli G\u00fcncelin Sanat\u0131, 1980\u2019deki askeri darbeden g\u00fcn\u00fcm\u00fcze, T\u00fcrkiye ve d\u00fcnya sanat\u0131ndaki de\u011fi\u015fimleri ve ba\u015fl\u0131ca kavraml\u0131 tart\u0131\u015fan metinlerden olu\u015fuyor. Yeni liberalizm, sanat ortam\u0131n\u0131 nas\u0131l etkile\u015ftirmi\u015ftir? G\u00fcncel, \u00e7a\u011fda\u015f ve postmodern sanat kavramlar\u0131 i\u00e7erik olarak ayr\u0131 m\u0131, benzer mi, yoksa ayn\u0131 m\u0131d\u0131r? T\u00fcrkiye\u2019deki g\u00fcncel sanat\u00e7\u0131lar ne kadar g\u00fcnceldir? Ba\u015fl\u0131ca sanatsal olu\u015fumlar, gruplar nelerdir? Piyasa \u00d6ld\u00fcr\u00fcr m\u00fc, G\u00fcld\u00fcr\u00fcr m\u00fc? Sanat ve siyaset ili\u015fkide \u00f6zde nas\u0131ld\u0131r? Tarafs\u0131zl\u0131k m\u00fcmk\u00fcn m\u00fcd\u00fcr? Sanatta ulusal, etnik, s\u0131n\u0131fsal ya da demokratik bak\u0131\u015f kendini nas\u0131l g\u00f6stermektedir? Burjuvazi manevra ve de\u011fimle yetene\u011fini nas\u0131l korumu\u015ftur? K\u00fclt\u00fcr\u00fcn olu\u015fmas\u0131nda, m\u00fczeler nas\u0131l bir rol \u00fcstlenmi\u015ftir? \u00d6zg\u00fcn, kopya, taklit ve sahiplenme aras\u0131nda kesin s\u0131n\u0131rlar var m\u0131d\u0131r? Medya sanat\u0131 bir ortam m\u0131 yoksa yeni sanat t\u00fcrlerini kapsayan bir \u00fcst ba\u015fl\u0131k m\u0131d\u0131r? Ara\u00e7lar devrimci mi yoksa yaln\u0131zca sorun \u00e7\u00f6z\u00fcc\u00fc m\u00fcd\u00fcr? Sanatta \u015fiddetin s\u0131n\u0131r\u0131 nereye kadard\u0131r? Sanat\u00e7\u0131lar\u0131n felsefeyle ili\u015fkileri hangi boyuttad\u0131r? \u00c7a\u011fda\u015f soytar\u0131lar m\u0131d\u0131r? 1980 \u00f6ncesine kadar burjuvazi modernizme sahip \u00e7\u0131karken, Marksistlerin \u00e7o\u011fu sald\u0131r\u0131yordu; \u015fimdiki tam tersi yakla\u015f\u0131m\u0131n gerek\u00e7esi nedir? Ger\u00e7ek\u00e7i e\u011filimlerin, modern ve postmodern sanattaki yeri nedir? Ger\u00e7ek\u00e7ilik neden yeniden y\u00fckseltilmi\u015ftir? Bu kitap, tarihsel saptama ya da g\u00fcncel yan\u0131tlar\u0131 bir araya getirmekle yetinmiyor; ayn\u0131 zamanda, okuru tart\u0131\u015fman\u0131n i\u00e7ine \u00e7ekmeye, soru sormaya ve kendi yan\u0131tlar\u0131n\u0131 bulmaya \u00e7a\u011f\u0131r\u0131yor. <\/p>\n","protected":false},"excerpt":{"rendered":"<p>Sanat\u0131n G\u00fcnceli G\u00fcncelin Sanat\u0131, 1980\u2019deki askeri darbeden g\u00fcn\u00fcm\u00fcze, T\u00fcrkiye ve d\u00fcnya sanat\u0131ndaki de\u011fi\u015fimleri ve ba\u015fl\u0131ca kavraml\u0131 tart\u0131\u015fan metinlerden olu\u015fuyor. Yeni liberalizm, sanat ortam\u0131n\u0131 nas\u0131l etkile\u015ftirmi\u015ftir? G\u00fcncel,<span class=\"excerpt-hellip\"> [\u2026]<\/span><\/p>\n","protected":false},"featured_media":0,"template":"","meta":{"_monsterinsights_skip_tracking":false,"_monsterinsights_sitenote_active":false,"_monsterinsights_sitenote_note":"","_monsterinsights_sitenote_category":0},"product_brand":[],"product_cat":[22066,13527],"product_tag":[],"class_list":{"0":"post-697654","1":"product","2":"type-product","3":"status-publish","5":"product_cat-sanat-sureli-yayinlar","6":"product_cat-sureli-yayinlar","7":"pa_cilt-ciltsiz","8":"pa_tur-kitap","9":"pa_yayinevi-utopya-yayinevi","10":"pa_yazar-mehmet-yilmaz","12":"first","13":"instock","14":"sale","15":"shipping-taxable","16":"purchasable","17":"product-type-simple"},"_links":{"self":[{"href":"https:\/\/roveyayinevi.com.tr\/index.php\/wp-json\/wp\/v2\/product\/697654","targetHints":{"allow":["GET"]}}],"collection":[{"href":"https:\/\/roveyayinevi.com.tr\/index.php\/wp-json\/wp\/v2\/product"}],"about":[{"href":"https:\/\/roveyayinevi.com.tr\/index.php\/wp-json\/wp\/v2\/types\/product"}],"wp:attachment":[{"href":"https:\/\/roveyayinevi.com.tr\/index.php\/wp-json\/wp\/v2\/media?parent=697654"}],"wp:term":[{"taxonomy":"product_brand","embeddable":true,"href":"https:\/\/roveyayinevi.com.tr\/index.php\/wp-json\/wp\/v2\/product_brand?post=697654"},{"taxonomy":"product_cat","embeddable":true,"href":"https:\/\/roveyayinevi.com.tr\/index.php\/wp-json\/wp\/v2\/product_cat?post=697654"},{"taxonomy":"product_tag","embeddable":true,"href":"https:\/\/roveyayinevi.com.tr\/index.php\/wp-json\/wp\/v2\/product_tag?post=697654"}],"curies":[{"name":"wp","href":"https:\/\/api.w.org\/{rel}","templated":true}]}}