{"id":697653,"date":"2025-08-27T14:41:11","date_gmt":"2025-08-27T11:41:11","guid":{"rendered":"https:\/\/roveyayinevi.com.tr\/index.php\/urun\/imparatorun-soytarisi-egemen-medya\/"},"modified":"2026-01-29T02:12:52","modified_gmt":"2026-01-28T23:12:52","slug":"imparatorun-soytarisi-egemen-medya","status":"publish","type":"product","link":"https:\/\/roveyayinevi.com.tr\/index.php\/urun\/imparatorun-soytarisi-egemen-medya\/","title":{"rendered":"\u0130mparatorun Soytar\u0131s\u0131 Egemen Medya"},"content":{"rendered":"<p>ABD&#8217;nin 11 Eyl\u00fcl gerek\u00e7esiyle tetikledi\u011fi k\u00fcresel sald\u0131rganl\u0131k, egemen medyay\u0131 ve medya eti\u011fi sorunsal\u0131n\u0131 aniden tart\u0131\u015fmalar\u0131n oda\u011f\u0131na ta\u015f\u0131d\u0131. Egemen medya gerek Kuzey \u00fclkelerinde gerekse T\u00fcrkiye&#8217;de ABD&#8217;nin sava\u015flar\u0131nda bir kez daha k\u00f6t\u00fc bir s\u0131nav vererek do\u011frudan sava\u015f propagandistli\u011fine soyundu ve a\u011f\u0131r ve hakl\u0131 tepkilere, ele\u015ftirilere u\u011frad\u0131.S\u00f6z konusu ele\u015ftirinin muhatab\u0131 olan &#8216;Amerikanc\u0131 Medya&#8217;n\u0131n, &#8216;ABD icraatlar\u0131&#8217; yan\u0131nda, &#8216;And\u0131\u00e7&#8217;larla da hizaya sokuldu\u011fu co\u011frafyam\u0131zda, sadece sermaye medyas\u0131ndan de\u011fil, ayn\u0131 zamanda onun bask\u0131n \u00f6zelli\u011fi olan apoletli yan\u0131ndan da s\u00f6z etmek, bunun alt\u0131n\u0131 \u00f6zenle \u00e7izerek de\u015fifre etmek gerekir.Bu kitap, \u00f6ncelikle bunu hedefliyor, ama bununla da s\u0131n\u0131rl\u0131 kalmayarak, alternatif medya olanaklar\u0131n\u0131 ararken egemen s\u00f6ylem hesapla\u015fman\u0131n yollar\u0131n\u0131 ar\u0131yor. <\/p>\n","protected":false},"excerpt":{"rendered":"<p>ABD&#8217;nin 11 Eyl\u00fcl gerek\u00e7esiyle tetikledi\u011fi k\u00fcresel sald\u0131rganl\u0131k, egemen medyay\u0131 ve medya eti\u011fi sorunsal\u0131n\u0131 aniden tart\u0131\u015fmalar\u0131n oda\u011f\u0131na ta\u015f\u0131d\u0131. Egemen medya gerek Kuzey \u00fclkelerinde gerekse T\u00fcrkiye&#8217;de ABD&#8217;nin sava\u015flar\u0131nda<span class=\"excerpt-hellip\"> [\u2026]<\/span><\/p>\n","protected":false},"featured_media":0,"template":"","meta":{"_monsterinsights_skip_tracking":false,"_monsterinsights_sitenote_active":false,"_monsterinsights_sitenote_note":"","_monsterinsights_sitenote_category":0},"product_brand":[],"product_cat":[15983,13488],"product_tag":[],"class_list":{"0":"post-697653","1":"product","2":"type-product","3":"status-publish","5":"product_cat-iletisim-ve-medya","6":"product_cat-toplum-ve-insan","7":"pa_cilt-ciltsiz","8":"pa_tur-kitap","9":"pa_yayinevi-utopya-yayinevi","10":"pa_yazar-derleme","12":"first","13":"instock","14":"sale","15":"shipping-taxable","16":"purchasable","17":"product-type-simple"},"_links":{"self":[{"href":"https:\/\/roveyayinevi.com.tr\/index.php\/wp-json\/wp\/v2\/product\/697653","targetHints":{"allow":["GET"]}}],"collection":[{"href":"https:\/\/roveyayinevi.com.tr\/index.php\/wp-json\/wp\/v2\/product"}],"about":[{"href":"https:\/\/roveyayinevi.com.tr\/index.php\/wp-json\/wp\/v2\/types\/product"}],"wp:attachment":[{"href":"https:\/\/roveyayinevi.com.tr\/index.php\/wp-json\/wp\/v2\/media?parent=697653"}],"wp:term":[{"taxonomy":"product_brand","embeddable":true,"href":"https:\/\/roveyayinevi.com.tr\/index.php\/wp-json\/wp\/v2\/product_brand?post=697653"},{"taxonomy":"product_cat","embeddable":true,"href":"https:\/\/roveyayinevi.com.tr\/index.php\/wp-json\/wp\/v2\/product_cat?post=697653"},{"taxonomy":"product_tag","embeddable":true,"href":"https:\/\/roveyayinevi.com.tr\/index.php\/wp-json\/wp\/v2\/product_tag?post=697653"}],"curies":[{"name":"wp","href":"https:\/\/api.w.org\/{rel}","templated":true}]}}