{"id":697652,"date":"2025-08-27T14:41:11","date_gmt":"2025-08-27T11:41:11","guid":{"rendered":"https:\/\/roveyayinevi.com.tr\/index.php\/urun\/iroquois-masallari\/"},"modified":"2026-01-29T02:12:52","modified_gmt":"2026-01-28T23:12:52","slug":"iroquois-masallari","status":"publish","type":"product","link":"https:\/\/roveyayinevi.com.tr\/index.php\/urun\/iroquois-masallari\/","title":{"rendered":"Iroquois Masallar\u0131"},"content":{"rendered":"<p>Bu kitap, sadece e\u011flendirici bir masal kitab\u0131 de\u011fildir. Bize; farkl\u0131 bir k\u00fclt\u00fcr\u00fcn, ya\u015fam tarz\u0131n\u0131n, geleneklerin ve inan\u00e7lar\u0131n ipu\u00e7lar\u0131n\u0131 verirken; ayn\u0131 zamanda onlarla birlikte ya\u015famay\u0131 da \u00f6\u011fretmektedir. Iroquois Masallar\u0131n\u0131 benzerlerinden ay\u0131ran en \u00f6nemli \u00f6zellik, fikirleri ifade etmek veya olaylar\u0131 kaydetmek i\u00e7in, \u0130roquoislerin yaratt\u0131\u011f\u0131 sembol veya \u00e7izimlerin kullan\u0131lmas\u0131d\u0131r. \u00dctopya Yay\u0131nevi, \u00e7ocuklar kadar b\u00fcy\u00fcklerin de ilgisini \u00e7ekece\u011fini umdu\u011fu kitapla birlikte, YDDnin sa\u00e7a\u011f\u0131nda kalanlara dair \u00f6tekiler dizisini de bu kitapla ba\u015flatm\u0131\u015f oluyor. <\/p>\n","protected":false},"excerpt":{"rendered":"<p>Bu kitap, sadece e\u011flendirici bir masal kitab\u0131 de\u011fildir. Bize; farkl\u0131 bir k\u00fclt\u00fcr\u00fcn, ya\u015fam tarz\u0131n\u0131n, geleneklerin ve inan\u00e7lar\u0131n ipu\u00e7lar\u0131n\u0131 verirken; ayn\u0131 zamanda onlarla birlikte ya\u015famay\u0131 da \u00f6\u011fretmektedir.<span class=\"excerpt-hellip\"> [\u2026]<\/span><\/p>\n","protected":false},"featured_media":0,"template":"","meta":{"_monsterinsights_skip_tracking":false,"_monsterinsights_sitenote_active":false,"_monsterinsights_sitenote_note":"","_monsterinsights_sitenote_category":0},"product_brand":[],"product_cat":[16382,12718],"product_tag":[],"class_list":{"0":"post-697652","1":"product","2":"type-product","3":"status-publish","5":"product_cat-diger-inanclar","6":"product_cat-din","7":"pa_cilt-ciltsiz","8":"pa_tur-kitap","9":"pa_yayinevi-utopya-yayinevi","10":"pa_yazar-derleme","12":"first","13":"instock","14":"sale","15":"shipping-taxable","16":"purchasable","17":"product-type-simple"},"_links":{"self":[{"href":"https:\/\/roveyayinevi.com.tr\/index.php\/wp-json\/wp\/v2\/product\/697652","targetHints":{"allow":["GET"]}}],"collection":[{"href":"https:\/\/roveyayinevi.com.tr\/index.php\/wp-json\/wp\/v2\/product"}],"about":[{"href":"https:\/\/roveyayinevi.com.tr\/index.php\/wp-json\/wp\/v2\/types\/product"}],"wp:attachment":[{"href":"https:\/\/roveyayinevi.com.tr\/index.php\/wp-json\/wp\/v2\/media?parent=697652"}],"wp:term":[{"taxonomy":"product_brand","embeddable":true,"href":"https:\/\/roveyayinevi.com.tr\/index.php\/wp-json\/wp\/v2\/product_brand?post=697652"},{"taxonomy":"product_cat","embeddable":true,"href":"https:\/\/roveyayinevi.com.tr\/index.php\/wp-json\/wp\/v2\/product_cat?post=697652"},{"taxonomy":"product_tag","embeddable":true,"href":"https:\/\/roveyayinevi.com.tr\/index.php\/wp-json\/wp\/v2\/product_tag?post=697652"}],"curies":[{"name":"wp","href":"https:\/\/api.w.org\/{rel}","templated":true}]}}