{"id":697650,"date":"2025-08-27T14:41:10","date_gmt":"2025-08-27T11:41:10","guid":{"rendered":"https:\/\/roveyayinevi.com.tr\/index.php\/urun\/gurvitch-sosyoloji-ve-felsefe\/"},"modified":"2026-01-29T02:12:52","modified_gmt":"2026-01-28T23:12:52","slug":"gurvitch-sosyoloji-ve-felsefe","status":"publish","type":"product","link":"https:\/\/roveyayinevi.com.tr\/index.php\/urun\/gurvitch-sosyoloji-ve-felsefe\/","title":{"rendered":"Gurvitch: Sosyoloji ve Felsefe"},"content":{"rendered":"<p>&#8220;&#8230;d\u00fc\u015f\u00fcncelerin ve \u00e7abalar\u0131m a\u00e7\u0131s\u0131ndan, baht\u0131ma \u00e7o\u011fu zaman &#8220;ak\u0131nt\u0131n\u0131n tersine&#8221; gitmek d\u00fc\u015ft\u00fc. D\u00fc\u015f\u00fcncelerimin ritmi ise, hemen hemen her zaman g\u00fcn\u00fcn ritmi d\u0131\u015f\u0131na vurdu. Durum g\u00f6steriyor ki ben, yarat\u0131l\u0131\u015f\u0131m gere\u011fi &#8220;s\u00fcr\u00fcden at\u0131lm\u0131\u015f&#8221; birisiyim. Bug\u00fcnk\u00fc Frans\u0131z ve Amerikan sosyologlar\u0131ndan \u00e7o\u011fu beni yanl\u0131\u015f kap\u0131 \u00e7alan bir filozof olarak g\u00f6r\u00fcrler; filozoflar ise bana, \u00e7oktand\u0131r kar\u015f\u0131 safa ge\u00e7mi\u015f bir hain g\u00f6z\u00fcyle bakarlar&#8230;&#8221; <\/p>\n","protected":false},"excerpt":{"rendered":"<p>&#8220;&#8230;d\u00fc\u015f\u00fcncelerin ve \u00e7abalar\u0131m a\u00e7\u0131s\u0131ndan, baht\u0131ma \u00e7o\u011fu zaman &#8220;ak\u0131nt\u0131n\u0131n tersine&#8221; gitmek d\u00fc\u015ft\u00fc. D\u00fc\u015f\u00fcncelerimin ritmi ise, hemen hemen her zaman g\u00fcn\u00fcn ritmi d\u0131\u015f\u0131na vurdu. Durum g\u00f6steriyor ki ben,<span class=\"excerpt-hellip\"> [\u2026]<\/span><\/p>\n","protected":false},"featured_media":0,"template":"","meta":{"_monsterinsights_skip_tracking":false,"_monsterinsights_sitenote_active":false,"_monsterinsights_sitenote_note":"","_monsterinsights_sitenote_category":0},"product_brand":[],"product_cat":[12312,12304],"product_tag":[],"class_list":{"0":"post-697650","1":"product","2":"type-product","3":"status-publish","5":"product_cat-diger","6":"product_cat-tarih","7":"pa_cilt-ciltsiz","8":"pa_tur-kitap","9":"pa_yayinevi-utopya-yayinevi","10":"pa_yazar-kadir-cangizbay","12":"first","13":"instock","14":"sale","15":"shipping-taxable","16":"purchasable","17":"product-type-simple"},"_links":{"self":[{"href":"https:\/\/roveyayinevi.com.tr\/index.php\/wp-json\/wp\/v2\/product\/697650","targetHints":{"allow":["GET"]}}],"collection":[{"href":"https:\/\/roveyayinevi.com.tr\/index.php\/wp-json\/wp\/v2\/product"}],"about":[{"href":"https:\/\/roveyayinevi.com.tr\/index.php\/wp-json\/wp\/v2\/types\/product"}],"wp:attachment":[{"href":"https:\/\/roveyayinevi.com.tr\/index.php\/wp-json\/wp\/v2\/media?parent=697650"}],"wp:term":[{"taxonomy":"product_brand","embeddable":true,"href":"https:\/\/roveyayinevi.com.tr\/index.php\/wp-json\/wp\/v2\/product_brand?post=697650"},{"taxonomy":"product_cat","embeddable":true,"href":"https:\/\/roveyayinevi.com.tr\/index.php\/wp-json\/wp\/v2\/product_cat?post=697650"},{"taxonomy":"product_tag","embeddable":true,"href":"https:\/\/roveyayinevi.com.tr\/index.php\/wp-json\/wp\/v2\/product_tag?post=697650"}],"curies":[{"name":"wp","href":"https:\/\/api.w.org\/{rel}","templated":true}]}}