{"id":697649,"date":"2025-08-27T14:41:10","date_gmt":"2025-08-27T11:41:10","guid":{"rendered":"https:\/\/roveyayinevi.com.tr\/index.php\/urun\/direnisle-piyasa-arasinda-alevilik-ve-alevi-muzigi\/"},"modified":"2026-01-29T02:12:52","modified_gmt":"2026-01-28T23:12:52","slug":"direnisle-piyasa-arasinda-alevilik-ve-alevi-muzigi","status":"publish","type":"product","link":"https:\/\/roveyayinevi.com.tr\/index.php\/urun\/direnisle-piyasa-arasinda-alevilik-ve-alevi-muzigi\/","title":{"rendered":"Direni\u015fle Piyasa Aras\u0131nda:  Alevilik ve Alevi M\u00fczi\u011fi"},"content":{"rendered":"<p>Alevi kimli\u011finin \u00f6nemli unsurlar\u0131ndan biri olan Alevi m\u00fczi\u011finin bir yandan \u00f6neli bir m\u00fccadele alan\u0131 oldu\u011fundan bir yandan da metala\u015f\u0131p sekt\u00f6rle\u015fen bir alan haline geldi\u011finden s\u00f6z edebiliriz. Alevi prati\u011fi \u00fczerinden de m\u00fczi\u011fin nas\u0131l bir kimli\u011fin hayk\u0131r\u0131\u015f\u0131 olabilece\u011fi vurgusu \u00f6nem kazanmaktad\u0131r. Evet, Alevi m\u00fczi\u011finin sekt\u00f6rle\u015fti\u011fi ve bu sekt\u00f6r\u00fcn giderek alt dallara ayr\u0131larak b\u00fcy\u00fcd\u00fc\u011f\u00fc do\u011frudur. Hemen her sanat\u00e7\u0131n\u0131n \u00e7\u0131kard\u0131\u011f\u0131 yeni alb\u00fcmde bir Alevi par\u00e7as\u0131 okumas\u0131ndan, ba\u011flama \u00fcretip satmaya, ba\u011flama \u00e7almay\u0131 \u00f6\u011freten dershanelerden t\u00fcrk\u00fc barlara kadar, T\u00fcrkiye\u2019deki m\u00fczik piyasas\u0131ndan \u00f6nemli bir paya sahip olmas\u0131yla bir sekt\u00f6rd\u00fcr. <\/p>\n","protected":false},"excerpt":{"rendered":"<p>Alevi kimli\u011finin \u00f6nemli unsurlar\u0131ndan biri olan Alevi m\u00fczi\u011finin bir yandan \u00f6neli bir m\u00fccadele alan\u0131 oldu\u011fundan bir yandan da metala\u015f\u0131p sekt\u00f6rle\u015fen bir alan haline geldi\u011finden s\u00f6z edebiliriz.<span class=\"excerpt-hellip\"> [\u2026]<\/span><\/p>\n","protected":false},"featured_media":0,"template":"","meta":{"_monsterinsights_skip_tracking":false,"_monsterinsights_sitenote_active":false,"_monsterinsights_sitenote_note":"","_monsterinsights_sitenote_category":0},"product_brand":[],"product_cat":[12274,12649],"product_tag":[],"class_list":{"0":"post-697649","1":"product","2":"type-product","3":"status-publish","5":"product_cat-cocuk-ve-genclik-kitaplari","6":"product_cat-hobi-muzik","7":"pa_cilt-ciltsiz","8":"pa_tur-kitap","9":"pa_yayinevi-utopya-yayinevi","10":"pa_yazar-bedriye-poyraz","12":"first","13":"instock","14":"sale","15":"shipping-taxable","16":"purchasable","17":"product-type-simple"},"_links":{"self":[{"href":"https:\/\/roveyayinevi.com.tr\/index.php\/wp-json\/wp\/v2\/product\/697649","targetHints":{"allow":["GET"]}}],"collection":[{"href":"https:\/\/roveyayinevi.com.tr\/index.php\/wp-json\/wp\/v2\/product"}],"about":[{"href":"https:\/\/roveyayinevi.com.tr\/index.php\/wp-json\/wp\/v2\/types\/product"}],"wp:attachment":[{"href":"https:\/\/roveyayinevi.com.tr\/index.php\/wp-json\/wp\/v2\/media?parent=697649"}],"wp:term":[{"taxonomy":"product_brand","embeddable":true,"href":"https:\/\/roveyayinevi.com.tr\/index.php\/wp-json\/wp\/v2\/product_brand?post=697649"},{"taxonomy":"product_cat","embeddable":true,"href":"https:\/\/roveyayinevi.com.tr\/index.php\/wp-json\/wp\/v2\/product_cat?post=697649"},{"taxonomy":"product_tag","embeddable":true,"href":"https:\/\/roveyayinevi.com.tr\/index.php\/wp-json\/wp\/v2\/product_tag?post=697649"}],"curies":[{"name":"wp","href":"https:\/\/api.w.org\/{rel}","templated":true}]}}