{"id":697648,"date":"2025-08-27T14:41:09","date_gmt":"2025-08-27T11:41:09","guid":{"rendered":"https:\/\/roveyayinevi.com.tr\/index.php\/urun\/cilgin-ati-duslemek\/"},"modified":"2026-01-29T02:12:51","modified_gmt":"2026-01-28T23:12:51","slug":"cilgin-ati-duslemek","status":"publish","type":"product","link":"https:\/\/roveyayinevi.com.tr\/index.php\/urun\/cilgin-ati-duslemek\/","title":{"rendered":"\u00c7\u0131lg\u0131n At\u0131 D\u00fc\u015flemek"},"content":{"rendered":"<p>\u00d6\u011frenmen gereken \u015feyler var. Ge\u00e7mi\u015fin senin bir ad\u0131m arkandan gelen bir iskelet, gelece\u011fin ise bir ad\u0131m \u00f6n\u00fcnde y\u00fcr\u00fcyen bir ba\u015fka iskelettir. Belki saat takmazs\u0131n, ama iskeletlerin takar ve saatin ka\u00e7 oldu\u011funu hep bilirler. \u015eu an, bu iskeletler an\u0131lardan, d\u00fc\u015flerden ve seslerden olu\u015fur. Seni iki arada bir derede, dokunma ve olu\u015fma aras\u0131nda, kapana k\u0131st\u0131rabilirler. Ama ille de k\u00f6t\u00fc de\u011fildirler, tabii sen k\u00f6t\u00fc olmalar\u0131na izin vermedi\u011fin s\u00fcrece. Yapman gereken s\u00fcrekli hareket etmek, s\u00fcrekli iskeletlerinle birlikte uygun ad\u0131m y\u00fcr\u00fcmek. Seni asla terk etmeyecekler, yani bu konuda kafa yormana gerek yok. Ge\u00e7mi\u015fin \u00e7ok geride kalmayacak, gelece\u011fin \u00e7ok fazla \u00f6n\u00fcne ge\u00e7meyecek. Yine de bazen iskeletlerin seninle konu\u015facak; sana oturman\u0131, dinlenmeni, biraz soluklanman\u0131 s\u00f6yleyecekler. Belki sana s\u00f6zler verecek, duymak isteyece\u011fin \u015feyleri s\u00f6yleyecekler. Ama ne yaparlarsa yaps\u0131nlar sen y\u00fcr\u00fcmeye devam et, harekete devam et. Bir de, saat takma. Zaten K\u0131z\u0131lderililerin saate ihtiya\u00e7lar\u0131 olmaz, \u00e7\u00fcnk\u00fc iskeletler hep zaman\u0131 hat\u0131rlat\u0131r onlara. Anlad\u0131n m\u0131, vakit hep \u015fimdidir. K\u0131z\u0131lderili zaman\u0131 budur i\u015fte. Ge\u00e7mi\u015f, gelecek, hepsi \u015fimdinin i\u00e7inde sarmalanm\u0131\u015ft\u0131r. B\u00f6yledir i\u015fte. \u015eimdide tutsa\u011f\u0131z hepimiz. <\/p>\n","protected":false},"excerpt":{"rendered":"<p>\u00d6\u011frenmen gereken \u015feyler var. Ge\u00e7mi\u015fin senin bir ad\u0131m arkandan gelen bir iskelet, gelece\u011fin ise bir ad\u0131m \u00f6n\u00fcnde y\u00fcr\u00fcyen bir ba\u015fka iskelettir. Belki saat takmazs\u0131n, ama iskeletlerin<span class=\"excerpt-hellip\"> [\u2026]<\/span><\/p>\n","protected":false},"featured_media":0,"template":"","meta":{"_monsterinsights_skip_tracking":false,"_monsterinsights_sitenote_active":false,"_monsterinsights_sitenote_note":"","_monsterinsights_sitenote_category":0},"product_brand":[],"product_cat":[12891,12291],"product_tag":[],"class_list":{"0":"post-697648","1":"product","2":"type-product","3":"status-publish","5":"product_cat-amerikan-edebiyati","6":"product_cat-edebiyat","7":"pa_cilt-ciltsiz","8":"pa_tur-kitap","9":"pa_yayinevi-utopya-yayinevi","10":"pa_yazar-sherman-alexie","12":"first","13":"instock","14":"sale","15":"shipping-taxable","16":"purchasable","17":"product-type-simple"},"_links":{"self":[{"href":"https:\/\/roveyayinevi.com.tr\/index.php\/wp-json\/wp\/v2\/product\/697648","targetHints":{"allow":["GET"]}}],"collection":[{"href":"https:\/\/roveyayinevi.com.tr\/index.php\/wp-json\/wp\/v2\/product"}],"about":[{"href":"https:\/\/roveyayinevi.com.tr\/index.php\/wp-json\/wp\/v2\/types\/product"}],"wp:attachment":[{"href":"https:\/\/roveyayinevi.com.tr\/index.php\/wp-json\/wp\/v2\/media?parent=697648"}],"wp:term":[{"taxonomy":"product_brand","embeddable":true,"href":"https:\/\/roveyayinevi.com.tr\/index.php\/wp-json\/wp\/v2\/product_brand?post=697648"},{"taxonomy":"product_cat","embeddable":true,"href":"https:\/\/roveyayinevi.com.tr\/index.php\/wp-json\/wp\/v2\/product_cat?post=697648"},{"taxonomy":"product_tag","embeddable":true,"href":"https:\/\/roveyayinevi.com.tr\/index.php\/wp-json\/wp\/v2\/product_tag?post=697648"}],"curies":[{"name":"wp","href":"https:\/\/api.w.org\/{rel}","templated":true}]}}