{"id":697647,"date":"2025-08-27T14:41:09","date_gmt":"2025-08-27T11:41:09","guid":{"rendered":"https:\/\/roveyayinevi.com.tr\/index.php\/urun\/amerika-ruya-mi-kabus-mu-yankee-imparatorlugu\/"},"modified":"2026-01-29T02:12:51","modified_gmt":"2026-01-28T23:12:51","slug":"amerika-ruya-mi-kabus-mu-yankee-imparatorlugu","status":"publish","type":"product","link":"https:\/\/roveyayinevi.com.tr\/index.php\/urun\/amerika-ruya-mi-kabus-mu-yankee-imparatorlugu\/","title":{"rendered":"Amerika: R\u00fcya m\u0131? Kabus mu? Yankee \u0130mparatorlu\u011fu"},"content":{"rendered":"<p>1960\u2019lardan itibaren Amerika T\u00fcrkiye\u2019ye bir r\u00fcya olarak sunuldu.  K\u00fc\u00e7\u00fck Amerika  olma hayalleri topluma empoze edildi. Tarihsel ger\u00e7ekler olumsuzluklardan ayr\u0131\u015ft\u0131r\u0131larak, bir r\u00fcyaya d\u00f6n\u00fc\u015ft\u00fcr\u00fcld\u00fc. Oysa, g\u00fcn\u00fcm\u00fczde Amerika r\u00fcyas\u0131, ideolojik-k\u00fclt\u00fcrel-askeri-ekonomik sald\u0131rganl\u0131\u011f\u0131 ve emperyalist vah\u015fetiyle giderek bir kabusa d\u00f6n\u00fc\u015f\u00fcyor. \u015eimdi, ilk yerlilerinin torunlar\u0131n\u0131n do\u011fal kaynaklar\u0131ndan soyulmu\u015f rezervasyonlarda ya\u015fad\u0131\u011f\u0131 bir \u00fclke d\u00fc\u015fleyin. Ortalama ya\u015fam beklentisi, 1940\u2019lardakinin ayn\u0131d\u0131r. Bebek \u00f6l\u00fcmleri ulusal ortalaman\u0131n yedi kat \u00fczerindedir.\u00dclkenin en tan\u0131nm\u0131\u015f siyasal mahkumu, bir K\u0131z\u0131lderili \u00f6nderidir. Se\u00e7menlerinin yar\u0131s\u0131n\u0131n oy kullanmad\u0131\u011f\u0131 bir \u00fclke d\u00fc\u015fleyin. Ulusun temsilciler meclisi, ulusu temsel etmiyor. B\u00fcy\u00fck \u00f6l\u00e7\u00fcde erkek ve beyazlardan olu\u015fuyor. Senato, milyonerleri temsil etmekte. D\u00fcnya n\u00fcfusunun y\u00fczde 5\u2019ten az\u0131n\u0131 bar\u0131nd\u0131rd\u0131\u011f\u0131 halde d\u00fcnya petrol kaynaklar\u0131n\u0131n y\u00fczde 25\u2019ini kullanan bir \u00fclke d\u00fc\u015fleyin. 1978\u2019den bu yana b\u00fct\u00fcn \u00fclkelerden daha \u00e7ok a\u011fa\u00e7 kesti. Asit ya\u011fmurlar\u0131 ve k\u00fcresel \u0131s\u0131nman\u0131n ba\u015fl\u0131ca sorumlusu. \u0130\u015fte buras\u0131 Amerika&#8230; O halde Yeni D\u00fcnya D\u00fczeni patentli  r\u00fcya  yalan\u0131 yerine, ABD patentli k\u00fcreselle\u015fme  kabus u ger\u00e7e\u011finden s\u00f6z edilmeli&#8230; Bu \u00e7al\u0131\u015fma da bunu yapmaya \u00e7al\u0131\u015f\u0131yor&#8230; <\/p>\n","protected":false},"excerpt":{"rendered":"<p>1960\u2019lardan itibaren Amerika T\u00fcrkiye\u2019ye bir r\u00fcya olarak sunuldu. K\u00fc\u00e7\u00fck Amerika olma hayalleri topluma empoze edildi. Tarihsel ger\u00e7ekler olumsuzluklardan ayr\u0131\u015ft\u0131r\u0131larak, bir r\u00fcyaya d\u00f6n\u00fc\u015ft\u00fcr\u00fcld\u00fc. Oysa, g\u00fcn\u00fcm\u00fczde Amerika r\u00fcyas\u0131,<span class=\"excerpt-hellip\"> [\u2026]<\/span><\/p>\n","protected":false},"featured_media":0,"template":"","meta":{"_monsterinsights_skip_tracking":false,"_monsterinsights_sitenote_active":false,"_monsterinsights_sitenote_note":"","_monsterinsights_sitenote_category":0},"product_brand":[],"product_cat":[12965,12337],"product_tag":[],"class_list":{"0":"post-697647","1":"product","2":"type-product","3":"status-publish","5":"product_cat-genel-politika","6":"product_cat-politika-siyaset","7":"pa_cilt-ciltsiz","8":"pa_tur-kitap","9":"pa_yayinevi-utopya-yayinevi","10":"pa_yazar-derleme","12":"first","13":"instock","14":"sale","15":"shipping-taxable","16":"purchasable","17":"product-type-simple"},"_links":{"self":[{"href":"https:\/\/roveyayinevi.com.tr\/index.php\/wp-json\/wp\/v2\/product\/697647","targetHints":{"allow":["GET"]}}],"collection":[{"href":"https:\/\/roveyayinevi.com.tr\/index.php\/wp-json\/wp\/v2\/product"}],"about":[{"href":"https:\/\/roveyayinevi.com.tr\/index.php\/wp-json\/wp\/v2\/types\/product"}],"wp:attachment":[{"href":"https:\/\/roveyayinevi.com.tr\/index.php\/wp-json\/wp\/v2\/media?parent=697647"}],"wp:term":[{"taxonomy":"product_brand","embeddable":true,"href":"https:\/\/roveyayinevi.com.tr\/index.php\/wp-json\/wp\/v2\/product_brand?post=697647"},{"taxonomy":"product_cat","embeddable":true,"href":"https:\/\/roveyayinevi.com.tr\/index.php\/wp-json\/wp\/v2\/product_cat?post=697647"},{"taxonomy":"product_tag","embeddable":true,"href":"https:\/\/roveyayinevi.com.tr\/index.php\/wp-json\/wp\/v2\/product_tag?post=697647"}],"curies":[{"name":"wp","href":"https:\/\/api.w.org\/{rel}","templated":true}]}}