{"id":697645,"date":"2025-08-27T14:41:08","date_gmt":"2025-08-27T11:41:08","guid":{"rendered":"https:\/\/roveyayinevi.com.tr\/index.php\/urun\/sasilacak-ne-var\/"},"modified":"2026-01-29T02:12:51","modified_gmt":"2026-01-28T23:12:51","slug":"sasilacak-ne-var","status":"publish","type":"product","link":"https:\/\/roveyayinevi.com.tr\/index.php\/urun\/sasilacak-ne-var\/","title":{"rendered":"\u015ea\u015f\u0131lacak Ne Var?"},"content":{"rendered":"<p>Bu kitaptaki yaz\u0131lar, genelde e\u011fitim sistemimizin temel yasalar\u0131ndan bir olan \u00d6\u011fretim Birli\u011fi yasas\u0131yla \u00e7eli\u015fen uygulamalardan paral\u0131 e\u011fitime, zorunlu e\u011fitimden y\u00fcksek\u00f6\u011fretimle ilgili konulara kadar de\u011fi\u015fik e\u011fitsel konular\u0131 i\u015fleyen ve toplumun her kesimine hitap eden yaz\u0131lard\u0131r.Bu kitaba al\u0131nan ve a\u015fa\u011f\u0131da adlar\u0131 verilen 18 yaz\u0131, yaz\u0131ld\u0131\u011f\u0131 g\u00fcnlerin g\u00fcndemini yans\u0131tt\u0131\u011f\u0131 gibi bug\u00fcn de g\u00fcndemde olan ve gelecekte de g\u00fcndemde olabilecek konularla ilgilidir:1. Milli E\u011fitim Bakanl\u0131\u011f\u0131 Yeniden Yap\u0131lan\u0131yor: Aman Dikkat! ..2. E\u011fitsel Sorunlar\u0131n Temel Nedeni3. Yabanc\u0131 Dille E\u011fitimi Savunma Yan\u0131lg\u0131s\u01314. \u015ea\u015f\u0131lacak Ne Var?5. Milli E\u011fitim Sistemimiz ve \u00d6\u011fretim Birli\u011fi6. \u00d6\u011fretmenler G\u00fcn\u00fcn\u00fcn Anlam\u0131!7. E\u011fitim ve \u00dcretim8. Birbirine Kar\u015f\u0131 \u0130ki S\u00fcre\u00e7: E\u011fitim ve Sava\u015f9. \u00d6\u011fretmen Yeti\u015ftirme Sorunu ve \u00c7\u00f6z\u00fcmler10. E\u011fitimin Paralanmas\u013111. K\u00f6y Enstit\u00fcleri ve G\u00fcn\u00fcm\u00fcze Yans\u0131malar\u013112.12 Y\u0131ll\u0131k Zorunlu E\u011fitim!13. Do\u00e7entli\u011fe Y\u00fckseltme ve Atama14. \u00dcniversitelerin Sorunu Ele\u015ftirel Akl\u0131n Olmamas\u013115. \u00dcniversitenin &#8220;\u00dcniversitele\u015fmesi&#8221;ni Engelleyen Bir Etken!16. \u00dcniversitenin &#8220;\u00dcniversitele\u015fmesi&#8221;ni Engelleyen Bir Etken: Y\u00fcksek\u00f6\u011fretim Sistemi17. \u00dcniversiteler ve Yeni D\u00fcnya D\u00fczeni18. K\u00f6y Enstit\u00fclerinden Al\u0131nacak Dersler <\/p>\n","protected":false},"excerpt":{"rendered":"<p>Bu kitaptaki yaz\u0131lar, genelde e\u011fitim sistemimizin temel yasalar\u0131ndan bir olan \u00d6\u011fretim Birli\u011fi yasas\u0131yla \u00e7eli\u015fen uygulamalardan paral\u0131 e\u011fitime, zorunlu e\u011fitimden y\u00fcksek\u00f6\u011fretimle ilgili konulara kadar de\u011fi\u015fik e\u011fitsel konular\u0131<span class=\"excerpt-hellip\"> [\u2026]<\/span><\/p>\n","protected":false},"featured_media":0,"template":"","meta":{"_monsterinsights_skip_tracking":false,"_monsterinsights_sitenote_active":false,"_monsterinsights_sitenote_note":"","_monsterinsights_sitenote_category":0},"product_brand":[],"product_cat":[12312,12304],"product_tag":[],"class_list":{"0":"post-697645","1":"product","2":"type-product","3":"status-publish","5":"product_cat-diger","6":"product_cat-tarih","7":"pa_cilt-ciltsiz","8":"pa_tur-kitap","9":"pa_yayinevi-utopya-yayinevi","10":"pa_yazar-rifat-okcabol","12":"first","13":"instock","14":"sale","15":"shipping-taxable","16":"purchasable","17":"product-type-simple"},"_links":{"self":[{"href":"https:\/\/roveyayinevi.com.tr\/index.php\/wp-json\/wp\/v2\/product\/697645","targetHints":{"allow":["GET"]}}],"collection":[{"href":"https:\/\/roveyayinevi.com.tr\/index.php\/wp-json\/wp\/v2\/product"}],"about":[{"href":"https:\/\/roveyayinevi.com.tr\/index.php\/wp-json\/wp\/v2\/types\/product"}],"wp:attachment":[{"href":"https:\/\/roveyayinevi.com.tr\/index.php\/wp-json\/wp\/v2\/media?parent=697645"}],"wp:term":[{"taxonomy":"product_brand","embeddable":true,"href":"https:\/\/roveyayinevi.com.tr\/index.php\/wp-json\/wp\/v2\/product_brand?post=697645"},{"taxonomy":"product_cat","embeddable":true,"href":"https:\/\/roveyayinevi.com.tr\/index.php\/wp-json\/wp\/v2\/product_cat?post=697645"},{"taxonomy":"product_tag","embeddable":true,"href":"https:\/\/roveyayinevi.com.tr\/index.php\/wp-json\/wp\/v2\/product_tag?post=697645"}],"curies":[{"name":"wp","href":"https:\/\/api.w.org\/{rel}","templated":true}]}}