{"id":697644,"date":"2025-08-27T14:41:08","date_gmt":"2025-08-27T11:41:08","guid":{"rendered":"https:\/\/roveyayinevi.com.tr\/index.php\/urun\/kendinizle-barisik-olmak\/"},"modified":"2026-04-12T02:08:41","modified_gmt":"2026-04-11T23:08:41","slug":"kendinizle-barisik-olmak","status":"publish","type":"product","link":"https:\/\/roveyayinevi.com.tr\/index.php\/urun\/kendinizle-barisik-olmak\/","title":{"rendered":"Kendinizle Bar\u0131\u015f\u0131k Olmak"},"content":{"rendered":"<p>Ruh sa\u011fl\u0131\u011f\u0131n\u0131 koruman\u0131n yolu, insan\u0131n kendisiyle ve \u00e7evresiyle bar\u0131\u015f\u0131k olmas\u0131ndan ge\u00e7er. Kendimizle bar\u0131\u015fmak; duygular\u0131m\u0131z\u0131 denetim alt\u0131na almay\u0131 ba\u015farmak ve hayat\u0131m\u0131z\u0131 ama\u00e7lar\u0131m\u0131z do\u011frultusunda y\u00f6nlendirebilmek demektir. Bunun i\u00e7in duygular\u0131m\u0131z\u0131 e\u011fitmeyi \u00f6\u011frenmemiz gerekir. \u00c7\u00fcnk\u00fc duygular\u0131m\u0131z\u0131 y\u00f6netebilmek bizim elimizdedir. Profes\u00f6r Doktor Nevzat Tarhan, Kendinizle Bar\u0131\u015f\u0131k Olmak\u2018ta t\u0131bb\u0131n ve psikoloji biliminin verileriyle, kendinizle ve \u00e7evrenizle uyum i\u00e7inde bir ya\u015fama kavu\u015fman\u0131n ipu\u00e7lar\u0131n\u0131 veriyor. \ufffc<\/p>\n","protected":false},"excerpt":{"rendered":"<p>Ruh sa\u011fl\u0131\u011f\u0131n\u0131 koruman\u0131n yolu, insan\u0131n kendisiyle ve \u00e7evresiyle bar\u0131\u015f\u0131k olmas\u0131ndan ge\u00e7er. Kendimizle bar\u0131\u015fmak; duygular\u0131m\u0131z\u0131 denetim alt\u0131na almay\u0131 ba\u015farmak ve hayat\u0131m\u0131z\u0131 ama\u00e7lar\u0131m\u0131z do\u011frultusunda y\u00f6nlendirebilmek demektir. Bunun i\u00e7in<span class=\"excerpt-hellip\"> [\u2026]<\/span><\/p>\n","protected":false},"featured_media":0,"template":"","meta":{"_monsterinsights_skip_tracking":false,"_monsterinsights_sitenote_active":false,"_monsterinsights_sitenote_note":"","_monsterinsights_sitenote_category":0},"product_brand":[],"product_cat":[12364,12376],"product_tag":[],"class_list":{"0":"post-697644","1":"product","2":"type-product","3":"status-publish","5":"product_cat-genel-konular","6":"product_cat-kisisel-gelisim","7":"pa_cilt-ciltsiz","8":"pa_tur-kitap","9":"pa_yayinevi-timas-yayinlari","10":"pa_yazar-nevzat-tarhan","12":"first","13":"instock","14":"sale","15":"shipping-taxable","16":"purchasable","17":"product-type-simple"},"_links":{"self":[{"href":"https:\/\/roveyayinevi.com.tr\/index.php\/wp-json\/wp\/v2\/product\/697644","targetHints":{"allow":["GET"]}}],"collection":[{"href":"https:\/\/roveyayinevi.com.tr\/index.php\/wp-json\/wp\/v2\/product"}],"about":[{"href":"https:\/\/roveyayinevi.com.tr\/index.php\/wp-json\/wp\/v2\/types\/product"}],"wp:attachment":[{"href":"https:\/\/roveyayinevi.com.tr\/index.php\/wp-json\/wp\/v2\/media?parent=697644"}],"wp:term":[{"taxonomy":"product_brand","embeddable":true,"href":"https:\/\/roveyayinevi.com.tr\/index.php\/wp-json\/wp\/v2\/product_brand?post=697644"},{"taxonomy":"product_cat","embeddable":true,"href":"https:\/\/roveyayinevi.com.tr\/index.php\/wp-json\/wp\/v2\/product_cat?post=697644"},{"taxonomy":"product_tag","embeddable":true,"href":"https:\/\/roveyayinevi.com.tr\/index.php\/wp-json\/wp\/v2\/product_tag?post=697644"}],"curies":[{"name":"wp","href":"https:\/\/api.w.org\/{rel}","templated":true}]}}