{"id":697642,"date":"2025-08-27T14:41:07","date_gmt":"2025-08-27T11:41:07","guid":{"rendered":"https:\/\/roveyayinevi.com.tr\/index.php\/urun\/imparatorluk-ve-iletisim-araclari\/"},"modified":"2026-01-29T02:12:51","modified_gmt":"2026-01-28T23:12:51","slug":"imparatorluk-ve-iletisim-araclari","status":"publish","type":"product","link":"https:\/\/roveyayinevi.com.tr\/index.php\/urun\/imparatorluk-ve-iletisim-araclari\/","title":{"rendered":"\u0130mparatorluk ve \u0130leti\u015fim Ara\u00e7lar\u0131"},"content":{"rendered":"<p>M\u0131s\u0131r yaz\u0131s\u0131, imparatorlu\u011fun yava\u015f yava\u015f y\u00fckselip, olduk\u00e7a h\u0131zl\u0131 \u00e7\u00f6kt\u00fc\u011f\u00fc s\u00fcre\u00e7te de karma\u015f\u0131k bi\u00e7imde ve yap\u0131da kalmay\u0131 s\u00fcrd\u00fcrd\u00fc. Bu karma\u015f\u0131kl\u0131k, yaz\u0131c\u0131lara g\u00fc\u00e7 ve stat\u00fc kazand\u0131rd\u0131; kendi \u00e7\u0131karlar\u0131n\u0131 koruma noktas\u0131nda din adamlar\u0131 ile yaz\u0131c\u0131lar\u0131 bir araya getirdi; tekelci y\u00f6netime \u00f6zg\u00fc a\u011f, krallar\u0131n g\u00fcc\u00fcn\u00fc azaltt\u0131 ve evrimsel nitelikteki toplumsal de\u011fi\u015fimleri s\u0131n\u0131rland\u0131rd\u0131 . (Inn\u0131s, 1986: 22) Innis  \u0130mparatorluklar ve \u0130leti\u015fim Ara\u00e7lar\u0131 nda tarihin \u00e7e\u015fitli d\u00f6nemlerinde ba\u015fat konumda olmu\u015f imparatorluklar \u00f6rne\u011finden yararlanarak ileti\u015fim ara\u00e7lar\u0131n\u0131n iktidar\u0131n bir par\u00e7as\u0131, ta\u015f\u0131y\u0131c\u0131s\u0131 olarak egemenlik ili\u015fkilerinin s\u00fcrd\u00fcr\u00fclmesinde ve me\u015fru g\u00f6sterilmesinde oynad\u0131\u011f\u0131 temel rol\u00fc sergilemeye \u00e7al\u0131\u015fm\u0131\u015ft\u0131r. Bir  ileti\u015fim tarihi  olarak de\u011ferlendirilebilecek bu kitab\u0131nda, Innis, sans\u00fcr gibi yaz\u0131\/ileti\u015fim ara\u00e7lar\u0131 \u00fczerindeki iktidar\u0131 merkezde toplamaya, yo\u011funla\u015ft\u0131rmaya d\u00f6n\u00fck \u00e7abalarla senato gibi iktidar\u0131n tek ba\u015f\u0131na tekelci kullan\u0131m\u0131n\u0131 k\u0131rmaya d\u00f6n\u00fck \u00e7abalar\u0131n salt ge\u00e7mi\u015fe de\u011fil bug\u00fcne d\u00f6n\u00fc\u015fen bir s\u00fcre\u00e7 i\u00e7inde s\u00fcrekli bir \u00e7at\u0131\u015fma halinde oldu\u011funu sergilemeye \u00e7al\u0131\u015fm\u0131\u015ft\u0131r. Dolay\u0131s\u0131yla bu kitab\u0131 ge\u00e7mi\u015fe ait bir emsaller deposu gibi okumak da m\u00fcmk\u00fcnd\u00fcr. Ancak as\u0131l \u00f6nemi, alt\u0131 bin y\u0131l \u00f6nce hesap kay\u0131tlar\u0131n\u0131 tutmakta kullan\u0131lan  d\u00fc\u011f\u00fcml\u00fc iplerden , g\u00f6rselli\u011fin ve \u015fimdiki zaman\u0131n \u00f6ne \u00e7\u0131kt\u0131\u011f\u0131  yeni medya  kadar insan\u0131n bir d\u00fc\u015f\u00fcnme, anlama, yaratma, yani bir var olma bi\u00e7imi olarak s\u00f6z ve yaz\u0131yla kurdu\u011fu  bar\u0131\u015f\u0131kl\u0131\u011f\u0131n  tarihi olarak okundu\u011funda ortaya \u00e7\u0131kacakt\u0131r. <\/p>\n","protected":false},"excerpt":{"rendered":"<p>M\u0131s\u0131r yaz\u0131s\u0131, imparatorlu\u011fun yava\u015f yava\u015f y\u00fckselip, olduk\u00e7a h\u0131zl\u0131 \u00e7\u00f6kt\u00fc\u011f\u00fc s\u00fcre\u00e7te de karma\u015f\u0131k bi\u00e7imde ve yap\u0131da kalmay\u0131 s\u00fcrd\u00fcrd\u00fc. Bu karma\u015f\u0131kl\u0131k, yaz\u0131c\u0131lara g\u00fc\u00e7 ve stat\u00fc kazand\u0131rd\u0131; kendi \u00e7\u0131karlar\u0131n\u0131<span class=\"excerpt-hellip\"> [\u2026]<\/span><\/p>\n","protected":false},"featured_media":0,"template":"","meta":{"_monsterinsights_skip_tracking":false,"_monsterinsights_sitenote_active":false,"_monsterinsights_sitenote_note":"","_monsterinsights_sitenote_category":0},"product_brand":[],"product_cat":[15983,13488],"product_tag":[],"class_list":{"0":"post-697642","1":"product","2":"type-product","3":"status-publish","5":"product_cat-iletisim-ve-medya","6":"product_cat-toplum-ve-insan","7":"pa_cilt-ciltsiz","8":"pa_tur-kitap","9":"pa_yayinevi-utopya-yayinevi","10":"pa_yazar-harold-a-innis","12":"first","13":"instock","14":"sale","15":"shipping-taxable","16":"purchasable","17":"product-type-simple"},"_links":{"self":[{"href":"https:\/\/roveyayinevi.com.tr\/index.php\/wp-json\/wp\/v2\/product\/697642","targetHints":{"allow":["GET"]}}],"collection":[{"href":"https:\/\/roveyayinevi.com.tr\/index.php\/wp-json\/wp\/v2\/product"}],"about":[{"href":"https:\/\/roveyayinevi.com.tr\/index.php\/wp-json\/wp\/v2\/types\/product"}],"wp:attachment":[{"href":"https:\/\/roveyayinevi.com.tr\/index.php\/wp-json\/wp\/v2\/media?parent=697642"}],"wp:term":[{"taxonomy":"product_brand","embeddable":true,"href":"https:\/\/roveyayinevi.com.tr\/index.php\/wp-json\/wp\/v2\/product_brand?post=697642"},{"taxonomy":"product_cat","embeddable":true,"href":"https:\/\/roveyayinevi.com.tr\/index.php\/wp-json\/wp\/v2\/product_cat?post=697642"},{"taxonomy":"product_tag","embeddable":true,"href":"https:\/\/roveyayinevi.com.tr\/index.php\/wp-json\/wp\/v2\/product_tag?post=697642"}],"curies":[{"name":"wp","href":"https:\/\/api.w.org\/{rel}","templated":true}]}}