{"id":697641,"date":"2025-08-27T14:41:07","date_gmt":"2025-08-27T11:41:07","guid":{"rendered":"https:\/\/roveyayinevi.com.tr\/index.php\/urun\/gorsel-metin-cozumleme-iletisim-bilimlerinde-arastirma-yontemleri\/"},"modified":"2026-01-29T02:12:51","modified_gmt":"2026-01-28T23:12:51","slug":"gorsel-metin-cozumleme-iletisim-bilimlerinde-arastirma-yontemleri","status":"publish","type":"product","link":"https:\/\/roveyayinevi.com.tr\/index.php\/urun\/gorsel-metin-cozumleme-iletisim-bilimlerinde-arastirma-yontemleri\/","title":{"rendered":"G\u00f6rsel Metin \u00c7\u00f6z\u00fcmleme \u0130leti\u015fim Bilimlerinde Ara\u015ft\u0131rma Y\u00f6ntemleri"},"content":{"rendered":"<p>G\u00fcn\u00fcm\u00fczde ara\u015ft\u0131rma y\u00f6ntemlerine y\u00f6nelik artan ilgiye ra\u011fmen, halen bir sorun varl\u0131\u011f\u0131n\u0131 hissettirmektedir. Acaba ara\u015ft\u0131rma, planlama ve de\u011ferlendirme konular\u0131nda ne kadar donan\u0131ml\u0131y\u0131z? Acaba e\u011fitim kurumlar\u0131nda ve toplum i\u00e7inde ki\u015fileri soru sormaya, ara\u015ft\u0131rma yapmaya ve yarat\u0131c\u0131 olmaya yeterince te\u015fvik ediyor ve gerekli olanaklar\u0131 sa\u011fl\u0131yor muyuz? S\u00f6z konusu akademik kayg\u0131yla yola \u00e7\u0131kan bu edit\u00f6r kitap \u00e7al\u0131\u015fmas\u0131 ileti\u015fim bilimlerinde ara\u015ft\u0131rma y\u00f6ntemleri genelinde, g\u00f6r\u00fcnt\u00fcn\u00fcn \u00f6tesine ge\u00e7meyi temel ama\u00e7 edinerek, g\u00f6rsel metin \u00e7\u00f6z\u00fcmlemelerine odaklanm\u0131\u015ft\u0131r. Buradan hareketle, ileti\u015fim bilimlerinde g\u00f6rsel metin \u00e7\u00f6z\u00fcmlemelerinde kullan\u0131lan ara\u015ft\u0131rma y\u00f6ntemlerine ili\u015fkin temel kavramlar\u0131 g\u00f6zden ge\u00e7irmeyi, bu y\u00f6ntemlerin uygulama s\u00fcre\u00e7lerini detayl\u0131 olarak anlatmay\u0131, s\u00fcre\u00e7 i\u00e7erisinde dikkat edilmesi gereken noktalar\u0131 vurgulamay\u0131 ve t\u00fcm bu anlat\u0131lanlar\u0131 bir uygulama \u00f6rne\u011fiyle peki\u015ftirmeyi ama\u00e7lamaktad\u0131r. <\/p>\n","protected":false},"excerpt":{"rendered":"<p>G\u00fcn\u00fcm\u00fczde ara\u015ft\u0131rma y\u00f6ntemlerine y\u00f6nelik artan ilgiye ra\u011fmen, halen bir sorun varl\u0131\u011f\u0131n\u0131 hissettirmektedir. Acaba ara\u015ft\u0131rma, planlama ve de\u011ferlendirme konular\u0131nda ne kadar donan\u0131ml\u0131y\u0131z? Acaba e\u011fitim kurumlar\u0131nda ve toplum<span class=\"excerpt-hellip\"> [\u2026]<\/span><\/p>\n","protected":false},"featured_media":0,"template":"","meta":{"_monsterinsights_skip_tracking":false,"_monsterinsights_sitenote_active":false,"_monsterinsights_sitenote_note":"","_monsterinsights_sitenote_category":0},"product_brand":[],"product_cat":[13488],"product_tag":[],"class_list":{"0":"post-697641","1":"product","2":"type-product","3":"status-publish","5":"product_cat-toplum-ve-insan","6":"pa_cilt-ciltsiz","7":"pa_tur-kitap","8":"pa_yayinevi-utopya-yayinevi","9":"pa_yazar-kolektif","11":"first","12":"instock","13":"sale","14":"shipping-taxable","15":"purchasable","16":"product-type-simple"},"_links":{"self":[{"href":"https:\/\/roveyayinevi.com.tr\/index.php\/wp-json\/wp\/v2\/product\/697641","targetHints":{"allow":["GET"]}}],"collection":[{"href":"https:\/\/roveyayinevi.com.tr\/index.php\/wp-json\/wp\/v2\/product"}],"about":[{"href":"https:\/\/roveyayinevi.com.tr\/index.php\/wp-json\/wp\/v2\/types\/product"}],"wp:attachment":[{"href":"https:\/\/roveyayinevi.com.tr\/index.php\/wp-json\/wp\/v2\/media?parent=697641"}],"wp:term":[{"taxonomy":"product_brand","embeddable":true,"href":"https:\/\/roveyayinevi.com.tr\/index.php\/wp-json\/wp\/v2\/product_brand?post=697641"},{"taxonomy":"product_cat","embeddable":true,"href":"https:\/\/roveyayinevi.com.tr\/index.php\/wp-json\/wp\/v2\/product_cat?post=697641"},{"taxonomy":"product_tag","embeddable":true,"href":"https:\/\/roveyayinevi.com.tr\/index.php\/wp-json\/wp\/v2\/product_tag?post=697641"}],"curies":[{"name":"wp","href":"https:\/\/api.w.org\/{rel}","templated":true}]}}