{"id":697639,"date":"2025-08-27T14:41:07","date_gmt":"2025-08-27T11:41:07","guid":{"rendered":"https:\/\/roveyayinevi.com.tr\/index.php\/urun\/siyasal-islamin-arka-bahcesi\/"},"modified":"2026-01-29T02:12:51","modified_gmt":"2026-01-28T23:12:51","slug":"siyasal-islamin-arka-bahcesi","status":"publish","type":"product","link":"https:\/\/roveyayinevi.com.tr\/index.php\/urun\/siyasal-islamin-arka-bahcesi\/","title":{"rendered":"Siyasal \u0130slam\u0131n Arka Bah\u00e7esi"},"content":{"rendered":"<p>A\u00e7\u0131kt\u0131r ki yasaklamak, bir ideolojinin ortadan kalkmas\u0131n\u0131 sa\u011flamaz. \u00d6yle olsayd\u0131, yery\u00fcz\u00fcnde kendisini kabul ettirmi\u015f, insanl\u0131\u011f\u0131n tarihsel ve toplumsal m\u00fccadele s\u00fcrecinde bir \u00e7ok d\u00fcnya g\u00f6r\u00fc\u015f\u00fc ortaya \u00e7\u0131kmaz; kendinden bahsettiremezdi. Halbuki d\u00fcnya d\u00f6n\u00fcyor ve d\u00f6nen d\u00fcnyan\u0131n ger\u00e7eklerini yakalayabilmenin yolu, her \u015feyi en ince ayr\u0131nt\u0131s\u0131na kadar a\u00e7\u0131k a\u00e7\u0131k tart\u0131\u015fmaktan ge\u00e7iyor. Elinizdeki kitab\u0131n amac\u0131 da, \u00f6nyarg\u0131lardan ar\u0131narak, siyasal \u0130slam\u2019\u0131 nesnel \u00f6l\u00e7\u00fcler i\u00e7inde irdelemek olmu\u015ftur. \u0130tiraf etmeliyim ki, s\u00f6ylem ve eylem farkl\u0131la\u015fmas\u0131 ve genel ge\u00e7er ahlaki kavramlar\u0131n ihlal edilmesi konusunda siyasal \u0130slam ile yar\u0131\u015fabilecek tek hareket Nazizm olabilir. Bu kitap ayn\u0131 zamanda b\u00f6yle bir \u00e7aban\u0131n da \u00fcr\u00fcn\u00fcd\u00fcr. 14 y\u00fczy\u0131l \u00f6nce ger\u00e7ekle\u015fme zemini bulan bir toplumsal sistemi,  alt\u0131n \u00e7a\u011f  tan\u0131mlayan siyasal \u0130slamc\u0131lar\u0131n, vaadettikleriyle iktidar s\u00fcre\u00e7lerinde yapt\u0131klar\u0131 aras\u0131ndaki u\u00e7urum, bir atas\u00f6z\u00fcn\u00fc an\u0131msatacak niteliktedir. Evet,  sa\u00e7 kesilmi\u015f ve \u00f6ne d\u00fc\u015fm\u00fc\u015ft\u00fcr . <\/p>\n","protected":false},"excerpt":{"rendered":"<p>A\u00e7\u0131kt\u0131r ki yasaklamak, bir ideolojinin ortadan kalkmas\u0131n\u0131 sa\u011flamaz. \u00d6yle olsayd\u0131, yery\u00fcz\u00fcnde kendisini kabul ettirmi\u015f, insanl\u0131\u011f\u0131n tarihsel ve toplumsal m\u00fccadele s\u00fcrecinde bir \u00e7ok d\u00fcnya g\u00f6r\u00fc\u015f\u00fc ortaya \u00e7\u0131kmaz;<span class=\"excerpt-hellip\"> [\u2026]<\/span><\/p>\n","protected":false},"featured_media":0,"template":"","meta":{"_monsterinsights_skip_tracking":false,"_monsterinsights_sitenote_active":false,"_monsterinsights_sitenote_note":"","_monsterinsights_sitenote_category":0},"product_brand":[],"product_cat":[12965,12337],"product_tag":[],"class_list":{"0":"post-697639","1":"product","2":"type-product","3":"status-publish","5":"product_cat-genel-politika","6":"product_cat-politika-siyaset","7":"pa_cilt-ciltsiz","8":"pa_tur-kitap","9":"pa_yayinevi-utopya-yayinevi","10":"pa_yazar-yuksel-isik","12":"first","13":"instock","14":"sale","15":"shipping-taxable","16":"purchasable","17":"product-type-simple"},"_links":{"self":[{"href":"https:\/\/roveyayinevi.com.tr\/index.php\/wp-json\/wp\/v2\/product\/697639","targetHints":{"allow":["GET"]}}],"collection":[{"href":"https:\/\/roveyayinevi.com.tr\/index.php\/wp-json\/wp\/v2\/product"}],"about":[{"href":"https:\/\/roveyayinevi.com.tr\/index.php\/wp-json\/wp\/v2\/types\/product"}],"wp:attachment":[{"href":"https:\/\/roveyayinevi.com.tr\/index.php\/wp-json\/wp\/v2\/media?parent=697639"}],"wp:term":[{"taxonomy":"product_brand","embeddable":true,"href":"https:\/\/roveyayinevi.com.tr\/index.php\/wp-json\/wp\/v2\/product_brand?post=697639"},{"taxonomy":"product_cat","embeddable":true,"href":"https:\/\/roveyayinevi.com.tr\/index.php\/wp-json\/wp\/v2\/product_cat?post=697639"},{"taxonomy":"product_tag","embeddable":true,"href":"https:\/\/roveyayinevi.com.tr\/index.php\/wp-json\/wp\/v2\/product_tag?post=697639"}],"curies":[{"name":"wp","href":"https:\/\/api.w.org\/{rel}","templated":true}]}}