{"id":697638,"date":"2025-08-27T14:41:06","date_gmt":"2025-08-27T11:41:06","guid":{"rendered":"https:\/\/roveyayinevi.com.tr\/index.php\/urun\/sanat-sosyolojisine-giris\/"},"modified":"2026-01-29T02:12:51","modified_gmt":"2026-01-28T23:12:51","slug":"sanat-sosyolojisine-giris","status":"publish","type":"product","link":"https:\/\/roveyayinevi.com.tr\/index.php\/urun\/sanat-sosyolojisine-giris\/","title":{"rendered":"Sanat Sosyolojisine Giri\u015f"},"content":{"rendered":"<p>Sanat\u0131 ve sanat yap\u0131tlar\u0131n\u0131 farkl\u0131 a\u00e7\u0131lardan incelemek olas\u0131d\u0131r. Bu incelemelerden hi\u00e7biri di\u011ferine oranla daha ye\u011flenir ya da daha az ye\u011flenir olamaz. Yeter ki amaca uygun d\u00fc\u015fs\u00fcn.Sanat; bireyi, bireyleri esas ald\u0131\u011f\u0131ndan, sanat\u0131n hem varl\u0131k nedeni, hem de varl\u0131\u011f\u0131n\u0131 s\u00fcrd\u00fcr\u00fc\u015f yolu bireyler oldu\u011fundan, sanat\u0131, sosyolojik \u00f6l\u00e7\u00fctlerle de de\u011ferlendirmek ka\u00e7\u0131n\u0131lmazd\u0131r.Sanat, belli bir sosyal yap\u0131n\u0131n, hem d\u00fcn\u00fcyle, hem bug\u00fcn\u00fcyle, hem de yar\u0131n\u0131yla do\u011frudan ilintilidir. Yani sanat, bir anlamda toplumlar\u0131n kimli\u011fidir. Bu nedenle sanat\u0131 irdelemek i\u00e7in, bekli de \u00f6nce varedildi\u011fi ya da hem varedildi\u011fi, hem de ya\u015fad\u0131\u011f\u0131 toplumu tan\u0131mak gerekir.Sosyo politik, sosyo k\u00fclt\u00fcrel, sosyo ekonomik ko\u015fullarla sanat\u0131n ve alanlar\u0131n\u0131n aras\u0131ndaki ba\u011f, sanat\u0131n hem niteli\u011fi, hem de niceli\u011fi bak\u0131m\u0131ndan son derece \u00f6nemlidir. Bir toplumda ni\u00e7in senfonik m\u00fczik bestelenmez, bestelense bile be\u011fenilmez? Ni\u00e7in bale sanat\u0131 sadece uyarlama d\u00fczeyinde kal\u0131r? Ya da ni\u00e7in resim evrensel bir boyuta ula\u015famaz? Bu ve buna benzer sorgulamazlarda do\u011fru yan\u0131t, sosyal yap\u0131 ara\u015ft\u0131rmalar\u0131ndan ge\u00e7er.Bu kitap, sanata sosyolojik a\u00e7\u0131dan bakma gerek\u00e7elerini ve yollar\u0131n\u0131 g\u00f6steren bir giri\u015f kitab\u0131d\u0131r, bir tan\u0131t\u0131m \u00e7al\u0131\u015fmas\u0131d\u0131r. Belki ikinci kitap da uygulamaya ve \u00f6rneklemeye d\u00f6n\u00fck olur, kim bilir? <\/p>\n","protected":false},"excerpt":{"rendered":"<p>Sanat\u0131 ve sanat yap\u0131tlar\u0131n\u0131 farkl\u0131 a\u00e7\u0131lardan incelemek olas\u0131d\u0131r. Bu incelemelerden hi\u00e7biri di\u011ferine oranla daha ye\u011flenir ya da daha az ye\u011flenir olamaz. Yeter ki amaca uygun d\u00fc\u015fs\u00fcn.Sanat;<span class=\"excerpt-hellip\"> [\u2026]<\/span><\/p>\n","protected":false},"featured_media":0,"template":"","meta":{"_monsterinsights_skip_tracking":false,"_monsterinsights_sitenote_active":false,"_monsterinsights_sitenote_note":"","_monsterinsights_sitenote_category":0},"product_brand":[],"product_cat":[12408,14197],"product_tag":[],"class_list":{"0":"post-697638","1":"product","2":"type-product","3":"status-publish","5":"product_cat-sanat","6":"product_cat-sanat-tarihi","7":"pa_cilt-ciltsiz","8":"pa_tur-kitap","9":"pa_yayinevi-utopya-yayinevi","10":"pa_yazar-sitki-m-erinc","12":"first","13":"instock","14":"sale","15":"shipping-taxable","16":"purchasable","17":"product-type-simple"},"_links":{"self":[{"href":"https:\/\/roveyayinevi.com.tr\/index.php\/wp-json\/wp\/v2\/product\/697638","targetHints":{"allow":["GET"]}}],"collection":[{"href":"https:\/\/roveyayinevi.com.tr\/index.php\/wp-json\/wp\/v2\/product"}],"about":[{"href":"https:\/\/roveyayinevi.com.tr\/index.php\/wp-json\/wp\/v2\/types\/product"}],"wp:attachment":[{"href":"https:\/\/roveyayinevi.com.tr\/index.php\/wp-json\/wp\/v2\/media?parent=697638"}],"wp:term":[{"taxonomy":"product_brand","embeddable":true,"href":"https:\/\/roveyayinevi.com.tr\/index.php\/wp-json\/wp\/v2\/product_brand?post=697638"},{"taxonomy":"product_cat","embeddable":true,"href":"https:\/\/roveyayinevi.com.tr\/index.php\/wp-json\/wp\/v2\/product_cat?post=697638"},{"taxonomy":"product_tag","embeddable":true,"href":"https:\/\/roveyayinevi.com.tr\/index.php\/wp-json\/wp\/v2\/product_tag?post=697638"}],"curies":[{"name":"wp","href":"https:\/\/api.w.org\/{rel}","templated":true}]}}