{"id":697636,"date":"2025-08-27T14:41:06","date_gmt":"2025-08-27T11:41:06","guid":{"rendered":"https:\/\/roveyayinevi.com.tr\/index.php\/urun\/ekonomik-dehset\/"},"modified":"2026-01-29T02:12:51","modified_gmt":"2026-01-28T23:12:51","slug":"ekonomik-dehset","status":"publish","type":"product","link":"https:\/\/roveyayinevi.com.tr\/index.php\/urun\/ekonomik-dehset\/","title":{"rendered":"Ekonomik Deh\u015fet"},"content":{"rendered":"<p>Yirmiden fazla dile \u00e7evrilerek uluslararas\u0131 bir ba\u015far\u0131ya eri\u015fen Ekonomik Deh\u015fet, \u00f6zellikle k\u0131ta Avrupa\u2019s\u0131nda yo\u011fun ilgiyle kar\u015f\u0131lanm\u0131\u015f, Das Kapital\u2019den sonra en \u00e7ok satan \u2018ekonomi kitab\u0131\u2019 olmu\u015ftur. Bu yap\u0131t\u0131yla d\u0131\u015flanm\u0131\u015flar\u0131n \/ i\u015fsizlerin \/ yok say\u0131lanlar\u0131n \u2018hissiyat\u0131n\u0131\u2019 dile getiren Forrester, ekonomi ve siyasete egemen olan se\u00e7kinlerin i\u015f, i\u015fsizlik ve \u00e7al\u0131\u015fma\u2019ya dair ikiy\u00fczy\u00fc ve sahteci tutumlar\u0131n\u0131 g\u00f6zler \u00f6n\u00fcne sermekte, \u2018tam istihdam\u2019\u0131n bir aldatmaca oldu\u011funu, ya\u015fanan s\u00fcrecin yoksullu\u011fun ve yoksunlu\u011fun k\u00fcreselle\u015fmesinden \u00f6te bir anlam ta\u015f\u0131mad\u0131\u011f\u0131n\u0131 ileri s\u00fcrerek neo-liberal uygulamalar\u0131n ipli\u011fini pazara \u00e7\u0131karmaktad\u0131r. \u2018Sistem a\u00e7\u0131s\u0131ndan, insanlar\u0131 genel bir kay\u0131ts\u0131zl\u0131k havas\u0131na sokmak, onlardan k\u0131smi bir destek almaktan, hatta b\u00fcy\u00fck bir destek almaktan daha b\u00fcy\u00fck bir zaferdir. &#8230; s\u00f6m\u00fcr\u00fclmekten daha beter ne olabilir? S\u00f6m\u00fcr\u00fclmeye bile de\u011fmez olmak! Kald\u0131r\u0131mlar bizim mevcut sistemlerimizden daha yufka y\u00fcrekli, daha merhametlidir. Ki\u015finin ya\u015famay\u0131  hak etmesi  i\u00e7in illa birilerine kar ettirmesi mi gerekiyor? Hangi felaket, ayn\u0131 felaketi giderme amac\u0131yla d\u00fc\u015f\u00fcn\u00fcl\u00fcp tasarlanm\u0131\u015f \u00f6nlemlerden daha feci olabilir? &#8211; Viviane Forrester <\/p>\n","protected":false},"excerpt":{"rendered":"<p>Yirmiden fazla dile \u00e7evrilerek uluslararas\u0131 bir ba\u015far\u0131ya eri\u015fen Ekonomik Deh\u015fet, \u00f6zellikle k\u0131ta Avrupa\u2019s\u0131nda yo\u011fun ilgiyle kar\u015f\u0131lanm\u0131\u015f, Das Kapital\u2019den sonra en \u00e7ok satan \u2018ekonomi kitab\u0131\u2019 olmu\u015ftur. Bu<span class=\"excerpt-hellip\"> [\u2026]<\/span><\/p>\n","protected":false},"featured_media":0,"template":"","meta":{"_monsterinsights_skip_tracking":false,"_monsterinsights_sitenote_active":false,"_monsterinsights_sitenote_note":"","_monsterinsights_sitenote_category":0},"product_brand":[],"product_cat":[13044,13043],"product_tag":[],"class_list":{"0":"post-697636","1":"product","2":"type-product","3":"status-publish","5":"product_cat-dunya-ekonomisi","6":"product_cat-ekonomi","7":"pa_cilt-ciltsiz","8":"pa_tur-kitap","9":"pa_yayinevi-utopya-yayinevi","10":"pa_yazar-viviane-forrester","12":"first","13":"instock","14":"sale","15":"shipping-taxable","16":"purchasable","17":"product-type-simple"},"_links":{"self":[{"href":"https:\/\/roveyayinevi.com.tr\/index.php\/wp-json\/wp\/v2\/product\/697636","targetHints":{"allow":["GET"]}}],"collection":[{"href":"https:\/\/roveyayinevi.com.tr\/index.php\/wp-json\/wp\/v2\/product"}],"about":[{"href":"https:\/\/roveyayinevi.com.tr\/index.php\/wp-json\/wp\/v2\/types\/product"}],"wp:attachment":[{"href":"https:\/\/roveyayinevi.com.tr\/index.php\/wp-json\/wp\/v2\/media?parent=697636"}],"wp:term":[{"taxonomy":"product_brand","embeddable":true,"href":"https:\/\/roveyayinevi.com.tr\/index.php\/wp-json\/wp\/v2\/product_brand?post=697636"},{"taxonomy":"product_cat","embeddable":true,"href":"https:\/\/roveyayinevi.com.tr\/index.php\/wp-json\/wp\/v2\/product_cat?post=697636"},{"taxonomy":"product_tag","embeddable":true,"href":"https:\/\/roveyayinevi.com.tr\/index.php\/wp-json\/wp\/v2\/product_tag?post=697636"}],"curies":[{"name":"wp","href":"https:\/\/api.w.org\/{rel}","templated":true}]}}