{"id":697634,"date":"2025-08-27T14:40:58","date_gmt":"2025-08-27T11:40:58","guid":{"rendered":"https:\/\/roveyayinevi.com.tr\/index.php\/urun\/dini-ve-etnik-kimlikleriyle-nusayriler\/"},"modified":"2026-01-29T02:12:51","modified_gmt":"2026-01-28T23:12:51","slug":"dini-ve-etnik-kimlikleriyle-nusayriler","status":"publish","type":"product","link":"https:\/\/roveyayinevi.com.tr\/index.php\/urun\/dini-ve-etnik-kimlikleriyle-nusayriler\/","title":{"rendered":"Dini ve Etnik Kimlikleriyle Nusayriler"},"content":{"rendered":"<p>Nusayriler\/Arap Alevileri, \u00e7ok farkl\u0131 inan\u00e7 ve etnik kimli\u011fi b\u00fcnyesinde bar\u0131nd\u0131ran \u00fclkemizde, inan\u00e7sal \u00f6rg\u00fctlenmelerinin gizlili\u011finden dolay\u0131 y\u0131llarca farkl\u0131 anla\u015f\u0131lm\u0131\u015f ve \u00f6nyarg\u0131lar\u0131 a\u015famayan ifadelere maruz kalm\u0131\u015flard\u0131r. \u00dclkemizde Hatay, Adana ve Mersin b\u00f6lgelerinde yo\u011fun olarak ya\u015fayan Nusayriler, bu kitapta; etnik ve dini yap\u0131lar\u0131, tarihleri ve k\u00fclt\u00fcrleriyle kapsaml\u0131 olarak ele al\u0131nm\u0131\u015ft\u0131r. Dini ve Etnik Kimlikleri\u2019yle Nusayriler (Arap Alevileri) \u00e7al\u0131\u015fmas\u0131n\u0131n, \u00f6nyarg\u0131lar\u0131 a\u015fmaya ve bir zenginli\u011fimizi daha yak\u0131ndan tan\u0131maya katk\u0131s\u0131 olaca\u011f\u0131n\u0131 umuyoruz. <\/p>\n","protected":false},"excerpt":{"rendered":"<p>Nusayriler\/Arap Alevileri, \u00e7ok farkl\u0131 inan\u00e7 ve etnik kimli\u011fi b\u00fcnyesinde bar\u0131nd\u0131ran \u00fclkemizde, inan\u00e7sal \u00f6rg\u00fctlenmelerinin gizlili\u011finden dolay\u0131 y\u0131llarca farkl\u0131 anla\u015f\u0131lm\u0131\u015f ve \u00f6nyarg\u0131lar\u0131 a\u015famayan ifadelere maruz kalm\u0131\u015flard\u0131r. \u00dclkemizde Hatay,<span class=\"excerpt-hellip\"> [\u2026]<\/span><\/p>\n","protected":false},"featured_media":0,"template":"","meta":{"_monsterinsights_skip_tracking":false,"_monsterinsights_sitenote_active":false,"_monsterinsights_sitenote_note":"","_monsterinsights_sitenote_category":0},"product_brand":[],"product_cat":[13656,12337],"product_tag":[],"class_list":{"0":"post-697634","1":"product","2":"type-product","3":"status-publish","5":"product_cat-azinliklar-etnik-sorunlar","6":"product_cat-politika-siyaset","7":"pa_cilt-ciltsiz","8":"pa_tur-kitap","9":"pa_yayinevi-utopya-yayinevi","10":"pa_yazar-ergin-sertel","12":"first","13":"instock","14":"sale","15":"shipping-taxable","16":"purchasable","17":"product-type-simple"},"_links":{"self":[{"href":"https:\/\/roveyayinevi.com.tr\/index.php\/wp-json\/wp\/v2\/product\/697634","targetHints":{"allow":["GET"]}}],"collection":[{"href":"https:\/\/roveyayinevi.com.tr\/index.php\/wp-json\/wp\/v2\/product"}],"about":[{"href":"https:\/\/roveyayinevi.com.tr\/index.php\/wp-json\/wp\/v2\/types\/product"}],"wp:attachment":[{"href":"https:\/\/roveyayinevi.com.tr\/index.php\/wp-json\/wp\/v2\/media?parent=697634"}],"wp:term":[{"taxonomy":"product_brand","embeddable":true,"href":"https:\/\/roveyayinevi.com.tr\/index.php\/wp-json\/wp\/v2\/product_brand?post=697634"},{"taxonomy":"product_cat","embeddable":true,"href":"https:\/\/roveyayinevi.com.tr\/index.php\/wp-json\/wp\/v2\/product_cat?post=697634"},{"taxonomy":"product_tag","embeddable":true,"href":"https:\/\/roveyayinevi.com.tr\/index.php\/wp-json\/wp\/v2\/product_tag?post=697634"}],"curies":[{"name":"wp","href":"https:\/\/api.w.org\/{rel}","templated":true}]}}