{"id":697632,"date":"2025-08-27T14:40:57","date_gmt":"2025-08-27T11:40:57","guid":{"rendered":"https:\/\/roveyayinevi.com.tr\/index.php\/urun\/olu-kopegin-disleri\/"},"modified":"2026-04-16T02:07:19","modified_gmt":"2026-04-15T23:07:19","slug":"olu-kopegin-disleri","status":"publish","type":"product","link":"https:\/\/roveyayinevi.com.tr\/index.php\/urun\/olu-kopegin-disleri\/","title":{"rendered":"\u00d6l\u00fc K\u00f6pe\u011fin Di\u015fleri"},"content":{"rendered":"<p>Toprak, suyu sever \u00fcr\u00fcn vermek i\u00e7in. Su, g\u00fcne\u015fi sever buharla\u015fmak i\u00e7in. Buhar, bulutu sever yo\u011funla\u015fmak i\u00e7in. Bulut, r\u00fczgar\u0131 sever rahmet g\u00f6t\u00fcrmek i\u00e7in. R\u00fczgar, yama\u00e7lar\u0131 sever h\u0131zlanmak i\u00e7in. Yama\u00e7lar, ormanlar\u0131 sever su depolamak i\u00e7in. Ormanlar a\u011fa\u00e7lar\u0131 sever canl\u0131lar\u0131 ya\u015fatmak i\u00e7in. A\u011fa\u00e7lar, topra\u011f\u0131 sever k\u00f6k salmak i\u00e7in. Toprak, ye\u015fillikleri sever \u00fcr\u00fcn vermek i\u00e7in. B\u00f6ylesine bir sevgi d\u00f6ng\u00fcs\u00fc ile su topra\u011fa, toprak da suya rahmet olur. Bulutlar a\u011flamazsa ye\u015fillikler nas\u0131l g\u00fcls\u00fcn? Ama bulutlar hep a\u011flayacak ye\u015fillikler hep g\u00fclecek midir? Hay\u0131r, G\u00fcne\u015f aniden a\u00e7ar o zaman bulutlar sevinerek g\u00fcler; bu kez sarar\u0131p solan \u00e7imenler olur. Kader mi yoksa hassas denge mi? Olaylara olumlu y\u00f6nden bakanlar i\u00e7in, canl\u0131 ya da cans\u0131z her varl\u0131k, evren sahnesinde, kendisine ne g\u00f6rev verilmi\u015fse, yerinde ve zaman\u0131nda onu yerine getirmek ve daha \u00fcst d\u00fczeye \u00e7\u0131kabilmek; yani kem\u00e2le ula\u015farak, olgunlu\u011fa eri\u015fmek i\u00e7in durmaks\u0131z\u0131n didinir, \u00e7abalar ve \u00e7\u0131rp\u0131n\u0131r. G\u00fcne\u015fe baksan\u0131za! Bir salk\u0131m koru\u011fu, bir salk\u0131m \u00fcz\u00fcm haline getirmek i\u00e7in ne kadar u\u011fra\u015f veriyor? \ufffcTan\u0131t\u0131m Metni<\/p>\n","protected":false},"excerpt":{"rendered":"<p>Toprak, suyu sever \u00fcr\u00fcn vermek i\u00e7in. Su, g\u00fcne\u015fi sever buharla\u015fmak i\u00e7in. Buhar, bulutu sever yo\u011funla\u015fmak i\u00e7in. Bulut, r\u00fczgar\u0131 sever rahmet g\u00f6t\u00fcrmek i\u00e7in. R\u00fczgar, yama\u00e7lar\u0131 sever h\u0131zlanmak<span class=\"excerpt-hellip\"> [\u2026]<\/span><\/p>\n","protected":false},"featured_media":0,"template":"","meta":{"_monsterinsights_skip_tracking":false,"_monsterinsights_sitenote_active":false,"_monsterinsights_sitenote_note":"","_monsterinsights_sitenote_category":0},"product_brand":[],"product_cat":[13036,12718,12719],"product_tag":[],"class_list":{"0":"post-697632","1":"product","2":"type-product","3":"status-publish","5":"product_cat-arastirma-inceleme-islam","6":"product_cat-din","7":"product_cat-islam","8":"pa_tur-kitap","9":"pa_yayinevi-sule-yayinlari","10":"pa_yazar-taskin-tuna","12":"first","13":"instock","14":"sale","15":"shipping-taxable","16":"purchasable","17":"product-type-simple"},"_links":{"self":[{"href":"https:\/\/roveyayinevi.com.tr\/index.php\/wp-json\/wp\/v2\/product\/697632","targetHints":{"allow":["GET"]}}],"collection":[{"href":"https:\/\/roveyayinevi.com.tr\/index.php\/wp-json\/wp\/v2\/product"}],"about":[{"href":"https:\/\/roveyayinevi.com.tr\/index.php\/wp-json\/wp\/v2\/types\/product"}],"wp:attachment":[{"href":"https:\/\/roveyayinevi.com.tr\/index.php\/wp-json\/wp\/v2\/media?parent=697632"}],"wp:term":[{"taxonomy":"product_brand","embeddable":true,"href":"https:\/\/roveyayinevi.com.tr\/index.php\/wp-json\/wp\/v2\/product_brand?post=697632"},{"taxonomy":"product_cat","embeddable":true,"href":"https:\/\/roveyayinevi.com.tr\/index.php\/wp-json\/wp\/v2\/product_cat?post=697632"},{"taxonomy":"product_tag","embeddable":true,"href":"https:\/\/roveyayinevi.com.tr\/index.php\/wp-json\/wp\/v2\/product_tag?post=697632"}],"curies":[{"name":"wp","href":"https:\/\/api.w.org\/{rel}","templated":true}]}}