{"id":697630,"date":"2025-08-27T14:40:57","date_gmt":"2025-08-27T11:40:57","guid":{"rendered":"https:\/\/roveyayinevi.com.tr\/index.php\/urun\/osmanlica-turkce-sozluk\/"},"modified":"2026-04-16T02:07:19","modified_gmt":"2026-04-15T23:07:19","slug":"osmanlica-turkce-sozluk","status":"publish","type":"product","link":"https:\/\/roveyayinevi.com.tr\/index.php\/urun\/osmanlica-turkce-sozluk\/","title":{"rendered":"Osmanl\u0131ca T\u00fcrk\u00e7e S\u00f6zl\u00fck"},"content":{"rendered":"<p>Bilgi Yay\u0131nevi Yay\u0131n Kurulu taraf\u0131ndan uzmanlar\u0131n \u00f6nerileri g\u00f6z \u00f6n\u00fcnde tutularak haz\u0131rlanan bu s\u00f6zl\u00fck, lise ve \u00fcniversiteli gen\u00e7lerin yan\u0131 s\u0131ra yeti\u015fkinlerin de her zaman g\u00fcvenle ba\u015fvurabilecekleri kapsaml\u0131 bir eserdir. <\/p>\n","protected":false},"excerpt":{"rendered":"<p>Bilgi Yay\u0131nevi Yay\u0131n Kurulu taraf\u0131ndan uzmanlar\u0131n \u00f6nerileri g\u00f6z \u00f6n\u00fcnde tutularak haz\u0131rlanan bu s\u00f6zl\u00fck, lise ve \u00fcniversiteli gen\u00e7lerin yan\u0131 s\u0131ra yeti\u015fkinlerin de her zaman g\u00fcvenle ba\u015fvurabilecekleri kapsaml\u0131<span class=\"excerpt-hellip\"> [\u2026]<\/span><\/p>\n","protected":false},"featured_media":0,"template":"","meta":{"_monsterinsights_skip_tracking":false,"_monsterinsights_sitenote_active":false,"_monsterinsights_sitenote_note":"","_monsterinsights_sitenote_category":0},"product_brand":[],"product_cat":[12566,29154,13611],"product_tag":[],"class_list":{"0":"post-697630","1":"product","2":"type-product","3":"status-publish","5":"product_cat-egitim","6":"product_cat-osmanlica-sozlukler","7":"product_cat-sozlukler-ve-konusma-kilavuzlari","8":"pa_tur-kitap","9":"pa_yayinevi-bilgi-yayinevi","10":"pa_yazar-kolektif","12":"first","13":"instock","14":"sale","15":"shipping-taxable","16":"purchasable","17":"product-type-simple"},"_links":{"self":[{"href":"https:\/\/roveyayinevi.com.tr\/index.php\/wp-json\/wp\/v2\/product\/697630","targetHints":{"allow":["GET"]}}],"collection":[{"href":"https:\/\/roveyayinevi.com.tr\/index.php\/wp-json\/wp\/v2\/product"}],"about":[{"href":"https:\/\/roveyayinevi.com.tr\/index.php\/wp-json\/wp\/v2\/types\/product"}],"wp:attachment":[{"href":"https:\/\/roveyayinevi.com.tr\/index.php\/wp-json\/wp\/v2\/media?parent=697630"}],"wp:term":[{"taxonomy":"product_brand","embeddable":true,"href":"https:\/\/roveyayinevi.com.tr\/index.php\/wp-json\/wp\/v2\/product_brand?post=697630"},{"taxonomy":"product_cat","embeddable":true,"href":"https:\/\/roveyayinevi.com.tr\/index.php\/wp-json\/wp\/v2\/product_cat?post=697630"},{"taxonomy":"product_tag","embeddable":true,"href":"https:\/\/roveyayinevi.com.tr\/index.php\/wp-json\/wp\/v2\/product_tag?post=697630"}],"curies":[{"name":"wp","href":"https:\/\/api.w.org\/{rel}","templated":true}]}}