{"id":697627,"date":"2025-08-27T14:40:56","date_gmt":"2025-08-27T11:40:56","guid":{"rendered":"https:\/\/roveyayinevi.com.tr\/index.php\/urun\/butun-tiyatro-eserleri-harputta-bir-amerikali-hepimiz-birimiz-icin\/"},"modified":"2026-04-16T02:07:19","modified_gmt":"2026-04-15T23:07:19","slug":"butun-tiyatro-eserleri-harputta-bir-amerikali-hepimiz-birimiz-icin","status":"publish","type":"product","link":"https:\/\/roveyayinevi.com.tr\/index.php\/urun\/butun-tiyatro-eserleri-harputta-bir-amerikali-hepimiz-birimiz-icin\/","title":{"rendered":"B\u00fct\u00fcn Tiyatro Eserleri Harput\u2019ta Bir Amerikal\u0131 &#8211; Hepimiz Birimiz \u0130\u00e7in"},"content":{"rendered":"<p>1905 y\u0131l\u0131nda Edirne\u2019de do\u011fdu. Ey\u00fcp R\u00fc\u015ftiyesi ve \u0130stanbul \u0130dadisi\u2019ni bitirdi. Milli M\u00fccadele\u2019ye kat\u0131larak Anadolu\u2019ya ge\u00e7ti. 1928 y\u0131l\u0131na kadar TBMM Matbaas\u0131\u2019nda d\u00fczeltmen, sonras\u0131nda TBMM zab\u0131t k\u00e2tibi olarak \u00e7al\u0131\u015ft\u0131. \u0130stanbul\u2019a d\u00f6nerek Vakit, Son Saat, Cumhuriyet gazetelerinde muhabirlik, yazarl\u0131k ve yaz\u0131i\u015fleri m\u00fcd\u00fcrl\u00fc\u011f\u00fc yapt\u0131. 1952-1959 y\u0131llar\u0131 aras\u0131nda \u0130stanbul Gazeteciler Cemiyeti ba\u015fkanl\u0131\u011f\u0131n\u0131, son olarak da Oyun Yazarlar\u0131 Derne\u011fi\u2019nin ba\u015fkanl\u0131\u011f\u0131n\u0131 y\u00fcr\u00fctt\u00fc. 1971 y\u0131l\u0131nda kalp krizi sonucu hayata veda etti. Oyun yazmaya Muhsin Ertu\u011frul\u2019un te\u015fvikiyle 1942\u2019de ba\u015flad\u0131. \u0130lk oyunu  B\u00fcy\u00fck \u015eehir  \u0130stanbul \u015eehir Tiyatrolar\u0131\u2019nda 1942-1943 sezonunda sahnelendi. Oyunlar\u0131nda a\u011f\u0131rl\u0131kl\u0131 olarak orta tabakan\u0131n ya\u015fam bi\u00e7imini, sorunlar\u0131n\u0131 ele ald\u0131. Bununla birlikte Cumhuriyet sonras\u0131 toplumdaki d\u00f6n\u00fc\u015f\u00fcmleri, sosyal s\u0131n\u0131flar aras\u0131ndaki \u00e7at\u0131\u015fma ve \u00e7eli\u015fkileri, ku\u015faklar aras\u0131 z\u0131tl\u0131klar\u0131 ger\u00e7ek\u00e7i bir \u00fcslupla aktar\u0131rken, ayn\u0131 zamanda ustal\u0131kla hicvetti. D\u00f6neminin siyasal ya\u015fam\u0131na da sessiz kalmayarak oyunlar\u0131nda dar gelirli, ezilen kesimin yan\u0131nda yer al\u0131rken toplumun de\u011fi\u015fen de\u011ferlerine duydu\u011fu tepkiyi eserlerine incelikle yans\u0131tt\u0131.  Paydos  ile yurt d\u0131\u015f\u0131nda oyunu sergilenen ilk T\u00fcrk oyun yazar\u0131 unvan\u0131n\u0131 ald\u0131. <\/p>\n","protected":false},"excerpt":{"rendered":"<p>1905 y\u0131l\u0131nda Edirne\u2019de do\u011fdu. Ey\u00fcp R\u00fc\u015ftiyesi ve \u0130stanbul \u0130dadisi\u2019ni bitirdi. Milli M\u00fccadele\u2019ye kat\u0131larak Anadolu\u2019ya ge\u00e7ti. 1928 y\u0131l\u0131na kadar TBMM Matbaas\u0131\u2019nda d\u00fczeltmen, sonras\u0131nda TBMM zab\u0131t k\u00e2tibi olarak<span class=\"excerpt-hellip\"> [\u2026]<\/span><\/p>\n","protected":false},"featured_media":0,"template":"","meta":{"_monsterinsights_skip_tracking":false,"_monsterinsights_sitenote_active":false,"_monsterinsights_sitenote_note":"","_monsterinsights_sitenote_category":0},"product_brand":[],"product_cat":[12291,14272],"product_tag":[],"class_list":{"0":"post-697627","1":"product","2":"type-product","3":"status-publish","5":"product_cat-edebiyat","6":"product_cat-tiyatro","7":"pa_cilt-ciltsiz","8":"pa_tur-kitap","9":"pa_yayinevi-inkilap-kitabevi","10":"pa_yazar-cevat-fehmi-baskut","12":"first","13":"instock","14":"sale","15":"shipping-taxable","16":"purchasable","17":"product-type-simple"},"_links":{"self":[{"href":"https:\/\/roveyayinevi.com.tr\/index.php\/wp-json\/wp\/v2\/product\/697627","targetHints":{"allow":["GET"]}}],"collection":[{"href":"https:\/\/roveyayinevi.com.tr\/index.php\/wp-json\/wp\/v2\/product"}],"about":[{"href":"https:\/\/roveyayinevi.com.tr\/index.php\/wp-json\/wp\/v2\/types\/product"}],"wp:attachment":[{"href":"https:\/\/roveyayinevi.com.tr\/index.php\/wp-json\/wp\/v2\/media?parent=697627"}],"wp:term":[{"taxonomy":"product_brand","embeddable":true,"href":"https:\/\/roveyayinevi.com.tr\/index.php\/wp-json\/wp\/v2\/product_brand?post=697627"},{"taxonomy":"product_cat","embeddable":true,"href":"https:\/\/roveyayinevi.com.tr\/index.php\/wp-json\/wp\/v2\/product_cat?post=697627"},{"taxonomy":"product_tag","embeddable":true,"href":"https:\/\/roveyayinevi.com.tr\/index.php\/wp-json\/wp\/v2\/product_tag?post=697627"}],"curies":[{"name":"wp","href":"https:\/\/api.w.org\/{rel}","templated":true}]}}