{"id":697625,"date":"2025-08-27T14:40:55","date_gmt":"2025-08-27T11:40:55","guid":{"rendered":"https:\/\/roveyayinevi.com.tr\/index.php\/urun\/dinle-sozu-sevgiliden\/"},"modified":"2026-04-16T02:07:19","modified_gmt":"2026-04-15T23:07:19","slug":"dinle-sozu-sevgiliden","status":"publish","type":"product","link":"https:\/\/roveyayinevi.com.tr\/index.php\/urun\/dinle-sozu-sevgiliden\/","title":{"rendered":"Dinle S\u00f6z\u00fc Sevgili&#8217;den"},"content":{"rendered":"<p>Dinle S\u00f6z\u00fc Sevgili\u2019den\u2026M\u00fcnire Dani\u015f, yeni kitab\u0131 Dinle S\u00f6z\u00fc Sevgili\u2019den ile Resulullah\u2019\u0131n dilinden d\u00f6k\u00fclen s\u00f6zlerine, halinden d\u00f6k\u00fclen \u00f6z\u00fcne \u015fahit k\u0131l\u0131nan ashab\u0131n ya\u015fad\u0131\u011f\u0131 olaylar\u0131, yine kendine has hikaye \u00fcslubuyla okuyucusuyla payla\u015f\u0131yor\u2026Birinde emel ve ecel ili\u015fkisini anlatmak maksad\u0131yla bir dal\u0131n ucuyla yere \u015fekil \u00e7izen ve bunun manas\u0131n\u0131 ashab\u0131na sorarken buluyoruz Allah Resul\u00fc\u2019n\u00fc, bir di\u011ferinde ma\u011farada kalan \u00fc\u00e7 arkada\u015f\u0131n halini anlatarak en hay\u0131rl\u0131 amelleri haberini verirken, bir di\u011ferinde Allah Resul\u00fc\u2019n\u00fcn huzurundaki halini muhafaza edemeyen Hanzala\u2019n\u0131n, \u201cYa Resulallah! Hanzala m\u00fcnaf\u0131k oldu!\u201d nidas\u0131na kar\u015f\u0131l\u0131k verdi\u011fi s\u00fck\u00fbnet soluklu cevab\u0131yla kar\u015f\u0131 kar\u015f\u0131ya kal\u0131yoruz\u2026Allah Resul\u00fc o g\u00fcn en yak\u0131n\u0131nda bulunan dostlar\u0131na ne s\u00f6ylediyse bug\u00fcn bize s\u00f6ylemi\u015f gibi dinleyebilmek i\u00e7in Dinle S\u00f6z\u00fc Sevgili\u2019den mutlaka okunmas\u0131 gereken bir eser\u2026 <\/p>\n","protected":false},"excerpt":{"rendered":"<p>Dinle S\u00f6z\u00fc Sevgili\u2019den\u2026M\u00fcnire Dani\u015f, yeni kitab\u0131 Dinle S\u00f6z\u00fc Sevgili\u2019den ile Resulullah\u2019\u0131n dilinden d\u00f6k\u00fclen s\u00f6zlerine, halinden d\u00f6k\u00fclen \u00f6z\u00fcne \u015fahit k\u0131l\u0131nan ashab\u0131n ya\u015fad\u0131\u011f\u0131 olaylar\u0131, yine kendine has hikaye<span class=\"excerpt-hellip\"> [\u2026]<\/span><\/p>\n","protected":false},"featured_media":0,"template":"","meta":{"_monsterinsights_skip_tracking":false,"_monsterinsights_sitenote_active":false,"_monsterinsights_sitenote_note":"","_monsterinsights_sitenote_category":0},"product_brand":[],"product_cat":[12718,12719,12720],"product_tag":[],"class_list":{"0":"post-697625","1":"product","2":"type-product","3":"status-publish","5":"product_cat-din","6":"product_cat-islam","7":"product_cat-tasavvuf-mezhepler-tarikatlar","8":"pa_tur-kitap","9":"pa_yayinevi-timas-yayinlari","10":"pa_yazar-munire-danis","12":"first","13":"instock","14":"sale","15":"shipping-taxable","16":"purchasable","17":"product-type-simple"},"_links":{"self":[{"href":"https:\/\/roveyayinevi.com.tr\/index.php\/wp-json\/wp\/v2\/product\/697625","targetHints":{"allow":["GET"]}}],"collection":[{"href":"https:\/\/roveyayinevi.com.tr\/index.php\/wp-json\/wp\/v2\/product"}],"about":[{"href":"https:\/\/roveyayinevi.com.tr\/index.php\/wp-json\/wp\/v2\/types\/product"}],"wp:attachment":[{"href":"https:\/\/roveyayinevi.com.tr\/index.php\/wp-json\/wp\/v2\/media?parent=697625"}],"wp:term":[{"taxonomy":"product_brand","embeddable":true,"href":"https:\/\/roveyayinevi.com.tr\/index.php\/wp-json\/wp\/v2\/product_brand?post=697625"},{"taxonomy":"product_cat","embeddable":true,"href":"https:\/\/roveyayinevi.com.tr\/index.php\/wp-json\/wp\/v2\/product_cat?post=697625"},{"taxonomy":"product_tag","embeddable":true,"href":"https:\/\/roveyayinevi.com.tr\/index.php\/wp-json\/wp\/v2\/product_tag?post=697625"}],"curies":[{"name":"wp","href":"https:\/\/api.w.org\/{rel}","templated":true}]}}