{"id":697619,"date":"2025-08-27T14:40:54","date_gmt":"2025-08-27T11:40:54","guid":{"rendered":"https:\/\/roveyayinevi.com.tr\/index.php\/urun\/kurtlara-soyle-eve-dondum\/"},"modified":"2026-04-16T02:07:18","modified_gmt":"2026-04-15T23:07:18","slug":"kurtlara-soyle-eve-dondum","status":"publish","type":"product","link":"https:\/\/roveyayinevi.com.tr\/index.php\/urun\/kurtlara-soyle-eve-dondum\/","title":{"rendered":"Kurtlara S\u00f6yle Eve D\u00f6nd\u00fcm"},"content":{"rendered":"<p>A\u015fk insan\u0131 b\u00fcy\u00fct\u00fcr; \u00f6nce hissettirdi\u011fi tarifsiz mutluluk sonra kaybetmenin verdi\u011fi derinac\u0131yla&#8230;G\u00fcn\u00fcn birinde kimselere bahsedemeyece\u011finiz t\u00fcrde bir sevgiye kap\u0131l\u0131rsan\u0131z?En derine g\u00f6mmeniz gereken ve ne kadar u\u011fra\u015fsan\u0131z da bir t\u00fcrl\u00fc pe\u015finizi b\u0131rakmayan. Yokolup gidece\u011fine zamanla daha da b\u00fcy\u00fcyerek varl\u0131\u011f\u0131n\u0131z\u0131 kaplayan ve sonunda ta kendinizolup size d\u00f6n\u00fc\u015fen bir sevgiye?Her biti\u015fin yeni ba\u015flang\u0131\u00e7lara a\u00e7\u0131lan bir kap\u0131 oldu\u011funu hat\u0131rlatan Kurtlara S\u00f6yle EveD\u00f6nd\u00fcm, \u00f6nyarg\u0131lar\u0131n yaln\u0131zca ger\u00e7ek sevgiye boyun e\u011fdi\u011finin de g\u00fczel bir kan\u0131t\u0131&#8230;<\/p>\n","protected":false},"excerpt":{"rendered":"<p>A\u015fk insan\u0131 b\u00fcy\u00fct\u00fcr; \u00f6nce hissettirdi\u011fi tarifsiz mutluluk sonra kaybetmenin verdi\u011fi derinac\u0131yla&#8230;G\u00fcn\u00fcn birinde kimselere bahsedemeyece\u011finiz t\u00fcrde bir sevgiye kap\u0131l\u0131rsan\u0131z?En derine g\u00f6mmeniz gereken ve ne kadar u\u011fra\u015fsan\u0131z da<span class=\"excerpt-hellip\"> [\u2026]<\/span><\/p>\n","protected":false},"featured_media":0,"template":"","meta":{"_monsterinsights_skip_tracking":false,"_monsterinsights_sitenote_active":false,"_monsterinsights_sitenote_note":"","_monsterinsights_sitenote_category":0},"product_brand":[],"product_cat":[12291,12866],"product_tag":[],"class_list":{"0":"post-697619","1":"product","2":"type-product","3":"status-publish","5":"product_cat-edebiyat","6":"product_cat-ingiliz-edebiyati","7":"pa_cilt-ciltsiz","8":"pa_tur-kitap","9":"pa_yayinevi-marti-yayinlari","10":"pa_yazar-carol-rifka-brunt","12":"first","13":"instock","14":"sale","15":"shipping-taxable","16":"purchasable","17":"product-type-simple"},"_links":{"self":[{"href":"https:\/\/roveyayinevi.com.tr\/index.php\/wp-json\/wp\/v2\/product\/697619","targetHints":{"allow":["GET"]}}],"collection":[{"href":"https:\/\/roveyayinevi.com.tr\/index.php\/wp-json\/wp\/v2\/product"}],"about":[{"href":"https:\/\/roveyayinevi.com.tr\/index.php\/wp-json\/wp\/v2\/types\/product"}],"wp:attachment":[{"href":"https:\/\/roveyayinevi.com.tr\/index.php\/wp-json\/wp\/v2\/media?parent=697619"}],"wp:term":[{"taxonomy":"product_brand","embeddable":true,"href":"https:\/\/roveyayinevi.com.tr\/index.php\/wp-json\/wp\/v2\/product_brand?post=697619"},{"taxonomy":"product_cat","embeddable":true,"href":"https:\/\/roveyayinevi.com.tr\/index.php\/wp-json\/wp\/v2\/product_cat?post=697619"},{"taxonomy":"product_tag","embeddable":true,"href":"https:\/\/roveyayinevi.com.tr\/index.php\/wp-json\/wp\/v2\/product_tag?post=697619"}],"curies":[{"name":"wp","href":"https:\/\/api.w.org\/{rel}","templated":true}]}}