{"id":697616,"date":"2025-08-27T14:40:53","date_gmt":"2025-08-27T11:40:53","guid":{"rendered":"https:\/\/roveyayinevi.com.tr\/index.php\/urun\/yesil\/"},"modified":"2026-04-16T02:07:18","modified_gmt":"2026-04-15T23:07:18","slug":"yesil","status":"publish","type":"product","link":"https:\/\/roveyayinevi.com.tr\/index.php\/urun\/yesil\/","title":{"rendered":"Ye\u015fil"},"content":{"rendered":"<p>Ye\u015fil muammas\u0131 s\u00fcr\u00fcyor, ya\u015f\u0131yor mu yoksa \u00f6ld\u00fc m\u00fc? Mehmet Eym\u00fcr \u00f6ld\u00fc\u011f\u00fcn\u00fc, Arif Do\u011fan ya\u015fad\u0131\u011f\u0131n\u0131 s\u00f6yl\u00fcyor. \u0130srail veya Suriye\u2019de \u00f6ld\u00fcr\u00fcld\u00fc\u011f\u00fcn\u00fc s\u00f6yleyenler de var. Ortada bir ceset, mezar yok. Son iddiay\u0131 da ben yazd\u0131m, Ye\u015fil 1996 y\u0131l\u0131n\u0131n Temmuz ay\u0131nda Ankara\u2019da infaz edildi. Ve infaz edildi\u011fi yere yak\u0131n bir yere de g\u00f6m\u00fcld\u00fc\u2026 Ama bundan daha \u00f6nemlisi Ye\u015fil\u2019in karanl\u0131k ve derin hayat\u0131nda neler olmu\u015ftu? Hangi karanl\u0131k i\u015flere bula\u015fm\u0131\u015f, bunlar\u0131 ne ad\u0131na yapm\u0131\u015ft\u0131? Onu kimler efsane yapm\u0131\u015ft\u0131? Ye\u015fil nas\u0131l efsane oldu? Apo\u2019ya suikast plan\u0131nda Ye\u015fil\u2019in rol\u00fc \u201cMercedes Operasyonu\u201d Ye\u015fil\u2019in kartvizitindeki telefon ve adres bilgileri Ye\u015fil\u2019in not defterindeki s\u0131rlar Cem Ersever-Ye\u015fil ili\u015fkisi Ersever\u2019i Ye\u015fil mi \u00f6ld\u00fcrd\u00fc? Ye\u015fil\u2019in \u00c7atl\u0131 hakk\u0131ndaki g\u00f6r\u00fc\u015fleri \u00c7atl\u0131\u2019dan Ye\u015fil\u2019e kur\u015fun Sedat Peker-Ye\u015fil g\u00f6r\u00fc\u015fmesi T\u00fcrke\u015f\u2019ten Ye\u015fil talimat\u0131 \u201cO adam\u0131 \u00e7\u0131kar\u0131n oradan!\u201d Mehmet Eym\u00fcr ile Ye\u015fil\u2019in ba\u011f\u0131\u2026 Ya\u015f\u0131yor mu, yoksa \u00f6ld\u00fc m\u00fc? Ama bundan daha \u00f6nemlisi Ye\u015fil&#8217;in karanl\u0131k ve derin hayat\u0131nda neler olmu\u015ftu? Hangi karanl\u0131k i\u015flere bula\u015fm\u0131\u015f, bunlar\u0131 ne ad\u0131na yapm\u0131\u015ft\u0131? Onu kimler efsane yapm\u0131\u015ft\u0131? <\/p>\n","protected":false},"excerpt":{"rendered":"<p>Ye\u015fil muammas\u0131 s\u00fcr\u00fcyor, ya\u015f\u0131yor mu yoksa \u00f6ld\u00fc m\u00fc? Mehmet Eym\u00fcr \u00f6ld\u00fc\u011f\u00fcn\u00fc, Arif Do\u011fan ya\u015fad\u0131\u011f\u0131n\u0131 s\u00f6yl\u00fcyor. \u0130srail veya Suriye\u2019de \u00f6ld\u00fcr\u00fcld\u00fc\u011f\u00fcn\u00fc s\u00f6yleyenler de var. Ortada bir ceset, mezar<span class=\"excerpt-hellip\"> [\u2026]<\/span><\/p>\n","protected":false},"featured_media":0,"template":"","meta":{"_monsterinsights_skip_tracking":false,"_monsterinsights_sitenote_active":false,"_monsterinsights_sitenote_note":"","_monsterinsights_sitenote_category":0},"product_brand":[],"product_cat":[12338,12337],"product_tag":[],"class_list":{"0":"post-697616","1":"product","2":"type-product","3":"status-publish","5":"product_cat-dunya-siyaseti-ve-politikasi","6":"product_cat-politika-siyaset","7":"pa_cilt-ciltsiz","8":"pa_tur-kitap","9":"pa_yayinevi-kripto-basim-yayin","10":"pa_yazar-necdet-pekmezci","12":"first","13":"instock","14":"sale","15":"shipping-taxable","16":"purchasable","17":"product-type-simple"},"_links":{"self":[{"href":"https:\/\/roveyayinevi.com.tr\/index.php\/wp-json\/wp\/v2\/product\/697616","targetHints":{"allow":["GET"]}}],"collection":[{"href":"https:\/\/roveyayinevi.com.tr\/index.php\/wp-json\/wp\/v2\/product"}],"about":[{"href":"https:\/\/roveyayinevi.com.tr\/index.php\/wp-json\/wp\/v2\/types\/product"}],"wp:attachment":[{"href":"https:\/\/roveyayinevi.com.tr\/index.php\/wp-json\/wp\/v2\/media?parent=697616"}],"wp:term":[{"taxonomy":"product_brand","embeddable":true,"href":"https:\/\/roveyayinevi.com.tr\/index.php\/wp-json\/wp\/v2\/product_brand?post=697616"},{"taxonomy":"product_cat","embeddable":true,"href":"https:\/\/roveyayinevi.com.tr\/index.php\/wp-json\/wp\/v2\/product_cat?post=697616"},{"taxonomy":"product_tag","embeddable":true,"href":"https:\/\/roveyayinevi.com.tr\/index.php\/wp-json\/wp\/v2\/product_tag?post=697616"}],"curies":[{"name":"wp","href":"https:\/\/api.w.org\/{rel}","templated":true}]}}