{"id":697615,"date":"2025-08-27T14:40:53","date_gmt":"2025-08-27T11:40:53","guid":{"rendered":"https:\/\/roveyayinevi.com.tr\/index.php\/urun\/sumerli-ludingirra-gecmise-donuk-bilimkurgu\/"},"modified":"2026-04-16T02:07:18","modified_gmt":"2026-04-15T23:07:18","slug":"sumerli-ludingirra-gecmise-donuk-bilimkurgu","status":"publish","type":"product","link":"https:\/\/roveyayinevi.com.tr\/index.php\/urun\/sumerli-ludingirra-gecmise-donuk-bilimkurgu\/","title":{"rendered":"Sumerli Ludingirra Ge\u00e7mi\u015fe D\u00f6n\u00fck Bilimkurgu"},"content":{"rendered":"<p>Sumerli Ludingirre,\u0130stanbul Arkeoloji M\u00fczelerinde bulunan ve Sumer, Akad, Hitit dillerinde yaz\u0131lm\u0131\u015f 74000 \u00e7iviyaz\u0131l\u0131 belge \u00fczerinde 33 y\u0131l \u00e7al\u0131\u015fan, ara\u015ft\u0131rmalar\u0131n\u0131 bug\u00fcn de s\u00fcrd\u00fcren Sumerolog Muazzez \u0130lmiye \u00c7\u0131\u011f&#8217;\u0131n bir \u00f6m\u00fcr verdii\u011fi \u00e7al\u0131\u015fmalar\u0131n\u0131n \u00f6z\u00fcd\u00fcr. Yine Kaynak Yay\u0131nlar\u0131&#8217;ndan \u00e7\u0131kan Kur&#8217;an \u0130ncil ve Tevrat&#8217;\u0131n Sumer&#8217;deki K\u00f6keni adl\u0131 kitab\u0131nda, kutsal kitaplar\u0131n Sumer yaz\u0131l\u0131 belgelerindeki kaynaklar\u0131n\u0131 inceleyen \u00c7\u0131\u011f, bu kez Sumerli \u015eair Ludingirra&#8217;n\u0131n a\u011fz\u0131ndan,Sumer k\u00fclt\u00fcr\u00fcn\u00fc anlat\u0131yor. Anlat\u0131lanlar\u0131n t\u00fcm\u00fc, \u00e7iviyaz\u0131l\u0131 belgelerdeki bilgilerdir. Eser, bir kurgu de\u011fil, konuya 56 y\u0131l\u0131n\u0131 vermi\u015f bir uzman\u0131n ula\u015ft\u0131\u011f\u0131 bilimsel d\u00fczeyin ve olgunlu\u011funun \u00fcr\u00fcn\u00fcd\u00fcr. Sumerli \u015fairler, \u00fc\u00e7\u00fc d\u0131\u015f\u0131nda imzalar\u0131n\u0131 kullanmam\u0131\u015flar. \u0130\u015fte Lundigirra ad\u0131 bug\u00fcne ula\u015fan \u00fc\u00e7 Sumer \u015fairinden biridir. D\u00f6rt bin y\u0131l \u00f6nce ya\u015fam\u0131\u015f Ludingirra ile tarihin derinliklerine uzanan zevkli bir yolculu\u011fa \u00e7\u0131kacaks\u0131n\u0131z. Her s\u00f6zc\u00fc\u011f\u00fc 56 y\u0131ll\u0131k birikimin i\u00e7inden s\u00fcz\u00fclerek gelen bu \u00e7al\u0131\u015fmay\u0131, konuyla ilgili Sumer tabletleri, Nippur \u015fehri haritas\u0131 ve \u00f6teki belgelerin foto\u011fraflar\u0131yla birlikte okura sunuyoruz. \ufffcTan\u0131t\u0131m Metni<\/p>\n","protected":false},"excerpt":{"rendered":"<p>Sumerli Ludingirre,\u0130stanbul Arkeoloji M\u00fczelerinde bulunan ve Sumer, Akad, Hitit dillerinde yaz\u0131lm\u0131\u015f 74000 \u00e7iviyaz\u0131l\u0131 belge \u00fczerinde 33 y\u0131l \u00e7al\u0131\u015fan, ara\u015ft\u0131rmalar\u0131n\u0131 bug\u00fcn de s\u00fcrd\u00fcren Sumerolog Muazzez \u0130lmiye \u00c7\u0131\u011f&#8217;\u0131n<span class=\"excerpt-hellip\"> [\u2026]<\/span><\/p>\n","protected":false},"featured_media":0,"template":"","meta":{"_monsterinsights_skip_tracking":false,"_monsterinsights_sitenote_active":false,"_monsterinsights_sitenote_note":"","_monsterinsights_sitenote_category":0},"product_brand":[],"product_cat":[12312,12304],"product_tag":[],"class_list":{"0":"post-697615","1":"product","2":"type-product","3":"status-publish","5":"product_cat-diger","6":"product_cat-tarih","7":"pa_tur-kitap","8":"pa_yayinevi-kaynak-yayinlari","9":"pa_yazar-muazzez-ilmiye-cig","11":"first","12":"instock","13":"sale","14":"shipping-taxable","15":"purchasable","16":"product-type-simple"},"_links":{"self":[{"href":"https:\/\/roveyayinevi.com.tr\/index.php\/wp-json\/wp\/v2\/product\/697615","targetHints":{"allow":["GET"]}}],"collection":[{"href":"https:\/\/roveyayinevi.com.tr\/index.php\/wp-json\/wp\/v2\/product"}],"about":[{"href":"https:\/\/roveyayinevi.com.tr\/index.php\/wp-json\/wp\/v2\/types\/product"}],"wp:attachment":[{"href":"https:\/\/roveyayinevi.com.tr\/index.php\/wp-json\/wp\/v2\/media?parent=697615"}],"wp:term":[{"taxonomy":"product_brand","embeddable":true,"href":"https:\/\/roveyayinevi.com.tr\/index.php\/wp-json\/wp\/v2\/product_brand?post=697615"},{"taxonomy":"product_cat","embeddable":true,"href":"https:\/\/roveyayinevi.com.tr\/index.php\/wp-json\/wp\/v2\/product_cat?post=697615"},{"taxonomy":"product_tag","embeddable":true,"href":"https:\/\/roveyayinevi.com.tr\/index.php\/wp-json\/wp\/v2\/product_tag?post=697615"}],"curies":[{"name":"wp","href":"https:\/\/api.w.org\/{rel}","templated":true}]}}