{"id":697612,"date":"2025-08-27T14:40:52","date_gmt":"2025-08-27T11:40:52","guid":{"rendered":"https:\/\/roveyayinevi.com.tr\/index.php\/urun\/eve-yolculuk\/"},"modified":"2026-04-16T02:07:18","modified_gmt":"2026-04-15T23:07:18","slug":"eve-yolculuk","status":"publish","type":"product","link":"https:\/\/roveyayinevi.com.tr\/index.php\/urun\/eve-yolculuk\/","title":{"rendered":"Eve Yolculuk"},"content":{"rendered":"<p>Kutup Ay\u0131s\u0131 yeni bir ev bulmak i\u00e7in yollara d\u00fc\u015f\u00fcyor \u00e7\u00fcnk\u00fc buz denizi eriyor. Bu maceral\u0131 deniz yolculu\u011funda ona kat\u0131l\u0131n ve yol boyunca kar\u015f\u0131la\u015ft\u0131\u011f\u0131 arkada\u015flar\u0131yla tan\u0131\u015f\u0131n&#8230; Prestijli Sendak Fellowship \u00f6d\u00fcl\u00fcne lay\u0131k g\u00f6r\u00fclen gen\u00e7 \u0130ngiliz yazar ve \u00e7izer Frann Preston-Gannon&#8217;\u0131n yazd\u0131\u011f\u0131 ve resimledi\u011fi Eve Yolculuk, g\u00fc\u00e7l\u00fc bir \u00e7evre bilinci mesaj\u0131 ta\u015f\u0131maktad\u0131r. <\/p>\n","protected":false},"excerpt":{"rendered":"<p>Kutup Ay\u0131s\u0131 yeni bir ev bulmak i\u00e7in yollara d\u00fc\u015f\u00fcyor \u00e7\u00fcnk\u00fc buz denizi eriyor. Bu maceral\u0131 deniz yolculu\u011funda ona kat\u0131l\u0131n ve yol boyunca kar\u015f\u0131la\u015ft\u0131\u011f\u0131 arkada\u015flar\u0131yla tan\u0131\u015f\u0131n&#8230; Prestijli<span class=\"excerpt-hellip\"> [\u2026]<\/span><\/p>\n","protected":false},"featured_media":0,"template":"","meta":{"_monsterinsights_skip_tracking":false,"_monsterinsights_sitenote_active":false,"_monsterinsights_sitenote_note":"","_monsterinsights_sitenote_category":0},"product_brand":[],"product_cat":[12913,12274],"product_tag":[],"class_list":{"0":"post-697612","1":"product","2":"type-product","3":"status-publish","5":"product_cat-3-6-yas-kitaplari","6":"product_cat-cocuk-ve-genclik-kitaplari","7":"pa_cilt-ciltsiz","8":"pa_tur-kitap","9":"pa_yayinevi-potikare-yayincilik","10":"pa_yazar-frann-preston-gannon","12":"first","13":"instock","14":"sale","15":"shipping-taxable","16":"purchasable","17":"product-type-simple"},"_links":{"self":[{"href":"https:\/\/roveyayinevi.com.tr\/index.php\/wp-json\/wp\/v2\/product\/697612","targetHints":{"allow":["GET"]}}],"collection":[{"href":"https:\/\/roveyayinevi.com.tr\/index.php\/wp-json\/wp\/v2\/product"}],"about":[{"href":"https:\/\/roveyayinevi.com.tr\/index.php\/wp-json\/wp\/v2\/types\/product"}],"wp:attachment":[{"href":"https:\/\/roveyayinevi.com.tr\/index.php\/wp-json\/wp\/v2\/media?parent=697612"}],"wp:term":[{"taxonomy":"product_brand","embeddable":true,"href":"https:\/\/roveyayinevi.com.tr\/index.php\/wp-json\/wp\/v2\/product_brand?post=697612"},{"taxonomy":"product_cat","embeddable":true,"href":"https:\/\/roveyayinevi.com.tr\/index.php\/wp-json\/wp\/v2\/product_cat?post=697612"},{"taxonomy":"product_tag","embeddable":true,"href":"https:\/\/roveyayinevi.com.tr\/index.php\/wp-json\/wp\/v2\/product_tag?post=697612"}],"curies":[{"name":"wp","href":"https:\/\/api.w.org\/{rel}","templated":true}]}}