{"id":697611,"date":"2025-08-27T14:40:51","date_gmt":"2025-08-27T11:40:51","guid":{"rendered":"https:\/\/roveyayinevi.com.tr\/index.php\/urun\/imparatorluk-2\/"},"modified":"2026-04-16T02:07:18","modified_gmt":"2026-04-15T23:07:18","slug":"imparatorluk-2","status":"publish","type":"product","link":"https:\/\/roveyayinevi.com.tr\/index.php\/urun\/imparatorluk-2\/","title":{"rendered":"\u0130mparatorluk"},"content":{"rendered":"<p>Baz\u0131 kitaplar vard\u0131r, ya\u015fad\u0131klar\u0131 d\u00f6neme tan\u0131kl\u0131k etmekle kalmay\u0131p gelece\u011fe de \u0131\u015f\u0131k tutarlar. M. Hardt ve A. Negri\u2019nin \u0130mparatorluk\u2019u da \u00e7ok say\u0131da d\u00fc\u015f\u00fcn\u00fcr taraf\u0131ndan b\u00f6ylesi bir eser olarak g\u00f6steriliyor. \u0130mparatorluk\u2019u bu kadar \u00f6nemli k\u0131lan, k\u00fcreselle\u015fme \u00e7a\u011f\u0131n\u0131 her y\u00f6n\u00fcyle irdelerken, k\u00fcreselle\u015fme ma\u011fdurlar\u0131ndan yana aktif bir tav\u0131r almas\u0131, onlar\u0131 k\u00fcreselle\u015fmenin vah\u015fetinden kurtaracak alternatifler de \u00f6nermesidir. Ulus-devletlere dayal\u0131 \u00e7a\u011f sona erdi. Sermaye k\u00fcresel \u00e7apta \u00f6n\u00fcne \u00e7\u0131kan her engeli y\u0131k\u0131yor; Seattle\u2019dan Cenova\u2019ya uzanan isyan dalgas\u0131na ra\u011fmen, muhalefet g\u00fc\u00e7leri zay\u0131f; karamsarl\u0131k iliklere i\u015flemi\u015f durumda. Mevcut durumu a\u00e7\u0131klamakta emperyalizm kavram\u0131 yetersiz kal\u0131yor; yery\u00fcz\u00fcn\u00fc ele ge\u00e7irmekte olan merkezsiz ve topraks\u0131z egemenlik ayg\u0131t\u0131n\u0131 Hardt ve Negri \u0130mparatorluk diye adland\u0131r\u0131yor. \u0130mparatorluk d\u00f6neminde art\u0131k d\u0131\u015far\u0131s\u0131 kalmam\u0131\u015ft\u0131r. Egemenlik, tek bir y\u00f6netim mant\u0131\u011f\u0131na g\u00f6re i\u015fleyen ulus-\u00fcst\u00fc organlar\u0131n eline ge\u00e7mi\u015ftir. Adalet kayg\u0131s\u0131ndan yoksun bi\u00e7imde i\u015fleyen s\u00f6m\u00fcr\u00fc mekanizmalar\u0131 art\u0131k fabrika duvarlar\u0131 ve ulus-devletin s\u0131n\u0131rlar\u0131yla yetinmeyerek yery\u00fcz\u00fcn\u00fcn her k\u00f6\u015fesine yay\u0131lm\u0131\u015ft\u0131r. Ama \u0130mparatorluk \u00f6zg\u00fcrle\u015fme i\u00e7in yeni imkanlar da sa\u011flamaktad\u0131r; Marx\u2019\u0131n kapitalizmin kendinden \u00f6nceki \u00fcretim bi\u00e7imlerinden ileri oldu\u011funu s\u00f6ylemesi anlam\u0131nda ilerici bir boyut da i\u00e7erir. Bu nedenle Hardt ve Negri k\u00fcresel sermaye kar\u015f\u0131s\u0131nda ulus-devleti g\u00fc\u00e7lendiren her t\u00fcrl\u00fc politik stratejiyi reddediyor. Onlara g\u00f6re k\u00fcreselle\u015fmeye kar\u015f\u0131 yerele dayal\u0131 itirazlar, d\u0131\u015far\u0131s\u0131 kalmayan bir d\u00fcnyada d\u0131\u015far\u0131 yan\u0131lsamas\u0131 yaratmaktan ba\u015fka bir i\u015fe yaramaz. Art\u0131k \u00fclkeden s\u00f6k\u00fcl\u00fcp at\u0131lacak emperyalizm ve ele ge\u00e7irilecek bir iktidar oda\u011f\u0131 yoktur; bunlar\u0131 hedefleyen politik hareketler \u00f6mr\u00fcn\u00fc tamamlam\u0131\u015ft\u0131r. Yerelin farkl\u0131l\u0131klar\u0131 k\u00fcreselin homojenli\u011fi kar\u015f\u0131s\u0131nda direnme g\u00fcc\u00fcn\u00fc yitirmi\u015ftir. \u0130ktidar\u0131n k\u00fcreselle\u015fmesi iktidar kar\u015f\u0131tlar\u0131n\u0131n yery\u00fcz\u00fcn\u00fc yurt edinerek, evrensel yurtta\u015fl\u0131k hakk\u0131n\u0131 savunarak insanl\u0131\u011f\u0131 kucaklayarak ger\u00e7ek bir enternasyonalizmin temellerini atabilir, hayatlar\u0131n\u0131 otonomla\u015ft\u0131rarak yeniden \u00fcretebilir; \u0130mparatorlu\u011fun her yerdeki kalbine yine her yerden darbe indirebilirler. M. Hardt ve A. Negri, \u0130mparatorluk\u2019la de\u011fi\u015fen d\u00fcnyay\u0131 yorumlamakta zaaf g\u00f6steren muhalif d\u00fc\u015f\u00fcnceye yeniden atak imkan\u0131 sunarken T\u00fcrk\u00e7e bas\u0131m i\u00e7in yazd\u0131klar\u0131 \u00f6ns\u00f6zde   \u015fenlik   m\u00fcjdesi veriyor. &#8230; \u0130mparatorluk\u2019u okuduktan sonra, kimse kendini   bu kitap mutlaka yaz\u0131lmal\u0131yd\u0131   duygusundan kurtaramaz. Hardt ve Negri\u2019nin ortaya koydu\u011fu \u015fey, \u00e7a\u011f\u0131m\u0131z i\u00e7in Kom\u00fcnist Manifesto\u2019yu yeniden yazmaktan hi\u00e7 farkl\u0131 de\u011fil. \u0130mparatorluk, k\u00fcresel kapitalizmin sonunda kendini y\u0131kacak \u00e7eli\u015fkiler \u00fcretti\u011fini g\u00f6steriyor. <\/p>\n","protected":false},"excerpt":{"rendered":"<p>Baz\u0131 kitaplar vard\u0131r, ya\u015fad\u0131klar\u0131 d\u00f6neme tan\u0131kl\u0131k etmekle kalmay\u0131p gelece\u011fe de \u0131\u015f\u0131k tutarlar. M. Hardt ve A. Negri\u2019nin \u0130mparatorluk\u2019u da \u00e7ok say\u0131da d\u00fc\u015f\u00fcn\u00fcr taraf\u0131ndan b\u00f6ylesi bir eser<span class=\"excerpt-hellip\"> [\u2026]<\/span><\/p>\n","protected":false},"featured_media":0,"template":"","meta":{"_monsterinsights_skip_tracking":false,"_monsterinsights_sitenote_active":false,"_monsterinsights_sitenote_note":"","_monsterinsights_sitenote_category":0},"product_brand":[],"product_cat":[12351,12324],"product_tag":[],"class_list":{"0":"post-697611","1":"product","2":"type-product","3":"status-publish","5":"product_cat-siyaset-sosyolojisi","6":"product_cat-sosyoloji","7":"pa_cilt-ciltsiz","8":"pa_tur-kitap","9":"pa_yayinevi-ayrinti-yayinlari","10":"pa_yazar-michael-hardt","12":"first","13":"instock","14":"sale","15":"shipping-taxable","16":"purchasable","17":"product-type-simple"},"_links":{"self":[{"href":"https:\/\/roveyayinevi.com.tr\/index.php\/wp-json\/wp\/v2\/product\/697611","targetHints":{"allow":["GET"]}}],"collection":[{"href":"https:\/\/roveyayinevi.com.tr\/index.php\/wp-json\/wp\/v2\/product"}],"about":[{"href":"https:\/\/roveyayinevi.com.tr\/index.php\/wp-json\/wp\/v2\/types\/product"}],"wp:attachment":[{"href":"https:\/\/roveyayinevi.com.tr\/index.php\/wp-json\/wp\/v2\/media?parent=697611"}],"wp:term":[{"taxonomy":"product_brand","embeddable":true,"href":"https:\/\/roveyayinevi.com.tr\/index.php\/wp-json\/wp\/v2\/product_brand?post=697611"},{"taxonomy":"product_cat","embeddable":true,"href":"https:\/\/roveyayinevi.com.tr\/index.php\/wp-json\/wp\/v2\/product_cat?post=697611"},{"taxonomy":"product_tag","embeddable":true,"href":"https:\/\/roveyayinevi.com.tr\/index.php\/wp-json\/wp\/v2\/product_tag?post=697611"}],"curies":[{"name":"wp","href":"https:\/\/api.w.org\/{rel}","templated":true}]}}