{"id":697604,"date":"2025-08-27T14:40:50","date_gmt":"2025-08-27T11:40:50","guid":{"rendered":"https:\/\/roveyayinevi.com.tr\/index.php\/urun\/picasso-konusuyor\/"},"modified":"2026-01-29T02:12:48","modified_gmt":"2026-01-28T23:12:48","slug":"picasso-konusuyor","status":"publish","type":"product","link":"https:\/\/roveyayinevi.com.tr\/index.php\/urun\/picasso-konusuyor\/","title":{"rendered":"Picasso Konu\u015fuyor"},"content":{"rendered":"<p>Bu kitap, Picasso\u2019nun farkl\u0131 yer ve tarihlerde, farkl\u0131 ki\u015filere verdi\u011fi deme\u00e7lerini, belli konulardaki g\u00f6r\u00fc\u015flerini kaps\u0131yor. Picasso, ge\u00e7ti\u011fimiz y\u00fczy\u0131l\u0131n d\u00f6rtte \u00fc\u00e7\u00fcne tan\u0131k olan, plastik sanatlarda b\u00fcy\u00fck d\u00f6n\u00fc\u015f\u00fcmler yaratan, renkli ki\u015fili\u011fi ve sanat\u00e7\u0131l\u0131\u011f\u0131n\u0131n yan\u0131 s\u0131ra politik tavr\u0131yla da \u00f6ne \u00e7\u0131kan bir sanat\u00e7\u0131d\u0131r. B\u00fct\u00fcn bunlar, hakk\u0131nda en \u00e7ok konu\u015fulan, deneme ve kitaplar yaz\u0131lan, al\u0131nt\u0131lar yap\u0131lan bir sanat\u00e7\u0131 olmas\u0131na yetmi\u015ftir. Oysa, kendisi hakk\u0131ndaki yaz\u0131lar\u0131n hemen hepsinde dikkate de\u011fer do\u011frudan al\u0131nt\u0131lar \u00e7ok azd\u0131r; \u00e7o\u011funun kayna\u011f\u0131 da belirsizdir. Hakk\u0131nda \u00e7\u0131kan b\u00fct\u00fcn yay\u0131nlar i\u00e7inde, Picasso\u2019nun bizzat kendisinin onaylad\u0131\u011f\u0131 sadece \u00fc\u00e7 belge vard\u0131r: Amerikal\u0131 ele\u015ftirmen Marius de Zayas\u2019a 1923\u2019te verdi\u011fi deme\u00e7; 1935\u2019te Christian Zervos\u2019un kaydetti\u011fi deme\u00e7; ve Jerome Seckler\u2019in sava\u015f sonras\u0131 ger\u00e7ekle\u015ftirdi\u011fi g\u00f6r\u00fc\u015fme. Kitapta, bu \u00fc\u00e7 belgenin tamam\u0131n\u0131 ve ayr\u0131ca sanat\u00e7\u0131n\u0131n yak\u0131n \u00e7evresi taraf\u0131ndan kaydedilen g\u00f6r\u00fc\u015fleri bulacaks\u0131n\u0131z.Dore Ashton, bu kitapta bunlar\u0131 belli konu ba\u015fl\u0131klar\u0131 alt\u0131nda toplayarak okuyucuya kolayl\u0131k sa\u011flamay\u0131 hedefliyor. Sanat\u00e7\u0131lar, sanat hakk\u0131nda konu\u015fmaktansa, sanat yapmay\u0131 ye\u011flerler. Kuramlar, genellikle, ba\u015fkalar\u0131 taraf\u0131ndan ve sonradan olu\u015fturulur. Bu, \u00f6zellikle Picasso\u2019nun sanat\u0131 i\u00e7in b\u00f6yledir. Bug\u00fcne kadar, bizler Picasso\u2019nun sanat\u0131 hakk\u0131nda yaz\u0131lanlar\u0131 okuduk, tart\u0131\u015ft\u0131k. O ise, kendi sanat\u0131 i\u00e7in kaleme al\u0131nan a\u00e7\u0131klamalara  edebiyattan ba\u015fka bir\u015fey de\u011fil  diyerek kar\u015f\u0131 \u00e7\u0131km\u0131\u015f, en az\u0131ndan, onlar\u0131 alaya al\u0131p ge\u00e7mi\u015ftir. Ama ne olursa olsun yaz\u0131lanlar\u0131 \u00f6nemsemeden edemiyoruz. Bug\u00fcn biliyoruz ki, Picasso, art\u0131k Picasso\u2019dan ibaret de\u011fildir. Bu kitap, b\u00fct\u00fcn bunlar\u0131 tekrar d\u00fc\u015f\u00fcn\u00fcp yorumlamam\u0131z i\u00e7in bir f\u0131rsat sunuyor bizlere. Evet, \u015fimdi s\u00f6z Picasso\u2019da&#8230; <\/p>\n","protected":false},"excerpt":{"rendered":"<p>Bu kitap, Picasso\u2019nun farkl\u0131 yer ve tarihlerde, farkl\u0131 ki\u015filere verdi\u011fi deme\u00e7lerini, belli konulardaki g\u00f6r\u00fc\u015flerini kaps\u0131yor. Picasso, ge\u00e7ti\u011fimiz y\u00fczy\u0131l\u0131n d\u00f6rtte \u00fc\u00e7\u00fcne tan\u0131k olan, plastik sanatlarda b\u00fcy\u00fck d\u00f6n\u00fc\u015f\u00fcmler<span class=\"excerpt-hellip\"> [\u2026]<\/span><\/p>\n","protected":false},"featured_media":0,"template":"","meta":{"_monsterinsights_skip_tracking":false,"_monsterinsights_sitenote_active":false,"_monsterinsights_sitenote_note":"","_monsterinsights_sitenote_category":0},"product_brand":[],"product_cat":[15733,12408],"product_tag":[],"class_list":{"0":"post-697604","1":"product","2":"type-product","3":"status-publish","5":"product_cat-resim","6":"product_cat-sanat","7":"pa_cilt-ciltsiz","8":"pa_tur-kitap","9":"pa_yayinevi-utopya-yayinevi","10":"pa_yazar-derleme","12":"first","13":"instock","14":"sale","15":"shipping-taxable","16":"purchasable","17":"product-type-simple"},"_links":{"self":[{"href":"https:\/\/roveyayinevi.com.tr\/index.php\/wp-json\/wp\/v2\/product\/697604","targetHints":{"allow":["GET"]}}],"collection":[{"href":"https:\/\/roveyayinevi.com.tr\/index.php\/wp-json\/wp\/v2\/product"}],"about":[{"href":"https:\/\/roveyayinevi.com.tr\/index.php\/wp-json\/wp\/v2\/types\/product"}],"wp:attachment":[{"href":"https:\/\/roveyayinevi.com.tr\/index.php\/wp-json\/wp\/v2\/media?parent=697604"}],"wp:term":[{"taxonomy":"product_brand","embeddable":true,"href":"https:\/\/roveyayinevi.com.tr\/index.php\/wp-json\/wp\/v2\/product_brand?post=697604"},{"taxonomy":"product_cat","embeddable":true,"href":"https:\/\/roveyayinevi.com.tr\/index.php\/wp-json\/wp\/v2\/product_cat?post=697604"},{"taxonomy":"product_tag","embeddable":true,"href":"https:\/\/roveyayinevi.com.tr\/index.php\/wp-json\/wp\/v2\/product_tag?post=697604"}],"curies":[{"name":"wp","href":"https:\/\/api.w.org\/{rel}","templated":true}]}}