{"id":697603,"date":"2025-08-27T14:40:49","date_gmt":"2025-08-27T11:40:49","guid":{"rendered":"https:\/\/roveyayinevi.com.tr\/index.php\/urun\/neo-liberal-saldiri-kriz-ve-insanlik\/"},"modified":"2026-01-29T02:12:48","modified_gmt":"2026-01-28T23:12:48","slug":"neo-liberal-saldiri-kriz-ve-insanlik","status":"publish","type":"product","link":"https:\/\/roveyayinevi.com.tr\/index.php\/urun\/neo-liberal-saldiri-kriz-ve-insanlik\/","title":{"rendered":"Neo-Liberal Sald\u0131r\u0131, Kriz ve \u0130nsanl\u0131k"},"content":{"rendered":"<p>\u00c7\u0131\u011fr\u0131ndan \u00c7\u0131km\u0131\u015f Zaman ; E\u015fber Ya\u011fmurdereli\u2019nin  Y\u00fczy\u0131llard\u0131r bu topraklarda hayat\u0131m\u0131za, onurumuza kasteden bir akrep var. O hayat\u0131m\u0131z\u0131, onurumuzu ve bilincimizi her g\u00fcn sonsuz kere zehirliyor  betimlemesinde somutlan\u0131rken; neo-liberal vah\u015fet kareleri kar\u015f\u0131s\u0131nda sormamak m\u00fcmk\u00fcn de\u011fil: Zamyatin\u2019in  Biz de tarifledi\u011fi bir cinnetin ortas\u0131nda m\u0131y\u0131z? Kapitalist cinnetin kriziyle sars\u0131lan d\u00fcnya, sarho\u015f gemi sendromu ya\u015farken; e\u015fitsiz birle\u015fik geli\u015fim dinamikleriyle beslenen k\u00fcresel kriz dinamikleri tarihi h\u0131zland\u0131r\u0131yor! \u0130nsan(l\u0131k)a;  Carpe Diem , yani  g\u00fcn\u00fc, an\u0131, zaman\u0131 yakalama , yani  bir k\u0131v\u0131lc\u0131m \u0131n ate\u015fledi\u011fi b\u00fcy\u00fck yang\u0131nlar\u0131 yaratma imkan\u0131n\u0131 sunuyor&#8230; \u0130mkan ile tehlikenin b\u00fcy\u00fcd\u00fc\u011f\u00fc tarihsel kesitte kaleme al\u0131nan  Neo-Liberal Sald\u0131r\u0131, Kriz ve \u0130nsan(l\u0131k) ,  YDD nedir, neyi hedefler  sorusunu yan\u0131tlarken; neo-liberal sald\u0131rganl\u0131\u011f\u0131n bilan\u00e7osunu g\u00f6zler \u00f6n\u00fcne sermekle yetinmiyor.  Barbarl\u0131\u011f\u0131n panzehiri sosyalizmdir,  vurgusuyla; t\u00fcketilemeyen, eskimeyen ba\u015fkald\u0131r\u0131 konusunda;  Fazlas\u0131yla \u0131s\u0131nd\u0131 deniz \/ kaynad\u0131 kaynayacak \/ Dipten bir deprem yakla\u015f\u0131yor \/ Suyun \u00fczerindeki bu\u011fuya bakarsak \/ Ne kadar yoksul ve \u00e7\u0131plak \/ G\u00f6r\u00fcn\u00fcrse g\u00f6r\u00fcns\u00fcn a\u011fa\u00e7lar \/ O kadar yak\u0131nd\u0131r ilkbahar \/ \u00d6zsu y\u00fcr\u00fcm\u00fc\u015ft\u00fcr dallara \/ U\u011fultuya bakarsak,  (Attila \u0130lhan) diye hayk\u0131r\u0131yor! <\/p>\n","protected":false},"excerpt":{"rendered":"<p>\u00c7\u0131\u011fr\u0131ndan \u00c7\u0131km\u0131\u015f Zaman ; E\u015fber Ya\u011fmurdereli\u2019nin Y\u00fczy\u0131llard\u0131r bu topraklarda hayat\u0131m\u0131za, onurumuza kasteden bir akrep var. O hayat\u0131m\u0131z\u0131, onurumuzu ve bilincimizi her g\u00fcn sonsuz kere zehirliyor betimlemesinde<span class=\"excerpt-hellip\"> [\u2026]<\/span><\/p>\n","protected":false},"featured_media":0,"template":"","meta":{"_monsterinsights_skip_tracking":false,"_monsterinsights_sitenote_active":false,"_monsterinsights_sitenote_note":"","_monsterinsights_sitenote_category":0},"product_brand":[],"product_cat":[16098,12337],"product_tag":[],"class_list":{"0":"post-697603","1":"product","2":"type-product","3":"status-publish","5":"product_cat-politik-akimlar-hareketler","6":"product_cat-politika-siyaset","7":"pa_cilt-ciltsiz","8":"pa_tur-kitap","9":"pa_yayinevi-utopya-yayinevi","10":"pa_yazar-temel-demirer","12":"first","13":"instock","14":"sale","15":"shipping-taxable","16":"purchasable","17":"product-type-simple"},"_links":{"self":[{"href":"https:\/\/roveyayinevi.com.tr\/index.php\/wp-json\/wp\/v2\/product\/697603","targetHints":{"allow":["GET"]}}],"collection":[{"href":"https:\/\/roveyayinevi.com.tr\/index.php\/wp-json\/wp\/v2\/product"}],"about":[{"href":"https:\/\/roveyayinevi.com.tr\/index.php\/wp-json\/wp\/v2\/types\/product"}],"wp:attachment":[{"href":"https:\/\/roveyayinevi.com.tr\/index.php\/wp-json\/wp\/v2\/media?parent=697603"}],"wp:term":[{"taxonomy":"product_brand","embeddable":true,"href":"https:\/\/roveyayinevi.com.tr\/index.php\/wp-json\/wp\/v2\/product_brand?post=697603"},{"taxonomy":"product_cat","embeddable":true,"href":"https:\/\/roveyayinevi.com.tr\/index.php\/wp-json\/wp\/v2\/product_cat?post=697603"},{"taxonomy":"product_tag","embeddable":true,"href":"https:\/\/roveyayinevi.com.tr\/index.php\/wp-json\/wp\/v2\/product_tag?post=697603"}],"curies":[{"name":"wp","href":"https:\/\/api.w.org\/{rel}","templated":true}]}}