{"id":697602,"date":"2025-08-27T14:40:49","date_gmt":"2025-08-27T11:40:49","guid":{"rendered":"https:\/\/roveyayinevi.com.tr\/index.php\/urun\/marx-ve-anarsistler\/"},"modified":"2026-01-29T02:12:48","modified_gmt":"2026-01-28T23:12:48","slug":"marx-ve-anarsistler","status":"publish","type":"product","link":"https:\/\/roveyayinevi.com.tr\/index.php\/urun\/marx-ve-anarsistler\/","title":{"rendered":"Marx ve Anar\u015fistler"},"content":{"rendered":"<p>Anar\u015fistler, yerle\u015fik de\u011ferleri sorgulamaya ve kabul g\u00f6rm\u00fc\u015f ger\u00e7eklik ve dogmalara soru imi koymaya te\u015fne olan radikalizmi \u00f6rneklemektedir. S\u0131ras\u0131yla y\u00f6nelttikleri sorular\u0131 yan\u0131tlaman\u0131n bir\u00e7ok yolu vard\u0131r; Marx\u2019\u0131n verdi\u011fi yan\u0131tlar\u0131n bir \u00f6nemi vard\u0131r. Bu \u00f6nemin ne olabilece\u011fini anlamak amac\u0131yla Marx\u2019\u0131n, anar\u015fist rakiplerine ve onlar hakk\u0131nda s\u00f6ylediklerine bakmaya ve anar\u015fistlerin \u00e7e\u015fitli arg\u00fcmanlar\u0131n\u0131 Marx\u2019\u0131n nas\u0131l kar\u015f\u0131lad\u0131\u011f\u0131n\u0131 incelemeye giri\u015ftim. \u00c7al\u0131\u015fmam\u0131n dayand\u0131\u011f\u0131 temel sorunlar\u0131n \u00e7\u00f6z\u00fcme kavu\u015fturulmas\u0131nda bu inceleme yetersiz kalsa da -zaten bu \u00e7al\u0131\u015fma herhangi bir \u015fekilde son noktay\u0131 koyma iddias\u0131 g\u00fctmemektedir-umulan odur ki, incelemem, erkenden rafa kald\u0131r\u0131lmay\u0131 pek hak etmemi\u015f bir anla\u015fmazl\u0131\u011f\u0131 a\u00e7\u0131\u011fa \u00e7\u0131karacakt\u0131r. Anla\u015fmazl\u0131k konular\u0131 olanca y\u0131k\u0131c\u0131l\u0131\u011f\u0131yla orta yerde durmaktad\u0131r; bunlar\u0131n art\u0131k ge\u00e7mi\u015fte kald\u0131\u011f\u0131n\u0131 bildiren ard\u0131\u015f\u0131k yaz\u0131lar b\u00fcy\u00fck \u00f6l\u00e7\u00fcde abart\u0131lm\u0131\u015ft\u0131r. S\u00f6z konusu meselelere de\u011fgin tart\u0131\u015fmalar\u0131 te\u015fvik etmek, ki umudum budur, \u00f6yle olmayabilir . <\/p>\n","protected":false},"excerpt":{"rendered":"<p>Anar\u015fistler, yerle\u015fik de\u011ferleri sorgulamaya ve kabul g\u00f6rm\u00fc\u015f ger\u00e7eklik ve dogmalara soru imi koymaya te\u015fne olan radikalizmi \u00f6rneklemektedir. S\u0131ras\u0131yla y\u00f6nelttikleri sorular\u0131 yan\u0131tlaman\u0131n bir\u00e7ok yolu vard\u0131r; Marx\u2019\u0131n verdi\u011fi<span class=\"excerpt-hellip\"> [\u2026]<\/span><\/p>\n","protected":false},"featured_media":0,"template":"","meta":{"_monsterinsights_skip_tracking":false,"_monsterinsights_sitenote_active":false,"_monsterinsights_sitenote_note":"","_monsterinsights_sitenote_category":0},"product_brand":[],"product_cat":[12965,12337],"product_tag":[],"class_list":{"0":"post-697602","1":"product","2":"type-product","3":"status-publish","5":"product_cat-genel-politika","6":"product_cat-politika-siyaset","7":"pa_cilt-ciltsiz","8":"pa_tur-kitap","9":"pa_yayinevi-utopya-yayinevi","10":"pa_yazar-paul-thomas","12":"first","13":"instock","14":"sale","15":"shipping-taxable","16":"purchasable","17":"product-type-simple"},"_links":{"self":[{"href":"https:\/\/roveyayinevi.com.tr\/index.php\/wp-json\/wp\/v2\/product\/697602","targetHints":{"allow":["GET"]}}],"collection":[{"href":"https:\/\/roveyayinevi.com.tr\/index.php\/wp-json\/wp\/v2\/product"}],"about":[{"href":"https:\/\/roveyayinevi.com.tr\/index.php\/wp-json\/wp\/v2\/types\/product"}],"wp:attachment":[{"href":"https:\/\/roveyayinevi.com.tr\/index.php\/wp-json\/wp\/v2\/media?parent=697602"}],"wp:term":[{"taxonomy":"product_brand","embeddable":true,"href":"https:\/\/roveyayinevi.com.tr\/index.php\/wp-json\/wp\/v2\/product_brand?post=697602"},{"taxonomy":"product_cat","embeddable":true,"href":"https:\/\/roveyayinevi.com.tr\/index.php\/wp-json\/wp\/v2\/product_cat?post=697602"},{"taxonomy":"product_tag","embeddable":true,"href":"https:\/\/roveyayinevi.com.tr\/index.php\/wp-json\/wp\/v2\/product_tag?post=697602"}],"curies":[{"name":"wp","href":"https:\/\/api.w.org\/{rel}","templated":true}]}}