{"id":697601,"date":"2025-08-27T14:40:49","date_gmt":"2025-08-27T11:40:49","guid":{"rendered":"https:\/\/roveyayinevi.com.tr\/index.php\/urun\/kuresellesme-mi-emperyalizm-mi-piyasaci-efsanenin-cokusu\/"},"modified":"2026-01-29T02:12:48","modified_gmt":"2026-01-28T23:12:48","slug":"kuresellesme-mi-emperyalizm-mi-piyasaci-efsanenin-cokusu","status":"publish","type":"product","link":"https:\/\/roveyayinevi.com.tr\/index.php\/urun\/kuresellesme-mi-emperyalizm-mi-piyasaci-efsanenin-cokusu\/","title":{"rendered":"K\u00fcreselle\u015fme mi? Emperyalizm mi? Piyasac\u0131 Efsanenin \u00c7\u00f6k\u00fc\u015f\u00fc"},"content":{"rendered":"<p>Marx ve Engels\u2019in 1848 de kaleme ald\u0131\u011f\u0131 Kom\u00fcnist Manifesto\u2019nun, 150. y\u0131l\u0131nda Paris\u2019te  Kazan\u0131lacak Bir D\u00fcnya  Uluslararas\u0131 Bulu\u015fmas\u0131 (13-16 May\u0131s) ger\u00e7ekle\u015ftirildi. S\u00f6z konusu uluslararas\u0131 bulu\u015fman\u0131n \u00f6nemli temalar\u0131ndan biri de K\u00fcreselle\u015fme Neo-liberalizm ve Emperyalizmdi. Yves Dezalay ve Bryant Garth\u2019in  Washington Konsens\u00fcs\u00fc  ve Frederic Lebaron\u2019un  Ekonomi Emperyalizmi  ba\u015fl\u0131\u011f\u0131n\u0131 ta\u015f\u0131yan yaz\u0131lar d\u0131\u015f\u0131ndakiler s\u00f6z konusu \u2018bulu\u015fma\u2019da sunulan bildirilerden se\u00e7ildi. Bu kitap, \u2018k\u00fcreselle\u015fme\u2019 konusu ile ilgili ilgin\u00e7 saptamalar\u0131 ve ele\u015ftirileri i\u00e7eriyor. Fikret Ba\u015fkaya\u2019n\u0131n da ifade etti\u011fi gibi  emperyalizm dememek i\u00e7in k\u00fcreselle\u015fme deniyor. Ve emperyalizm b\u00fcy\u00fck insanl\u0131\u011fa a\u00e7l\u0131k, yoksulluk, sefalet ve \u00e7evre tahribat\u0131 d\u0131\u015f\u0131nda hi\u00e7 bir \u015fey teklif etmiyor. <\/p>\n","protected":false},"excerpt":{"rendered":"<p>Marx ve Engels\u2019in 1848 de kaleme ald\u0131\u011f\u0131 Kom\u00fcnist Manifesto\u2019nun, 150. y\u0131l\u0131nda Paris\u2019te Kazan\u0131lacak Bir D\u00fcnya Uluslararas\u0131 Bulu\u015fmas\u0131 (13-16 May\u0131s) ger\u00e7ekle\u015ftirildi. S\u00f6z konusu uluslararas\u0131 bulu\u015fman\u0131n \u00f6nemli temalar\u0131ndan<span class=\"excerpt-hellip\"> [\u2026]<\/span><\/p>\n","protected":false},"featured_media":0,"template":"","meta":{"_monsterinsights_skip_tracking":false,"_monsterinsights_sitenote_active":false,"_monsterinsights_sitenote_note":"","_monsterinsights_sitenote_category":0},"product_brand":[],"product_cat":[12337,14543],"product_tag":[],"class_list":{"0":"post-697601","1":"product","2":"type-product","3":"status-publish","5":"product_cat-politika-siyaset","6":"product_cat-turkiye-siyaseti-ve-politikasi","7":"pa_cilt-ciltsiz","8":"pa_tur-kitap","9":"pa_yayinevi-utopya-yayinevi","10":"pa_yazar-derleme","12":"first","13":"instock","14":"sale","15":"shipping-taxable","16":"purchasable","17":"product-type-simple"},"_links":{"self":[{"href":"https:\/\/roveyayinevi.com.tr\/index.php\/wp-json\/wp\/v2\/product\/697601","targetHints":{"allow":["GET"]}}],"collection":[{"href":"https:\/\/roveyayinevi.com.tr\/index.php\/wp-json\/wp\/v2\/product"}],"about":[{"href":"https:\/\/roveyayinevi.com.tr\/index.php\/wp-json\/wp\/v2\/types\/product"}],"wp:attachment":[{"href":"https:\/\/roveyayinevi.com.tr\/index.php\/wp-json\/wp\/v2\/media?parent=697601"}],"wp:term":[{"taxonomy":"product_brand","embeddable":true,"href":"https:\/\/roveyayinevi.com.tr\/index.php\/wp-json\/wp\/v2\/product_brand?post=697601"},{"taxonomy":"product_cat","embeddable":true,"href":"https:\/\/roveyayinevi.com.tr\/index.php\/wp-json\/wp\/v2\/product_cat?post=697601"},{"taxonomy":"product_tag","embeddable":true,"href":"https:\/\/roveyayinevi.com.tr\/index.php\/wp-json\/wp\/v2\/product_tag?post=697601"}],"curies":[{"name":"wp","href":"https:\/\/api.w.org\/{rel}","templated":true}]}}