{"id":697600,"date":"2025-08-27T14:40:49","date_gmt":"2025-08-27T11:40:49","guid":{"rendered":"https:\/\/roveyayinevi.com.tr\/index.php\/urun\/anneannem-bulutlari-boyuyor\/"},"modified":"2026-04-16T02:07:18","modified_gmt":"2026-04-15T23:07:18","slug":"anneannem-bulutlari-boyuyor","status":"publish","type":"product","link":"https:\/\/roveyayinevi.com.tr\/index.php\/urun\/anneannem-bulutlari-boyuyor\/","title":{"rendered":"Anneannem Bulutlar\u0131 Boyuyor"},"content":{"rendered":"<p>Bir g\u00fcn g\u00f6ky\u00fcz\u00fcne bak\u0131p da bulutlar\u0131 meyve ya da \u00e7i\u00e7ek bi\u00e7iminde rengarenk g\u00f6r\u00fcrseniz; ya da palto ve atk\u0131yla dola\u015fan bir kedicik \u00f6n\u00fcn\u00fczden ge\u00e7iverirse sak\u0131n \u015fa\u015f\u0131rmay\u0131n \u00e7ocuklar. Hepsinde Metin\u2019in anneannesinin parma\u011f\u0131 vard\u0131r mutlaka.<\/p>\n","protected":false},"excerpt":{"rendered":"<p>Bir g\u00fcn g\u00f6ky\u00fcz\u00fcne bak\u0131p da bulutlar\u0131 meyve ya da \u00e7i\u00e7ek bi\u00e7iminde rengarenk g\u00f6r\u00fcrseniz; ya da palto ve atk\u0131yla dola\u015fan bir kedicik \u00f6n\u00fcn\u00fczden ge\u00e7iverirse sak\u0131n \u015fa\u015f\u0131rmay\u0131n \u00e7ocuklar.<span class=\"excerpt-hellip\"> [\u2026]<\/span><\/p>\n","protected":false},"featured_media":0,"template":"","meta":{"_monsterinsights_skip_tracking":false,"_monsterinsights_sitenote_active":false,"_monsterinsights_sitenote_note":"","_monsterinsights_sitenote_category":0},"product_brand":[],"product_cat":[12274,12284],"product_tag":[],"class_list":{"0":"post-697600","1":"product","2":"type-product","3":"status-publish","5":"product_cat-cocuk-ve-genclik-kitaplari","6":"product_cat-hikayeler","7":"pa_cilt-ciltsiz","8":"pa_tur-kitap","9":"pa_yayinevi-bilgi-yayinevi-cocuk","10":"pa_yazar-muzaffer-izgu","12":"first","13":"instock","14":"sale","15":"shipping-taxable","16":"purchasable","17":"product-type-simple"},"_links":{"self":[{"href":"https:\/\/roveyayinevi.com.tr\/index.php\/wp-json\/wp\/v2\/product\/697600","targetHints":{"allow":["GET"]}}],"collection":[{"href":"https:\/\/roveyayinevi.com.tr\/index.php\/wp-json\/wp\/v2\/product"}],"about":[{"href":"https:\/\/roveyayinevi.com.tr\/index.php\/wp-json\/wp\/v2\/types\/product"}],"wp:attachment":[{"href":"https:\/\/roveyayinevi.com.tr\/index.php\/wp-json\/wp\/v2\/media?parent=697600"}],"wp:term":[{"taxonomy":"product_brand","embeddable":true,"href":"https:\/\/roveyayinevi.com.tr\/index.php\/wp-json\/wp\/v2\/product_brand?post=697600"},{"taxonomy":"product_cat","embeddable":true,"href":"https:\/\/roveyayinevi.com.tr\/index.php\/wp-json\/wp\/v2\/product_cat?post=697600"},{"taxonomy":"product_tag","embeddable":true,"href":"https:\/\/roveyayinevi.com.tr\/index.php\/wp-json\/wp\/v2\/product_tag?post=697600"}],"curies":[{"name":"wp","href":"https:\/\/api.w.org\/{rel}","templated":true}]}}