{"id":697596,"date":"2025-08-27T14:40:48","date_gmt":"2025-08-27T11:40:48","guid":{"rendered":"https:\/\/roveyayinevi.com.tr\/index.php\/urun\/kuresellesme-kadin-ve-yeni-ataerki\/"},"modified":"2026-01-29T02:12:48","modified_gmt":"2026-01-28T23:12:48","slug":"kuresellesme-kadin-ve-yeni-ataerki","status":"publish","type":"product","link":"https:\/\/roveyayinevi.com.tr\/index.php\/urun\/kuresellesme-kadin-ve-yeni-ataerki\/","title":{"rendered":"K\u00fcreselle\u015fme Kad\u0131n ve Yeni &#8211; Ataerki"},"content":{"rendered":"<p>Belki sonda s\u00f6ylenmesi gerekeni ba\u015fta s\u00f6ylemekte yarar var: bu kitapta yer alan yaz\u0131lar \u2018feminist\u2019 bir bak\u0131\u015f a\u00e7\u0131s\u0131yla kaleme al\u0131nmad\u0131. Evet, her biri, kad\u0131nlar\u0131 boyunduruk alt\u0131nda tutan binlerce y\u0131ll\u0131k ataerki ve onun \u2018postmodern\u2019 versiyonu neo-liberal ataerkiyle hesapla\u015fmay\u0131 hedefliyor; ama \u2018feminist\u2019 bir perspektiften kalk\u0131nm\u0131yorlar. \u00c7\u00fcnk\u00fc feminizm tan\u0131m\u0131 gere\u011fi, \u2018s\u0131n\u0131f\/etnisite\/toplumsal cinsiyet\u2019 e\u015fitsizliklerinin (belki birbiriyle ili\u015fkili, ama) farkl\u0131 nedensellik ve dinamiklere yasland\u0131\u011f\u0131 yolundaki bir \u00f6nkabulden kalk\u0131nmaktad\u0131r; dolay\u0131s\u0131yla (\u2018postmodern\u2019 olarak tan\u0131mlanabilecek) \u2018par\u00e7al\u0131\u2019 bir tasar\u0131ma i\u00e7kindir. Bu kitapta yer alan yaz\u0131lar ise, s\u0131n\u0131f, etnisite\/ulus ve\/ile toplumsal cinsiyet ili\u015fkilerindeki e\u015fitsizlikler ve hiyerar\u015fik dizilimin ortak bir kaynaktan t\u00fcredi\u011fi kavray\u0131\u015f\u0131na yaslan\u0131yorlar. Ve bu ortak kayna\u011f\u0131, \u2018ataerki\u2019 olarak sapt\u0131yorlar. Bize g\u00f6re ataerki nihai olarak \u2018iktisadi\u2019 (g\u00fc\u00e7l\u00fclerin g\u00fc\u00e7s\u00fczleri ve\/veya erkeklerin kad\u0131nlar\u0131 \u2018s\u00f6m\u00fcrmesi\u2019, \u00fcrettikleri art\u0131 de\u011fere el koymas\u0131) olarak a\u00e7\u0131klanabilecek bir kategori de\u011fildir. Ataerkinin daha \u00e7ok, her t\u00fcrl\u00fc s\u00f6m\u00fcr\u00fc ili\u015fkisini olanakl\u0131 k\u0131lan, payandalayan ve kendini her t\u00fcrl\u00fc s\u00f6m\u00fcr\u00fc formuna esnek\u00e7e uyarlayabilen iktidar\/tahakk\u00fcm, bir ba\u015fka deyi\u015fle gelmi\u015f ge\u00e7mi\u015f t\u00fcm iktidar bi\u00e7imlerinin asli tan\u0131mlay\u0131c\u0131s\u0131 olarak kavramsalla\u015ft\u0131r\u0131lmas\u0131 gerekti\u011fi d\u00fc\u015f\u00fcncesindeyiz. Tahakk\u00fcm (iktidar) ve s\u00f6m\u00fcr\u00fc aras\u0131nda bir \u00f6ncelik\/\u00f6ndelik-sonral\u0131k ili\u015fkisi kurgulanmas\u0131ndansa, bu ikisinin, madalyonun birbirini m\u00fcmk\u00fcn k\u0131lan iki y\u00fcz\u00fc olarak alg\u0131lanmas\u0131 gerekti\u011fini vurguluyoruz. <\/p>\n","protected":false},"excerpt":{"rendered":"<p>Belki sonda s\u00f6ylenmesi gerekeni ba\u015fta s\u00f6ylemekte yarar var: bu kitapta yer alan yaz\u0131lar \u2018feminist\u2019 bir bak\u0131\u015f a\u00e7\u0131s\u0131yla kaleme al\u0131nmad\u0131. Evet, her biri, kad\u0131nlar\u0131 boyunduruk alt\u0131nda tutan<span class=\"excerpt-hellip\"> [\u2026]<\/span><\/p>\n","protected":false},"featured_media":0,"template":"","meta":{"_monsterinsights_skip_tracking":false,"_monsterinsights_sitenote_active":false,"_monsterinsights_sitenote_note":"","_monsterinsights_sitenote_category":0},"product_brand":[],"product_cat":[12312,12304],"product_tag":[],"class_list":{"0":"post-697596","1":"product","2":"type-product","3":"status-publish","5":"product_cat-diger","6":"product_cat-tarih","7":"pa_cilt-ciltsiz","8":"pa_tur-kitap","9":"pa_yayinevi-utopya-yayinevi","10":"pa_yazar-derleme","12":"first","13":"instock","14":"sale","15":"shipping-taxable","16":"purchasable","17":"product-type-simple"},"_links":{"self":[{"href":"https:\/\/roveyayinevi.com.tr\/index.php\/wp-json\/wp\/v2\/product\/697596","targetHints":{"allow":["GET"]}}],"collection":[{"href":"https:\/\/roveyayinevi.com.tr\/index.php\/wp-json\/wp\/v2\/product"}],"about":[{"href":"https:\/\/roveyayinevi.com.tr\/index.php\/wp-json\/wp\/v2\/types\/product"}],"wp:attachment":[{"href":"https:\/\/roveyayinevi.com.tr\/index.php\/wp-json\/wp\/v2\/media?parent=697596"}],"wp:term":[{"taxonomy":"product_brand","embeddable":true,"href":"https:\/\/roveyayinevi.com.tr\/index.php\/wp-json\/wp\/v2\/product_brand?post=697596"},{"taxonomy":"product_cat","embeddable":true,"href":"https:\/\/roveyayinevi.com.tr\/index.php\/wp-json\/wp\/v2\/product_cat?post=697596"},{"taxonomy":"product_tag","embeddable":true,"href":"https:\/\/roveyayinevi.com.tr\/index.php\/wp-json\/wp\/v2\/product_tag?post=697596"}],"curies":[{"name":"wp","href":"https:\/\/api.w.org\/{rel}","templated":true}]}}