{"id":697595,"date":"2025-08-27T14:40:47","date_gmt":"2025-08-27T11:40:47","guid":{"rendered":"https:\/\/roveyayinevi.com.tr\/index.php\/urun\/kultur-halleri-gecmiste-otelerde-gunumuzde\/"},"modified":"2026-01-29T02:12:48","modified_gmt":"2026-01-28T23:12:48","slug":"kultur-halleri-gecmiste-otelerde-gunumuzde","status":"publish","type":"product","link":"https:\/\/roveyayinevi.com.tr\/index.php\/urun\/kultur-halleri-gecmiste-otelerde-gunumuzde\/","title":{"rendered":"K\u00fclt\u00fcr Halleri Ge\u00e7mi\u015fte, \u00d6telerde, G\u00fcn\u00fcm\u00fczde"},"content":{"rendered":"<p>Bu kitapta yer alan yaz\u0131lar\u0131n her biri, yine de, insan(lar)\u0131n kendi(leri)ne insanca bir d\u00fcnya yaratabilme yetisine g\u00fcven ve umutla kaleme al\u0131nd\u0131. Farkl\u0131 tarihlerde yaz\u0131lmalar\u0131na ve farkl\u0131 konular\u0131 irdelemelerine kar\u015f\u0131n t\u00fcm\u00fc birka\u00e7 \u00f6nc\u00fcle dayan\u0131yor. Neler mi? -\u00d6ncelikle k\u00fclt\u00fcrel bi\u00e7imleni\u015fle emek s\u00fcreci aras\u0131ndaki kopart\u0131l(a)maz ba\u011flant\u0131ya&#8230; -\u0130kinci olarak, k\u00fclt\u00fcrlerin, toplumlar \u00fczerinde, atalar\u0131n\u0131n buyurgan miras\u0131 olmaktan \u00e7ok, ya\u015fayan ku\u015faklar\u0131n elinde s\u00fcrekli yeniden yorumlana-bilen\/bi\u00e7imlendirilebilen esnek kendilikler oldu\u011funa&#8230;-Ve k\u00fclt\u00fcr\u00fcn her toplumda, egemenlere denetim ara\u00e7lar\u0131 sa\u011flad\u0131\u011f\u0131 kadar, ezilenlerin \u00f6rt\u00fcl\u00fc ya da a\u00e7\u0131k direni\u015flerinin silahlar\u0131n\u0131 da sa\u011flayageldi\u011fine&#8230; Bu \u00f6nc\u00fcllerin, ge\u00e7mi\u015fin oldu\u011fu kadar, bug\u00fcn\u00fcn d\u00fcnyas\u0131n\u0131n yorumlan\u0131\u015f\u0131 i\u00e7in de ge\u00e7erli oldu\u011fu kan\u0131s\u0131nday\u0131m. Kitapta yer alan yaz\u0131lar, ge\u00e7mi\u015fte,  \u00f6telerde  ve g\u00fcn\u00fcm\u00fczde, insan\u00ee bir yar\u0131n\u0131 bi\u00e7imlendirecek ipu\u00e7lar\u0131n\u0131n aray\u0131\u015f\u0131n\u0131 seslendiri-yorlar.  \u0130nsan\u0131m, insan olan hi\u00e7bir \u015fey bana yabanc\u0131 de\u011fildir,  diyen bir empati ve Kuzey damgal\u0131 talan alt\u0131nda giderek k\u0131r\u0131lganla\u015fan gezegenimizde, ya\u015fanabilir, bar\u0131\u015f\u0131k ve emekten yana bir gelece\u011fi t\u00fcm  \u00f6tekiler le ortakla\u015fma umut ve bilinciyle&#8230; <\/p>\n","protected":false},"excerpt":{"rendered":"<p>Bu kitapta yer alan yaz\u0131lar\u0131n her biri, yine de, insan(lar)\u0131n kendi(leri)ne insanca bir d\u00fcnya yaratabilme yetisine g\u00fcven ve umutla kaleme al\u0131nd\u0131. Farkl\u0131 tarihlerde yaz\u0131lmalar\u0131na ve farkl\u0131<span class=\"excerpt-hellip\"> [\u2026]<\/span><\/p>\n","protected":false},"featured_media":0,"template":"","meta":{"_monsterinsights_skip_tracking":false,"_monsterinsights_sitenote_active":false,"_monsterinsights_sitenote_note":"","_monsterinsights_sitenote_category":0},"product_brand":[],"product_cat":[13489,13488],"product_tag":[],"class_list":{"0":"post-697595","1":"product","2":"type-product","3":"status-publish","5":"product_cat-populer-kultur","6":"product_cat-toplum-ve-insan","7":"pa_cilt-ciltsiz","8":"pa_tur-kitap","9":"pa_yayinevi-utopya-yayinevi","10":"pa_yazar-sibel-ozbudun","12":"first","13":"instock","14":"sale","15":"shipping-taxable","16":"purchasable","17":"product-type-simple"},"_links":{"self":[{"href":"https:\/\/roveyayinevi.com.tr\/index.php\/wp-json\/wp\/v2\/product\/697595","targetHints":{"allow":["GET"]}}],"collection":[{"href":"https:\/\/roveyayinevi.com.tr\/index.php\/wp-json\/wp\/v2\/product"}],"about":[{"href":"https:\/\/roveyayinevi.com.tr\/index.php\/wp-json\/wp\/v2\/types\/product"}],"wp:attachment":[{"href":"https:\/\/roveyayinevi.com.tr\/index.php\/wp-json\/wp\/v2\/media?parent=697595"}],"wp:term":[{"taxonomy":"product_brand","embeddable":true,"href":"https:\/\/roveyayinevi.com.tr\/index.php\/wp-json\/wp\/v2\/product_brand?post=697595"},{"taxonomy":"product_cat","embeddable":true,"href":"https:\/\/roveyayinevi.com.tr\/index.php\/wp-json\/wp\/v2\/product_cat?post=697595"},{"taxonomy":"product_tag","embeddable":true,"href":"https:\/\/roveyayinevi.com.tr\/index.php\/wp-json\/wp\/v2\/product_tag?post=697595"}],"curies":[{"name":"wp","href":"https:\/\/api.w.org\/{rel}","templated":true}]}}