{"id":697593,"date":"2025-08-27T14:40:47","date_gmt":"2025-08-27T11:40:47","guid":{"rendered":"https:\/\/roveyayinevi.com.tr\/index.php\/urun\/kiyamete-ceyrek-kala-ekoloji-yazilari\/"},"modified":"2026-01-29T02:12:48","modified_gmt":"2026-01-28T23:12:48","slug":"kiyamete-ceyrek-kala-ekoloji-yazilari","status":"publish","type":"product","link":"https:\/\/roveyayinevi.com.tr\/index.php\/urun\/kiyamete-ceyrek-kala-ekoloji-yazilari\/","title":{"rendered":"K\u0131yamete \u00c7eyrek Kala! Ekoloji Yaz\u0131lar\u0131"},"content":{"rendered":"<p>Her g\u00fcn biraz daha fazla a\u00e7\u0131\u011fa \u00e7\u0131k\u0131yor: kapitalist k\u00e2r h\u0131rs\u0131 \u00e7evreyi s\u00fcrd\u00fcr\u00fclemez k\u0131larken, yaln\u0131zca insanl\u0131\u011f\u0131n d\u0131\u015flanmas\u0131n\u0131 de\u011fil, ayn\u0131 zamanda yery\u00fcz\u00fcn\u00fcn y\u0131k\u0131m\u0131n\u0131 da beraberinde getirmekte. Y\u0131k\u0131m, bir bak\u0131ma kapitalizmin kontrold\u0131\u015f\u0131 sonu\u00e7lar\u0131 olan hava, su ve topra\u011f\u0131n gerid\u00f6n\u00fc\u015fs\u00fcz boyutlarda kirlenmesinin yan\u0131s\u0131ra, uzay\u0131n s\u00f6m\u00fcrgele\u015ftirilmesi, canl\u0131lar\u0131n genlerine biyoteknolojik m\u00fcdahale gibi bilin\u00e7li uygulamalarla da gelmekte. Karl Marx\u2019\u0131n deyi\u015fiyle,  Tek bilim tan\u0131yoruz, o da tarih bilimidir. Tarihin iki y\u00fcz\u00fc vard\u0131r, o do\u011fan\u0131n tarihi ve insan\u0131n tarihi olarak ikiye ayr\u0131labilir. Bununla birlikte bu iki y\u00fcz\u00fc birbirinden koparamay\u0131z. \u0130nsanlar varolduk\u00e7a do\u011fan\u0131n tarihi ve insan\u0131n tarihi birbirlerine ba\u011f\u0131ml\u0131d\u0131r , g\u00f6r\u00fc\u015f\u00fcn\u00fcn \u00fcr\u00fcn\u00fc olan bu kitap, k\u00fcresel kapitalizm ko\u015fullar\u0131nda s\u00fcrd\u00fcr\u00fclemez hale gelen ya\u015fam\u0131n \u00e7e\u015fitli y\u00f6nlerini irdelerken, ekolojik m\u00fccadelenin anti-kapitalist bir m\u00fccadele olmas\u0131 zorunlulu\u011funa dikkat \u00e7ekiyor. <\/p>\n","protected":false},"excerpt":{"rendered":"<p>Her g\u00fcn biraz daha fazla a\u00e7\u0131\u011fa \u00e7\u0131k\u0131yor: kapitalist k\u00e2r h\u0131rs\u0131 \u00e7evreyi s\u00fcrd\u00fcr\u00fclemez k\u0131larken, yaln\u0131zca insanl\u0131\u011f\u0131n d\u0131\u015flanmas\u0131n\u0131 de\u011fil, ayn\u0131 zamanda yery\u00fcz\u00fcn\u00fcn y\u0131k\u0131m\u0131n\u0131 da beraberinde getirmekte. Y\u0131k\u0131m, bir<span class=\"excerpt-hellip\"> [\u2026]<\/span><\/p>\n","protected":false},"featured_media":0,"template":"","meta":{"_monsterinsights_skip_tracking":false,"_monsterinsights_sitenote_active":false,"_monsterinsights_sitenote_note":"","_monsterinsights_sitenote_category":0},"product_brand":[],"product_cat":[16098,12337],"product_tag":[],"class_list":{"0":"post-697593","1":"product","2":"type-product","3":"status-publish","5":"product_cat-politik-akimlar-hareketler","6":"product_cat-politika-siyaset","7":"pa_cilt-ciltsiz","8":"pa_tur-kitap","9":"pa_yayinevi-utopya-yayinevi","10":"pa_yazar-temel-demirer","12":"first","13":"instock","14":"sale","15":"shipping-taxable","16":"purchasable","17":"product-type-simple"},"_links":{"self":[{"href":"https:\/\/roveyayinevi.com.tr\/index.php\/wp-json\/wp\/v2\/product\/697593","targetHints":{"allow":["GET"]}}],"collection":[{"href":"https:\/\/roveyayinevi.com.tr\/index.php\/wp-json\/wp\/v2\/product"}],"about":[{"href":"https:\/\/roveyayinevi.com.tr\/index.php\/wp-json\/wp\/v2\/types\/product"}],"wp:attachment":[{"href":"https:\/\/roveyayinevi.com.tr\/index.php\/wp-json\/wp\/v2\/media?parent=697593"}],"wp:term":[{"taxonomy":"product_brand","embeddable":true,"href":"https:\/\/roveyayinevi.com.tr\/index.php\/wp-json\/wp\/v2\/product_brand?post=697593"},{"taxonomy":"product_cat","embeddable":true,"href":"https:\/\/roveyayinevi.com.tr\/index.php\/wp-json\/wp\/v2\/product_cat?post=697593"},{"taxonomy":"product_tag","embeddable":true,"href":"https:\/\/roveyayinevi.com.tr\/index.php\/wp-json\/wp\/v2\/product_tag?post=697593"}],"curies":[{"name":"wp","href":"https:\/\/api.w.org\/{rel}","templated":true}]}}