{"id":697592,"date":"2025-08-27T14:40:47","date_gmt":"2025-08-27T11:40:47","guid":{"rendered":"https:\/\/roveyayinevi.com.tr\/index.php\/urun\/kent-ve-halk-kent-uzerine-alternatif-dusunceler\/"},"modified":"2026-01-29T02:12:48","modified_gmt":"2026-01-28T23:12:48","slug":"kent-ve-halk-kent-uzerine-alternatif-dusunceler","status":"publish","type":"product","link":"https:\/\/roveyayinevi.com.tr\/index.php\/urun\/kent-ve-halk-kent-uzerine-alternatif-dusunceler\/","title":{"rendered":"Kent ve Halk Kent \u00dczerine Alternatif D\u00fc\u015f\u00fcnceler"},"content":{"rendered":"<p>&#8220;Yerle\u015fim bir hizmet veya meta de\u011fildir.Yerle\u015fim bir \u00f6zerliktir:bir araya gelme \u00f6zg\u00fcrl\u00fc\u011f\u00fcd\u00fcr,ger\u00e7ek hak sahiplerinin -halk\u0131n-karar verme \u00f6zg\u00fcrl\u00fc\u011f\u00fcd\u00fcr.&#8221;-Jean Robert-Habitat uluslararas\u0131 koalisyonu taraf\u0131ndan bas\u0131ma haz\u0131rlanan Meksika \u00dcniversitesi Arkeoloji Profes\u00f6r\u00fc Jean Robert&#8217;in bu kitab\u0131, halk\u00e7\u0131 yerle\u015fim fikir ve uygulamalar\u0131n yaz\u0131lmam\u0131\u015f tarihini yaz\u0131ya d\u00f6kmeyi ama\u00e7l\u0131yor. Kitap sadece kentle\u015fme tart\u0131\u015fmalar\u0131 ve somut uygulamalar\u0131n\u0131 aktarmakla kalmay\u0131p, konut sorunu \u00fczerinde ayr\u0131nt\u0131l\u0131 bir analiz sonras\u0131 alternatif bir proje de geli\u015ftiriyor. <\/p>\n","protected":false},"excerpt":{"rendered":"<p>&#8220;Yerle\u015fim bir hizmet veya meta de\u011fildir.Yerle\u015fim bir \u00f6zerliktir:bir araya gelme \u00f6zg\u00fcrl\u00fc\u011f\u00fcd\u00fcr,ger\u00e7ek hak sahiplerinin -halk\u0131n-karar verme \u00f6zg\u00fcrl\u00fc\u011f\u00fcd\u00fcr.&#8221;-Jean Robert-Habitat uluslararas\u0131 koalisyonu taraf\u0131ndan bas\u0131ma haz\u0131rlanan Meksika \u00dcniversitesi Arkeoloji Profes\u00f6r\u00fc<span class=\"excerpt-hellip\"> [\u2026]<\/span><\/p>\n","protected":false},"featured_media":0,"template":"","meta":{"_monsterinsights_skip_tracking":false,"_monsterinsights_sitenote_active":false,"_monsterinsights_sitenote_note":"","_monsterinsights_sitenote_category":0},"product_brand":[],"product_cat":[12767,12324],"product_tag":[],"class_list":{"0":"post-697592","1":"product","2":"type-product","3":"status-publish","5":"product_cat-kentlesme-modernlesme","6":"product_cat-sosyoloji","7":"pa_cilt-ciltsiz","8":"pa_tur-kitap","9":"pa_yayinevi-utopya-yayinevi","10":"pa_yazar-jean-robert","12":"first","13":"instock","14":"sale","15":"shipping-taxable","16":"purchasable","17":"product-type-simple"},"_links":{"self":[{"href":"https:\/\/roveyayinevi.com.tr\/index.php\/wp-json\/wp\/v2\/product\/697592","targetHints":{"allow":["GET"]}}],"collection":[{"href":"https:\/\/roveyayinevi.com.tr\/index.php\/wp-json\/wp\/v2\/product"}],"about":[{"href":"https:\/\/roveyayinevi.com.tr\/index.php\/wp-json\/wp\/v2\/types\/product"}],"wp:attachment":[{"href":"https:\/\/roveyayinevi.com.tr\/index.php\/wp-json\/wp\/v2\/media?parent=697592"}],"wp:term":[{"taxonomy":"product_brand","embeddable":true,"href":"https:\/\/roveyayinevi.com.tr\/index.php\/wp-json\/wp\/v2\/product_brand?post=697592"},{"taxonomy":"product_cat","embeddable":true,"href":"https:\/\/roveyayinevi.com.tr\/index.php\/wp-json\/wp\/v2\/product_cat?post=697592"},{"taxonomy":"product_tag","embeddable":true,"href":"https:\/\/roveyayinevi.com.tr\/index.php\/wp-json\/wp\/v2\/product_tag?post=697592"}],"curies":[{"name":"wp","href":"https:\/\/api.w.org\/{rel}","templated":true}]}}