{"id":697591,"date":"2025-08-27T14:40:46","date_gmt":"2025-08-27T11:40:46","guid":{"rendered":"https:\/\/roveyayinevi.com.tr\/index.php\/urun\/anneannem-cankurtaran\/"},"modified":"2026-04-16T02:07:18","modified_gmt":"2026-04-15T23:07:18","slug":"anneannem-cankurtaran","status":"publish","type":"product","link":"https:\/\/roveyayinevi.com.tr\/index.php\/urun\/anneannem-cankurtaran\/","title":{"rendered":"Anneannem Cankurtaran"},"content":{"rendered":"<p>Cankurtaranl\u0131k yapan bir anneanneyle ge\u00e7irilecek yaz tatili kimbilir ne kadar e\u011flenceli olurdu.  Anneannemin Ak\u0131l Almaz Maceralar\u0131 dizisinin bu roman\u0131nda Hikmet Teyze, cankurtaranl\u0131\u011fa merak sar\u0131yor ve torunu Metin\u2019le arkada\u015flar\u0131n\u0131 hem \u015fa\u015f\u0131rt\u0131yor, hem mutlu ediyor.  Renkli \u00e7izimlerle yenilenen Anneannemin Ak\u0131l Almaz Maceralar\u0131 serisi, kitapl\u0131\u011f\u0131n\u0131zda yer almaya haz\u0131r.<\/p>\n","protected":false},"excerpt":{"rendered":"<p>Cankurtaranl\u0131k yapan bir anneanneyle ge\u00e7irilecek yaz tatili kimbilir ne kadar e\u011flenceli olurdu. Anneannemin Ak\u0131l Almaz Maceralar\u0131 dizisinin bu roman\u0131nda Hikmet Teyze, cankurtaranl\u0131\u011fa merak sar\u0131yor ve torunu<span class=\"excerpt-hellip\"> [\u2026]<\/span><\/p>\n","protected":false},"featured_media":0,"template":"","meta":{"_monsterinsights_skip_tracking":false,"_monsterinsights_sitenote_active":false,"_monsterinsights_sitenote_note":"","_monsterinsights_sitenote_category":0},"product_brand":[],"product_cat":[12274,12284],"product_tag":[],"class_list":{"0":"post-697591","1":"product","2":"type-product","3":"status-publish","5":"product_cat-cocuk-ve-genclik-kitaplari","6":"product_cat-hikayeler","7":"pa_cilt-ciltsiz","8":"pa_tur-kitap","9":"pa_yayinevi-bilgi-yayinevi-cocuk","10":"pa_yazar-muzaffer-izgu","12":"first","13":"instock","14":"sale","15":"shipping-taxable","16":"purchasable","17":"product-type-simple"},"_links":{"self":[{"href":"https:\/\/roveyayinevi.com.tr\/index.php\/wp-json\/wp\/v2\/product\/697591","targetHints":{"allow":["GET"]}}],"collection":[{"href":"https:\/\/roveyayinevi.com.tr\/index.php\/wp-json\/wp\/v2\/product"}],"about":[{"href":"https:\/\/roveyayinevi.com.tr\/index.php\/wp-json\/wp\/v2\/types\/product"}],"wp:attachment":[{"href":"https:\/\/roveyayinevi.com.tr\/index.php\/wp-json\/wp\/v2\/media?parent=697591"}],"wp:term":[{"taxonomy":"product_brand","embeddable":true,"href":"https:\/\/roveyayinevi.com.tr\/index.php\/wp-json\/wp\/v2\/product_brand?post=697591"},{"taxonomy":"product_cat","embeddable":true,"href":"https:\/\/roveyayinevi.com.tr\/index.php\/wp-json\/wp\/v2\/product_cat?post=697591"},{"taxonomy":"product_tag","embeddable":true,"href":"https:\/\/roveyayinevi.com.tr\/index.php\/wp-json\/wp\/v2\/product_tag?post=697591"}],"curies":[{"name":"wp","href":"https:\/\/api.w.org\/{rel}","templated":true}]}}