{"id":697590,"date":"2025-08-27T14:40:46","date_gmt":"2025-08-27T11:40:46","guid":{"rendered":"https:\/\/roveyayinevi.com.tr\/index.php\/urun\/kayi-1-ertugrulun-ocagi\/"},"modified":"2026-04-16T02:07:18","modified_gmt":"2026-04-15T23:07:18","slug":"kayi-1-ertugrulun-ocagi","status":"publish","type":"product","link":"https:\/\/roveyayinevi.com.tr\/index.php\/urun\/kayi-1-ertugrulun-ocagi\/","title":{"rendered":"Kay\u0131 1 &#8211; Ertu\u011frul&#8217;un Oca\u011f\u0131"},"content":{"rendered":"<p>Ey ba\u011flar\u0131m\u0131n tatl\u0131 meyvesi olan O\u011ful!, Saltanat\u0131na ma\u011frur olma. Unutma ki d\u00fcnya Hazreti S\u00fcleyman&#8217;a kalmam\u0131\u015ft\u0131r. Unutma ki d\u00fcnya saltanat\u0131 ge\u00e7icidir. Lakin b\u00fcy\u00fck bir f\u0131rsatt\u0131r. Allah yolunda hizmet ve Peygamberimiz Aleyhisselam&#8217;\u0131n \u015fefaatine mazhariyet i\u00e7in bu f\u0131rsat\u0131 iyi de\u011ferlendir! D\u00fcnyaya ahiret \u00f6l\u00e7\u00fcs\u00fcyle bakarsan; ebedi saadeti feda etmeye de\u011fmedi\u011fini g\u00f6receksin.- Orhan GaziTelevizyon programlar\u0131 ile yediden yetmi\u015fe tarihi sevdiren Prof. Dr. Ahmet \u015eim\u015firgil; Osmano\u011fullar\u0131&#8217;n\u0131n ser\u00fcvenini kitaplarla anlatmaya devam ediyor. \u015eim\u015firgil, tamamen ilmi kaynaklardan beslenerek ve her ya\u015ftan tarih severin kolayl\u0131kla okuyup anlayabilece\u011fi bir \u00fcslupla haz\u0131rlad\u0131\u011f\u0131 Kay\u0131 serisiyle tarihimizi \u00f6nyarg\u0131s\u0131z ve objektif bir \u015fekilde okuyucunun de\u011ferlendirmesine sunuyor.Serinin ilk kitab\u0131 Kay\u0131 1: Ertu\u011frul&#8217;un Oca\u011f\u0131&#8217;yla yazar, Osmanl\u0131 \u0130mparatorlu\u011fu&#8217;nun kurulu\u015funu, bir devlet haline gelme merhalelerini, Ertu\u011frul Gazi, Osman Gazi, Orhan Gazi, I. Murad, Y\u0131ld\u0131r\u0131m Bayezid Han ve \u00c7elebi Mehmed&#8217;in saltanat y\u0131llar\u0131n\u0131 d\u00f6nemin en \u00f6nemli kroniklerinden faydalanarak nefis bir \u00fcslupla de\u011ferlendiriyor. Ayr\u0131ca her padi\u015fah\u0131n bilinmeyen y\u00f6nleri, k\u0131l\u0131\u00e7tan keskin s\u00f6zleri, \u015fiirleri, hocalar\u0131, dostlar\u0131\/d\u00fc\u015fmanlar\u0131 ve imar faaliyetleri tek tek anlat\u0131l\u0131yor.Bu kitapta; adaleti, \u015fefkati ve ho\u015fg\u00f6r\u00fcs\u00fcyle kalpleri kazanan; yi\u011fitli\u011fi, cesareti ve mertli\u011fiyle dosta g\u00fcven, d\u00fc\u015fmana korku salan; d\u00fcnya siyasetini y\u00f6nlendiren; k\u00fclt\u00fcr ve medeniyet hamleleri ile g\u00f6z kama\u015ft\u0131ran Osmanl\u0131&#8217;n\u0131n kurulu\u015f hikayesini bir tarih ziyafeti tad\u0131nda okuyacaks\u0131n\u0131z. <\/p>\n","protected":false},"excerpt":{"rendered":"<p>Ey ba\u011flar\u0131m\u0131n tatl\u0131 meyvesi olan O\u011ful!, Saltanat\u0131na ma\u011frur olma. Unutma ki d\u00fcnya Hazreti S\u00fcleyman&#8217;a kalmam\u0131\u015ft\u0131r. Unutma ki d\u00fcnya saltanat\u0131 ge\u00e7icidir. Lakin b\u00fcy\u00fck bir f\u0131rsatt\u0131r. Allah yolunda<span class=\"excerpt-hellip\"> [\u2026]<\/span><\/p>\n","protected":false},"featured_media":0,"template":"","meta":{"_monsterinsights_skip_tracking":false,"_monsterinsights_sitenote_active":false,"_monsterinsights_sitenote_note":"","_monsterinsights_sitenote_category":0},"product_brand":[],"product_cat":[13517,12304],"product_tag":[],"class_list":{"0":"post-697590","1":"product","2":"type-product","3":"status-publish","5":"product_cat-osmanli-tarihi","6":"product_cat-tarih","7":"pa_cilt-ciltsiz","8":"pa_tur-kitap","9":"pa_yayinevi-timas-yayinlari","10":"pa_yazar-ahmet-simsirgil","12":"first","13":"instock","14":"sale","15":"shipping-taxable","16":"purchasable","17":"product-type-simple"},"_links":{"self":[{"href":"https:\/\/roveyayinevi.com.tr\/index.php\/wp-json\/wp\/v2\/product\/697590","targetHints":{"allow":["GET"]}}],"collection":[{"href":"https:\/\/roveyayinevi.com.tr\/index.php\/wp-json\/wp\/v2\/product"}],"about":[{"href":"https:\/\/roveyayinevi.com.tr\/index.php\/wp-json\/wp\/v2\/types\/product"}],"wp:attachment":[{"href":"https:\/\/roveyayinevi.com.tr\/index.php\/wp-json\/wp\/v2\/media?parent=697590"}],"wp:term":[{"taxonomy":"product_brand","embeddable":true,"href":"https:\/\/roveyayinevi.com.tr\/index.php\/wp-json\/wp\/v2\/product_brand?post=697590"},{"taxonomy":"product_cat","embeddable":true,"href":"https:\/\/roveyayinevi.com.tr\/index.php\/wp-json\/wp\/v2\/product_cat?post=697590"},{"taxonomy":"product_tag","embeddable":true,"href":"https:\/\/roveyayinevi.com.tr\/index.php\/wp-json\/wp\/v2\/product_tag?post=697590"}],"curies":[{"name":"wp","href":"https:\/\/api.w.org\/{rel}","templated":true}]}}