{"id":697584,"date":"2025-08-27T14:40:45","date_gmt":"2025-08-27T11:40:45","guid":{"rendered":"https:\/\/roveyayinevi.com.tr\/index.php\/urun\/imaj-gormenin-kultur-ve-politikasi\/"},"modified":"2026-04-16T02:07:18","modified_gmt":"2026-04-15T23:07:18","slug":"imaj-gormenin-kultur-ve-politikasi","status":"publish","type":"product","link":"https:\/\/roveyayinevi.com.tr\/index.php\/urun\/imaj-gormenin-kultur-ve-politikasi\/","title":{"rendered":"\u0130maj G\u00f6rmenin K\u00fclt\u00fcr Ve Politikas\u0131"},"content":{"rendered":"<p>Neden internetin siberalan\u0131na s\u0131\u011f\u0131nmak istiyoruz? Ekran d\u00fcnyaya bak\u0131\u015f\u0131m\u0131z\u0131 ve onunla ili\u015fkimizi nas\u0131l etkiliyor? K\u00fclt\u00fcr\u00fcm\u00fcz imaja m\u0131 bo\u011fuluyor? \u0130maj, hayat\u0131m\u0131z\u0131 ne \u00f6l\u00e7\u00fcde etkiliyor. Art\u0131k, cinselli\u011fimizi bile sanal ger\u00e7ek\u00e7ilik arac\u0131l\u0131\u011f\u0131yla ya\u015f\u0131yor; siberalan\u0131n s\u00f6zde-hijyenik ortam\u0131nda fl\u00f6rt ediyoruz: Dokunmadan! Evden \u00e7\u0131kmadan sanal bir cemaat yoluyla toplumsalla\u015farak sat\u0131n al\u0131yor, evleniyor, otomobil kullan\u0131yoruz&#8230; D\u0131\u015far\u0131 \u00e7\u0131kt\u0131\u011f\u0131m\u0131zda ise ma\u011fazalarda, m\u00fczelerde, cafelerde, mitinglerde g\u00fcvenlik kameralar\u0131, amat\u00f6r kameralar ve televizyon kameralar\u0131 taraf\u0131ndan her an izleniyoruz. Televizyonda \u00d6teki\u2019lerin ya\u015famlar\u0131n\u0131 ve \u00f6l\u00fcmlerini naklen izliyoruz. Ad\u0131: Teknolojik devrim. \u0130maj,  teknolojik devrim  s\u00f6ylemlerinin ve bu s\u00f6ylemlerin zeminin olu\u015fturan sanal ger\u00e7ek\u00e7ilik, g\u00f6zetleme ve sava\u015f teknolojileri gibi olgular\u0131n ele\u015ftirel bir incelemesi. G\u00f6r\u00fcnt\u00fc teknolojisinin, dayand\u0131\u011f\u0131 toplumsal d\u00fczenden, politik geli\u015fmelerden ve g\u00fcndelik ya\u015fant\u0131lardan ba\u011f\u0131ms\u0131z bir  kendi i\u00e7inde -varl\u0131k  olarak ele al\u0131n\u0131p i\u00e7inin bo\u015falt\u0131lmas\u0131na, feti\u015fle\u015ftirilmesine kar\u015f\u0131 \u00e7\u0131kan Kevin Robins, tekno-k\u00fclt\u00fcr\u00fcn \u00fcretim, yeniden \u00fcretim ve yayg\u0131nla\u015fma s\u00fcreci b\u00fcy\u00fcte\u00e7 alt\u0131na al\u0131n\u0131yor. Robins\u2019e g\u00f6re sanal ger\u00e7eklik, i\u00e7inde ya\u015fad\u0131\u011f\u0131m\u0131z d\u00fcnyan\u0131n ka\u00e7\u0131n\u0131lmaz politik ve k\u00fclt\u00fcrel ger\u00e7eklerinden biridir; ama medya kuramc\u0131lar\u0131n\u0131n da katk\u0131s\u0131yla kurumsalla\u015fan bu d\u00fcnya, alternatif bir s\u00f6ylem geli\u015ftirmek yerine, dijital imaj teknolojilerinin geli\u015ftirilmesine harcanan milyonlarca dolar\u0131n ard\u0131ndaki as\u0131l politik kayg\u0131 ve ama\u00e7lar\u0131 g\u00f6zlerden gizlemeye yaramaktad\u0131r. Ayn\u0131 \u015fekilde, teknolojik geli\u015fmeye d\u00fcz\u00fclen \u00f6vg\u00fcler, bu alandaki yeni ileti\u015fim bi\u00e7imlerinin, \u00f6zneler olarak ya\u015fam\u0131m\u0131z\u0131 nas\u0131l etkiledi\u011fi ve belirledi\u011fi meselesini g\u00f6lgede b\u0131rakmaktad\u0131r. Oysa, tekno-k\u00fclt\u00fcr\u00fcn do\u011fas\u0131n\u0131 ve vaat ettiklerini anlayabilmek, onu g\u00fcndelik hayattan kopuk bir \u00fctopya olarak y\u00fcceltmekle de\u011fil;  ger\u00e7ek  politik ve toplumsal nedenlerine ili\u015fkin bir kaz\u0131 yapmakla m\u00fcmk\u00fcnd\u00fcr. Sanal ger\u00e7eklikten dijital imajlara, foto\u011fraftan sinemaya,  reality  \u015fovlardan sava\u015f b\u00fcltenlerine dek uzanan geni\u015f bir konu yelpazesini g\u00fcndeminde bulunduran \u0130maj, okurken s\u0131k s\u0131k nefesimizi kesen g\u00fcndelik ya\u015fam\u0131n s\u0131radan anlar\u0131nda teknoloji \u00fcr\u00fcnleri ve imajlarla ili\u015fkimizi ba\u015fka bir g\u00f6zle de\u011ferlendirip sorgulamam\u0131z\u0131 te\u015fvik eden bir kitap. <\/p>\n","protected":false},"excerpt":{"rendered":"<p>Neden internetin siberalan\u0131na s\u0131\u011f\u0131nmak istiyoruz? Ekran d\u00fcnyaya bak\u0131\u015f\u0131m\u0131z\u0131 ve onunla ili\u015fkimizi nas\u0131l etkiliyor? K\u00fclt\u00fcr\u00fcm\u00fcz imaja m\u0131 bo\u011fuluyor? \u0130maj, hayat\u0131m\u0131z\u0131 ne \u00f6l\u00e7\u00fcde etkiliyor. Art\u0131k, cinselli\u011fimizi bile sanal<span class=\"excerpt-hellip\"> [\u2026]<\/span><\/p>\n","protected":false},"featured_media":0,"template":"","meta":{"_monsterinsights_skip_tracking":false,"_monsterinsights_sitenote_active":false,"_monsterinsights_sitenote_note":"","_monsterinsights_sitenote_category":0},"product_brand":[],"product_cat":[13633,12324],"product_tag":[],"class_list":{"0":"post-697584","1":"product","2":"type-product","3":"status-publish","5":"product_cat-kultur-ve-bilim","6":"product_cat-sosyoloji","7":"pa_cilt-ciltsiz","8":"pa_tur-kitap","9":"pa_yayinevi-ayrinti-yayinlari","10":"pa_yazar-kevin-robins","12":"first","13":"instock","14":"sale","15":"shipping-taxable","16":"purchasable","17":"product-type-simple"},"_links":{"self":[{"href":"https:\/\/roveyayinevi.com.tr\/index.php\/wp-json\/wp\/v2\/product\/697584","targetHints":{"allow":["GET"]}}],"collection":[{"href":"https:\/\/roveyayinevi.com.tr\/index.php\/wp-json\/wp\/v2\/product"}],"about":[{"href":"https:\/\/roveyayinevi.com.tr\/index.php\/wp-json\/wp\/v2\/types\/product"}],"wp:attachment":[{"href":"https:\/\/roveyayinevi.com.tr\/index.php\/wp-json\/wp\/v2\/media?parent=697584"}],"wp:term":[{"taxonomy":"product_brand","embeddable":true,"href":"https:\/\/roveyayinevi.com.tr\/index.php\/wp-json\/wp\/v2\/product_brand?post=697584"},{"taxonomy":"product_cat","embeddable":true,"href":"https:\/\/roveyayinevi.com.tr\/index.php\/wp-json\/wp\/v2\/product_cat?post=697584"},{"taxonomy":"product_tag","embeddable":true,"href":"https:\/\/roveyayinevi.com.tr\/index.php\/wp-json\/wp\/v2\/product_tag?post=697584"}],"curies":[{"name":"wp","href":"https:\/\/api.w.org\/{rel}","templated":true}]}}