{"id":697583,"date":"2025-08-27T14:40:44","date_gmt":"2025-08-27T11:40:44","guid":{"rendered":"https:\/\/roveyayinevi.com.tr\/index.php\/urun\/iktisadi-aklin-elestirisi\/"},"modified":"2026-04-16T02:07:18","modified_gmt":"2026-04-15T23:07:18","slug":"iktisadi-aklin-elestirisi","status":"publish","type":"product","link":"https:\/\/roveyayinevi.com.tr\/index.php\/urun\/iktisadi-aklin-elestirisi\/","title":{"rendered":"\u0130ktisadi Akl\u0131n Ele\u015ftirisi"},"content":{"rendered":"<p>Kapitalistler, \u201cduvar\u201d\u0131n y\u0131k\u0131l\u0131\u015f\u0131n\u0131n ard\u0131ndan kendileri i\u00e7in daha uygun bir \u201cvah\u015fet\u201d ortam\u0131n\u0131n olu\u015fmas\u0131n\u0131n sevinciyle \u201csolun \u00f6ld\u00fc\u011f\u00fcn\u00fc\u201d ilan ettiler. Oysa \u00f6len, kapitalizmin platformundan \u00e7\u0131kamad\u0131\u011f\u0131 i\u00e7in gayri insani bir niteli\u011fe b\u00fcr\u00fcnen reel-sosyalizmdi&#8230; \u201cDuvar\u201d\u0131n y\u0131k\u0131lmas\u0131ndan \u00f6nce de reel-sosyalizme kar\u015f\u0131 \u00e7\u0131kan Gorz, bu kitab\u0131nda, kapitalizmin ve reel-sosyalizmin benzerliklerini g\u00f6stererek as\u0131l onlar\u0131n \u00f6ld\u00fc\u011f\u00fcn\u00fc s\u00f6yler. Ve onlar\u0131 a\u015fan, alternatif bir sosyalizmin as\u0131l \u015fimdi m\u00fcmk\u00fcn oldu\u011funu g\u00f6sterir. Sanayi toplumlar\u0131n\u0131n iki y\u00fczy\u0131ll\u0131k \u00fctopyas\u0131 olan kapitalizmin ve reel-sosyalizmin \u00e7\u00f6kt\u00fc\u011f\u00fcn\u00fc, bu krizin, modernli\u011fin de\u011fil, modernli\u011fin \u00fczerinde y\u00fckseldi\u011fi \u00f6nermelerin; akl\u0131n de\u011fil, ak\u0131lc\u0131la\u015ft\u0131rmalar\u0131n krizi oldu\u011funu s\u00f6yleyerek yeni bir sosyalist \u00fctopya imk\u00e2nlar\u0131n\u0131 tart\u0131\u015f\u0131r. \u00d6ncelikle \u201cher \u015feyin say\u0131labilir ve sat\u0131labilir oldu\u011fu\u201d, \u201cdaha fazlan\u0131n daha de\u011ferli oldu\u011fu\u201d iktisadi ak\u0131lsall\u0131\u011f\u0131 reddeder. \u0130ktisadi akl\u0131n kutsalla\u015ft\u0131rd\u0131\u011f\u0131 \u201c\u00e7al\u0131\u015fma\u201dy\u0131 sert bir bi\u00e7imde ele\u015ftirirken \u00fcretim, t\u00fcketim, verimlilik kavramlar\u0131n\u0131 da sorgular. Ona g\u00f6re \u201c\u00e7al\u0131\u015fma\u201d modernli\u011fin evlad\u0131 olan kapitalizm taraf\u0131ndan dinsel ve ak\u0131ld\u0131\u015f\u0131 gerek\u00e7elerle ibadete d\u00f6n\u00fc\u015ft\u00fcr\u00fclm\u00fc\u015ft\u00fcr. Kapitalizmin \u201c\u00e7al\u0131\u015fma ideolojisi\u201dni \u00f6d\u00fcn\u00e7 alan reel-sosyalizm ise p\u00fcriten eti\u011fin yerine \u201csosyalist vatan\u201d ve \u201cparti\u201d eti\u011fini ge\u00e7irerek \u201c\u00e7al\u0131\u015fma\u201dn\u0131n \u00f6z\u00fcne ve hiyerar\u015fisine dokunmam\u0131\u015f, b\u00f6ylece, insan\u0131n k\u00f6lele\u015ftirilmesine ve yabanc\u0131la\u015ft\u0131r\u0131lmas\u0131na katk\u0131da bulunmu\u015ftur. Gorz ise alternatif bir sosyalizmin esas olarak \u201cbo\u015f zaman toplumu\u201d olmas\u0131 gerekti\u011fini savunur.Mutlulu\u011fun, t\u00fcketime ve \u00e7al\u0131\u015fmaya de\u011fil, duygusal ve k\u00fclt\u00fcrel al\u0131\u015fveri\u015fin yo\u011funlu\u011funa ba\u011fl\u0131 oldu\u011funu; \u201cbo\u015f zaman\u201d\u0131n yarat\u0131c\u0131l\u0131\u011fa, birlikte ya\u015fama becerisinin geli\u015ftirilmesine, sanata, oyuna ve a\u015fka imk\u00e2n verdi\u011fini anlat\u0131r. Ve hangi toplumsal \u00f6rg\u00fctlenme alt\u0131nda olursa olsun \u201c\u00e7al\u0131\u015fmak i\u00e7in mi ya\u015f\u0131yoruz, ya\u015famak i\u00e7in mi \u00e7al\u0131\u015f\u0131yoruz\u201d sorusuna verilecek cevaba dikkat \u00e7eker. Bu cevap, ayn\u0131 zamanda, nas\u0131l bir toplumda ya\u015famak istedi\u011fimizi ve ya\u015fama verdi\u011fimiz anlam\u0131n niteli\u011fini de g\u00f6sterecektir. Kapitalizmin vah\u015feti kar\u015f\u0131s\u0131nda ya\u015fanabilir ve uygulanabilir bir \u00fctopya arayanlara&#8230; Her \u015feyi say\u0131lan, sat\u0131lan ve t\u00fcketilen bir anlay\u0131\u015fa indirgeyen \u201ciktisadi akl\u0131\u201d sorgulamadan yeni bir sosyalizmin kurulamayaca\u011f\u0131na inananlara&#8230; Sevginin, \u015fefkatin, dostlu\u011fun ve a\u015fk\u0131n \u00fcretimden daha \u00f6nemli oldu\u011funu d\u00fc\u015f\u00fcnenlere&#8230; Ve bir sabah i\u015fe gitmeyi, sevgilisine dokunmak i\u00e7in reddedenlere&#8230; <\/p>\n","protected":false},"excerpt":{"rendered":"<p>Kapitalistler, \u201cduvar\u201d\u0131n y\u0131k\u0131l\u0131\u015f\u0131n\u0131n ard\u0131ndan kendileri i\u00e7in daha uygun bir \u201cvah\u015fet\u201d ortam\u0131n\u0131n olu\u015fmas\u0131n\u0131n sevinciyle \u201csolun \u00f6ld\u00fc\u011f\u00fcn\u00fc\u201d ilan ettiler. Oysa \u00f6len, kapitalizmin platformundan \u00e7\u0131kamad\u0131\u011f\u0131 i\u00e7in gayri insani bir<span class=\"excerpt-hellip\"> [\u2026]<\/span><\/p>\n","protected":false},"featured_media":0,"template":"","meta":{"_monsterinsights_skip_tracking":false,"_monsterinsights_sitenote_active":false,"_monsterinsights_sitenote_note":"","_monsterinsights_sitenote_category":0},"product_brand":[],"product_cat":[13590,12337],"product_tag":[],"class_list":{"0":"post-697583","1":"product","2":"type-product","3":"status-publish","5":"product_cat-arastirma-inceleme-politika-siyaset","6":"product_cat-politika-siyaset","7":"pa_cilt-ciltsiz","8":"pa_tur-kitap","9":"pa_yayinevi-ayrinti-yayinlari","10":"pa_yazar-andre-gorz","12":"first","13":"instock","14":"sale","15":"shipping-taxable","16":"purchasable","17":"product-type-simple"},"_links":{"self":[{"href":"https:\/\/roveyayinevi.com.tr\/index.php\/wp-json\/wp\/v2\/product\/697583","targetHints":{"allow":["GET"]}}],"collection":[{"href":"https:\/\/roveyayinevi.com.tr\/index.php\/wp-json\/wp\/v2\/product"}],"about":[{"href":"https:\/\/roveyayinevi.com.tr\/index.php\/wp-json\/wp\/v2\/types\/product"}],"wp:attachment":[{"href":"https:\/\/roveyayinevi.com.tr\/index.php\/wp-json\/wp\/v2\/media?parent=697583"}],"wp:term":[{"taxonomy":"product_brand","embeddable":true,"href":"https:\/\/roveyayinevi.com.tr\/index.php\/wp-json\/wp\/v2\/product_brand?post=697583"},{"taxonomy":"product_cat","embeddable":true,"href":"https:\/\/roveyayinevi.com.tr\/index.php\/wp-json\/wp\/v2\/product_cat?post=697583"},{"taxonomy":"product_tag","embeddable":true,"href":"https:\/\/roveyayinevi.com.tr\/index.php\/wp-json\/wp\/v2\/product_tag?post=697583"}],"curies":[{"name":"wp","href":"https:\/\/api.w.org\/{rel}","templated":true}]}}