{"id":697582,"date":"2025-08-27T14:40:44","date_gmt":"2025-08-27T11:40:44","guid":{"rendered":"https:\/\/roveyayinevi.com.tr\/index.php\/urun\/ibni-haldun-tarih-biliminin-dogusu\/"},"modified":"2026-04-16T02:07:18","modified_gmt":"2026-04-15T23:07:18","slug":"ibni-haldun-tarih-biliminin-dogusu","status":"publish","type":"product","link":"https:\/\/roveyayinevi.com.tr\/index.php\/urun\/ibni-haldun-tarih-biliminin-dogusu\/","title":{"rendered":"\u0130bni Haldun: Tarih Biliminin Do\u011fu\u015fu"},"content":{"rendered":"<p>Hak etti\u011fi ilgiyi ne Do\u011fu\u2019da ne de Bat\u0131\u2019da g\u00f6ren, 14. y\u00fczy\u0131lda ya\u015fam\u0131\u015f Arap d\u00fc\u015f\u00fcn\u00fcr \u0130bni Haldun\u2019un \u00f6nemini A.Toynbee \u015fu s\u00f6zlerle dile getiriyor: \u0130bni Haldun \u00f6yle bir tarih felsefesi tasarlam\u0131\u015f ve ortaya koymu\u015ftur ki, bug\u00fcne kadar hi\u00e7bir yetenek, hi\u00e7bir d\u00f6nemde, hi\u00e7bir \u00fclkede b\u00f6ylesine b\u00fcy\u00fck bit yap\u0131t yaratamam\u0131\u015ft\u0131r.<\/p>\n","protected":false},"excerpt":{"rendered":"<p>Hak etti\u011fi ilgiyi ne Do\u011fu\u2019da ne de Bat\u0131\u2019da g\u00f6ren, 14. y\u00fczy\u0131lda ya\u015fam\u0131\u015f Arap d\u00fc\u015f\u00fcn\u00fcr \u0130bni Haldun\u2019un \u00f6nemini A.Toynbee \u015fu s\u00f6zlerle dile getiriyor: \u0130bni Haldun \u00f6yle bir<span class=\"excerpt-hellip\"> [\u2026]<\/span><\/p>\n","protected":false},"featured_media":0,"template":"","meta":{"_monsterinsights_skip_tracking":false,"_monsterinsights_sitenote_active":false,"_monsterinsights_sitenote_note":"","_monsterinsights_sitenote_category":0},"product_brand":[],"product_cat":[12305,12304],"product_tag":[],"class_list":{"0":"post-697582","1":"product","2":"type-product","3":"status-publish","5":"product_cat-dunya-tarihi","6":"product_cat-tarih","7":"pa_cilt-ciltsiz","8":"pa_tur-kitap","9":"pa_yayinevi-ayrinti-yayinlari","10":"pa_yazar-yves-lacoste","12":"first","13":"instock","14":"sale","15":"shipping-taxable","16":"purchasable","17":"product-type-simple"},"_links":{"self":[{"href":"https:\/\/roveyayinevi.com.tr\/index.php\/wp-json\/wp\/v2\/product\/697582","targetHints":{"allow":["GET"]}}],"collection":[{"href":"https:\/\/roveyayinevi.com.tr\/index.php\/wp-json\/wp\/v2\/product"}],"about":[{"href":"https:\/\/roveyayinevi.com.tr\/index.php\/wp-json\/wp\/v2\/types\/product"}],"wp:attachment":[{"href":"https:\/\/roveyayinevi.com.tr\/index.php\/wp-json\/wp\/v2\/media?parent=697582"}],"wp:term":[{"taxonomy":"product_brand","embeddable":true,"href":"https:\/\/roveyayinevi.com.tr\/index.php\/wp-json\/wp\/v2\/product_brand?post=697582"},{"taxonomy":"product_cat","embeddable":true,"href":"https:\/\/roveyayinevi.com.tr\/index.php\/wp-json\/wp\/v2\/product_cat?post=697582"},{"taxonomy":"product_tag","embeddable":true,"href":"https:\/\/roveyayinevi.com.tr\/index.php\/wp-json\/wp\/v2\/product_tag?post=697582"}],"curies":[{"name":"wp","href":"https:\/\/api.w.org\/{rel}","templated":true}]}}