{"id":697581,"date":"2025-08-27T14:40:44","date_gmt":"2025-08-27T11:40:44","guid":{"rendered":"https:\/\/roveyayinevi.com.tr\/index.php\/urun\/calinan-tac-2\/"},"modified":"2026-04-12T02:08:40","modified_gmt":"2026-04-11T23:08:40","slug":"calinan-tac-2","status":"publish","type":"product","link":"https:\/\/roveyayinevi.com.tr\/index.php\/urun\/calinan-tac-2\/","title":{"rendered":"\u00c7al\u0131nan Ta\u00e7"},"content":{"rendered":"<p>16. y\u00fczy\u0131l\u0131n ikinci yar\u0131lar\u0131nda, bir g\u00fcz g\u00fcn\u00fc, Londra\u00b4da yoksul Canty ailesiyle varl\u0131kl\u0131 Tudor ailelerinin birer o\u011fullar\u0131 oldu. Cantyler i\u00e7in bu do\u011fum beklenmedik bir dert olmu\u015ftu.Tudorlar ise \u00e7ocu\u011fun do\u011fumunu sevin\u00e7le kar\u015f\u0131lad\u0131lar.<\/p>\n","protected":false},"excerpt":{"rendered":"<p>16. y\u00fczy\u0131l\u0131n ikinci yar\u0131lar\u0131nda, bir g\u00fcz g\u00fcn\u00fc, Londra\u00b4da yoksul Canty ailesiyle varl\u0131kl\u0131 Tudor ailelerinin birer o\u011fullar\u0131 oldu. Cantyler i\u00e7in bu do\u011fum beklenmedik bir dert olmu\u015ftu.Tudorlar ise<span class=\"excerpt-hellip\"> [\u2026]<\/span><\/p>\n","protected":false},"featured_media":0,"template":"","meta":{"_monsterinsights_skip_tracking":false,"_monsterinsights_sitenote_active":false,"_monsterinsights_sitenote_note":"","_monsterinsights_sitenote_category":0},"product_brand":[],"product_cat":[12274,12284],"product_tag":[],"class_list":{"0":"post-697581","1":"product","2":"type-product","3":"status-publish","5":"product_cat-cocuk-ve-genclik-kitaplari","6":"product_cat-hikayeler","7":"pa_cilt-ciltsiz","8":"pa_tur-kitap","9":"pa_yayinevi-inkilap-kitabevi","10":"pa_yazar-mark-twain","12":"first","13":"instock","14":"sale","15":"shipping-taxable","16":"purchasable","17":"product-type-simple"},"_links":{"self":[{"href":"https:\/\/roveyayinevi.com.tr\/index.php\/wp-json\/wp\/v2\/product\/697581","targetHints":{"allow":["GET"]}}],"collection":[{"href":"https:\/\/roveyayinevi.com.tr\/index.php\/wp-json\/wp\/v2\/product"}],"about":[{"href":"https:\/\/roveyayinevi.com.tr\/index.php\/wp-json\/wp\/v2\/types\/product"}],"wp:attachment":[{"href":"https:\/\/roveyayinevi.com.tr\/index.php\/wp-json\/wp\/v2\/media?parent=697581"}],"wp:term":[{"taxonomy":"product_brand","embeddable":true,"href":"https:\/\/roveyayinevi.com.tr\/index.php\/wp-json\/wp\/v2\/product_brand?post=697581"},{"taxonomy":"product_cat","embeddable":true,"href":"https:\/\/roveyayinevi.com.tr\/index.php\/wp-json\/wp\/v2\/product_cat?post=697581"},{"taxonomy":"product_tag","embeddable":true,"href":"https:\/\/roveyayinevi.com.tr\/index.php\/wp-json\/wp\/v2\/product_tag?post=697581"}],"curies":[{"name":"wp","href":"https:\/\/api.w.org\/{rel}","templated":true}]}}